{"id":20197,"date":"2025-10-08T15:23:54","date_gmt":"2025-10-08T11:23:54","guid":{"rendered":"https:\/\/setap.az\/?post_type=product&#038;p=20197"},"modified":"2025-10-08T15:23:54","modified_gmt":"2025-10-08T11:23:54","slug":"tiandy-tc-r3108-8port-video-recorder","status":"publish","type":"product","link":"https:\/\/setap.az\/?product=tiandy-tc-r3108-8port-video-recorder","title":{"rendered":"TIANDY TC-R3108 8Port  Video Recorder"},"content":{"rendered":"<p>TIANDY TC-R3108  Video Recorder<br \/>\n8 MP-\u0259 q\u0259d\u0259r q\u0259tnam\u0259 il\u0259 qo\u015fulmu\u015f kameralar\u0131n real vaxt rejimind\u0259 bax\u0131lmas\u0131n\u0131, saxlanmas\u0131n\u0131 v\u0259 oynat\u0131lmas\u0131n\u0131 d\u0259st\u0259kl\u0259yir.<br \/>\nGiri\u015f\/\u00e7\u0131x\u0131\u015f s\u00fcr\u0259ti: 60\/40 Mbit\/s<br \/>\nVideo formatlar\u0131: S+265\/H.265\/H.264<br \/>\n\u00dc\u00e7\u00fcnc\u00fc t\u0259r\u0259f \u015f\u0259b\u0259k\u0259 kameralar\u0131na qo\u015fulur<br \/>\n1 HDMI \u00e7\u0131x\u0131\u015f\u0131, USB giri\u015fi: 2xUSB 2.0<br \/>\n8\u00d710\/100BASE-T 802.3at, PoE enerji istehlak\u0131: 45 Vt<br \/>\n1\u00d7SATA III 3,5&#8221; 6 TB-\u0259 q\u0259d\u0259r<br \/>\n8 POE port<\/p>\n","protected":false},"excerpt":{"rendered":"<p>TIANDY TC-R3108 Video Recorder 8 MP-\u0259 q\u0259d\u0259r q\u0259tnam\u0259 il\u0259 qo\u015fulmu\u015f kameralar\u0131n real vaxt rejimind\u0259 bax\u0131lmas\u0131n\u0131, saxlanmas\u0131n\u0131 v\u0259 oynat\u0131lmas\u0131n\u0131 d\u0259st\u0259kl\u0259yir. Giri\u015f\/\u00e7\u0131x\u0131\u015f s\u00fcr\u0259ti: 60\/40 Mbit\/s Video formatlar\u0131: S+265\/H.265\/H.264 \u00dc\u00e7\u00fcnc\u00fc t\u0259r\u0259f \u015f\u0259b\u0259k\u0259 kameralar\u0131na qo\u015fulur 1 HDMI \u00e7\u0131x\u0131\u015f\u0131, USB giri\u015fi: 2xUSB 2.0 8\u00d710\/100BASE-T 802.3at, PoE enerji istehlak\u0131: 45 Vt 1\u00d7SATA III 3,5&#8221; 6 TB-\u0259 q\u0259d\u0259r 8 POE port<\/p>\n","protected":false},"featured_media":20196,"comment_status":"open","ping_status":"closed","template":"","meta":[],"product_cat":[4896,2850],"product_tag":[4983,4977,4985,4979,4982,4981,4967,4969,4984,4980,4978,4976,3134],"class_list":{"0":"post-20197","1":"product","2":"type-product","3":"status-publish","4":"has-post-thumbnail","6":"product_cat-tiandy","7":"product_cat-videoqeydiyyatcilar","8":"product_tag-24-7recording","9":"product_tag-8portnvr","10":"product_tag-businesssecurity","11":"product_tag-cctvstorage","12":"product_tag-highcapacity","13":"product_tag-ipcamerasupport","14":"product_tag-networkvideorecorder","15":"product_tag-poerecorder","16":"product_tag-remoteaccesshomesecurity","17":"product_tag-securityrecorder","18":"product_tag-surveillancesystem","19":"product_tag-tiandytc-r3108","20":"product_tag-videorecorder","21":"description-off","23":"first","24":"instock","25":"shipping-taxable","26":"purchasable","27":"product-type-simple"},"_links":{"self":[{"href":"https:\/\/setap.az\/index.php?rest_route=\/wp\/v2\/product\/20197","targetHints":{"allow":["GET"]}}],"collection":[{"href":"https:\/\/setap.az\/index.php?rest_route=\/wp\/v2\/product"}],"about":[{"href":"https:\/\/setap.az\/index.php?rest_route=\/wp\/v2\/types\/product"}],"replies":[{"embeddable":true,"href":"https:\/\/setap.az\/index.php?rest_route=%2Fwp%2Fv2%2Fcomments&post=20197"}],"wp:featuredmedia":[{"embeddable":true,"href":"https:\/\/setap.az\/index.php?rest_route=\/wp\/v2\/media\/20196"}],"wp:attachment":[{"href":"https:\/\/setap.az\/index.php?rest_route=%2Fwp%2Fv2%2Fmedia&parent=20197"}],"wp:term":[{"taxonomy":"product_cat","embeddable":true,"href":"https:\/\/setap.az\/index.php?rest_route=%2Fwp%2Fv2%2Fproduct_cat&post=20197"},{"taxonomy":"product_tag","embeddable":true,"href":"https:\/\/setap.az\/index.php?rest_route=%2Fwp%2Fv2%2Fproduct_tag&post=20197"}],"curies":[{"name":"wp","href":"https:\/\/api.w.org\/{rel}","templated":true}]}}