{"id":20198,"date":"2025-10-08T15:31:59","date_gmt":"2025-10-08T11:31:59","guid":{"rendered":"https:\/\/setap.az\/?post_type=product&#038;p=20198"},"modified":"2025-10-20T11:47:33","modified_gmt":"2025-10-20T07:47:33","slug":"ip-tiandy-tc-r3105-nvr-5-kanal","status":"publish","type":"product","link":"https:\/\/setap.az\/?product=ip-tiandy-tc-r3105-nvr-5-kanal","title":{"rendered":"TIANDY TC-R3105 NVR 5 kanal IP"},"content":{"rendered":"<p>IP TIANDY TC-R3105 NVR 5 kanal<br \/>\n5 kanall\u0131 IP videoregistrator 50Mbps\/40Mbps, 8MP-\u0259 q\u0259d\u0259r qeyd ay\u0131rdetm\u0259 qabiliyy\u0259ti, dekodla\u015fd\u0131rma 1*6MP, 3*1080p, 4*720p, video \u00e7\u0131x\u0131\u015f\u0131: 1 HDMI &#038; 1VGA eyni vaxtda, USB interfeysi: 2xUSB 2.0<\/p>\n","protected":false},"excerpt":{"rendered":"<p>IP TIANDY TC-R3105 NVR 5 kanal 5 kanall\u0131 IP videoregistrator 50Mbps\/40Mbps, 8MP-\u0259 q\u0259d\u0259r qeyd ay\u0131rdetm\u0259 qabiliyy\u0259ti, dekodla\u015fd\u0131rma 1*6MP, 3*1080p, 4*720p, video \u00e7\u0131x\u0131\u015f\u0131: 1 HDMI &#038; 1VGA eyni vaxtda, USB interfeysi: 2xUSB 2.0<\/p>\n","protected":false},"featured_media":20196,"comment_status":"open","ping_status":"closed","template":"","meta":[],"product_cat":[4896,2850],"product_tag":[4987,4985,3132,4971,2937,4981,4988,4967,3133,3036,4989,3130,3135,4986,3134],"class_list":{"0":"post-20198","1":"product","2":"type-product","3":"status-publish","4":"has-post-thumbnail","6":"product_cat-tiandy","7":"product_cat-videoqeydiyyatcilar","8":"product_tag-5channelnvr","9":"product_tag-businesssecurity","10":"product_tag-cctv","11":"product_tag-hdrecording","12":"product_tag-homesecurity","13":"product_tag-ipcamerasupport","14":"product_tag-ipkamerayaddas","15":"product_tag-networkvideorecorder","16":"product_tag-nvr","17":"product_tag-poenvr","18":"product_tag-remotemonitoring","19":"product_tag-securitysystem","20":"product_tag-surveillance","21":"product_tag-tiandytcr3105","22":"product_tag-videorecorder","23":"description-off","25":"first","26":"instock","27":"shipping-taxable","28":"purchasable","29":"product-type-simple"},"_links":{"self":[{"href":"https:\/\/setap.az\/index.php?rest_route=\/wp\/v2\/product\/20198","targetHints":{"allow":["GET"]}}],"collection":[{"href":"https:\/\/setap.az\/index.php?rest_route=\/wp\/v2\/product"}],"about":[{"href":"https:\/\/setap.az\/index.php?rest_route=\/wp\/v2\/types\/product"}],"replies":[{"embeddable":true,"href":"https:\/\/setap.az\/index.php?rest_route=%2Fwp%2Fv2%2Fcomments&post=20198"}],"wp:featuredmedia":[{"embeddable":true,"href":"https:\/\/setap.az\/index.php?rest_route=\/wp\/v2\/media\/20196"}],"wp:attachment":[{"href":"https:\/\/setap.az\/index.php?rest_route=%2Fwp%2Fv2%2Fmedia&parent=20198"}],"wp:term":[{"taxonomy":"product_cat","embeddable":true,"href":"https:\/\/setap.az\/index.php?rest_route=%2Fwp%2Fv2%2Fproduct_cat&post=20198"},{"taxonomy":"product_tag","embeddable":true,"href":"https:\/\/setap.az\/index.php?rest_route=%2Fwp%2Fv2%2Fproduct_tag&post=20198"}],"curies":[{"name":"wp","href":"https:\/\/api.w.org\/{rel}","templated":true}]}}