{"id":20203,"date":"2025-10-09T09:48:00","date_gmt":"2025-10-09T05:48:00","guid":{"rendered":"https:\/\/setap.az\/?post_type=product&#038;p=20203"},"modified":"2025-10-09T09:48:00","modified_gmt":"2025-10-09T05:48:00","slug":"tiandy-tc-r3240-v4-0-nvr-40-kanal-ip-8mp","status":"publish","type":"product","link":"https:\/\/setap.az\/?product=tiandy-tc-r3240-v4-0-nvr-40-kanal-ip-8mp","title":{"rendered":"Tiandy TC-R3240 V4.0 NVR \u2013 40 Kanal IP 8MP"},"content":{"rendered":"<p>Tiandy TC-R3240 V4.0 NVR \u2013 40 Kanal IP Video Qeydiyyat\u00e7\u0131<br \/>\n40 IP kameran\u0131 eyni anda idar\u0259 ed\u0259 bilir.<br \/>\n8 MP-\u0259 q\u0259d\u0259r g\u00f6r\u00fcnt\u00fc d\u0259st\u0259kl\u0259yir.<br \/>\nS+265 s\u0131x\u0131lma texnologiyas\u0131 il\u0259 daha az yadda\u015f tutur.<br \/>\n2 \u0259d\u0259d SATA yuvas\u0131 (h\u0259r biri 10 TB-a q\u0259d\u0259r), HDMI (4K) v\u0259 VGA \u00e7\u0131x\u0131\u015flar\u0131 var.<br \/>\nONVIF uy\u011fundur, 320 Mbps bant geni\u015fliyi v\u0259 sabit 1U metal korpusa malikdir.<\/p>\n","protected":false},"excerpt":{"rendered":"<p>Tiandy TC-R3240 V4.0 NVR \u2013 40 Kanal IP Video Qeydiyyat\u00e7\u0131 40 IP kameran\u0131 eyni anda idar\u0259 ed\u0259 bilir. 8 MP-\u0259 q\u0259d\u0259r g\u00f6r\u00fcnt\u00fc d\u0259st\u0259kl\u0259yir. S+265 s\u0131x\u0131lma texnologiyas\u0131 il\u0259 daha az yadda\u015f tutur. 2 \u0259d\u0259d SATA yuvas\u0131 (h\u0259r biri 10 TB-a q\u0259d\u0259r), HDMI (4K) v\u0259 VGA \u00e7\u0131x\u0131\u015flar\u0131 var. ONVIF uy\u011fundur, 320 Mbps bant geni\u015fliyi v\u0259 sabit 1U&hellip;<\/p>\n","protected":false},"featured_media":20204,"comment_status":"open","ping_status":"closed","template":"","meta":[],"product_cat":[4896,2850],"product_tag":[5007,5008,4985,3132,4982,2937,4991,4967,3133,3130,4975,4998,3135,4965,5006,3134],"class_list":{"0":"post-20203","1":"product","2":"type-product","3":"status-publish","4":"has-post-thumbnail","6":"product_cat-tiandy","7":"product_cat-videoqeydiyyatcilar","8":"product_tag-40channelnvr","9":"product_tag-4knvr","10":"product_tag-businesssecurity","11":"product_tag-cctv","12":"product_tag-highcapacity","13":"product_tag-homesecurity","14":"product_tag-ipvideorecorder","15":"product_tag-networkvideorecorder","16":"product_tag-nvr","17":"product_tag-securitysystem","18":"product_tag-smartsurveillance","19":"product_tag-splus265","20":"product_tag-surveillance","21":"product_tag-tiandynvr","22":"product_tag-tiandytcr3240","23":"product_tag-videorecorder","24":"description-off","26":"first","27":"instock","28":"shipping-taxable","29":"purchasable","30":"product-type-simple"},"_links":{"self":[{"href":"https:\/\/setap.az\/index.php?rest_route=\/wp\/v2\/product\/20203","targetHints":{"allow":["GET"]}}],"collection":[{"href":"https:\/\/setap.az\/index.php?rest_route=\/wp\/v2\/product"}],"about":[{"href":"https:\/\/setap.az\/index.php?rest_route=\/wp\/v2\/types\/product"}],"replies":[{"embeddable":true,"href":"https:\/\/setap.az\/index.php?rest_route=%2Fwp%2Fv2%2Fcomments&post=20203"}],"wp:featuredmedia":[{"embeddable":true,"href":"https:\/\/setap.az\/index.php?rest_route=\/wp\/v2\/media\/20204"}],"wp:attachment":[{"href":"https:\/\/setap.az\/index.php?rest_route=%2Fwp%2Fv2%2Fmedia&parent=20203"}],"wp:term":[{"taxonomy":"product_cat","embeddable":true,"href":"https:\/\/setap.az\/index.php?rest_route=%2Fwp%2Fv2%2Fproduct_cat&post=20203"},{"taxonomy":"product_tag","embeddable":true,"href":"https:\/\/setap.az\/index.php?rest_route=%2Fwp%2Fv2%2Fproduct_tag&post=20203"}],"curies":[{"name":"wp","href":"https:\/\/api.w.org\/{rel}","templated":true}]}}