{"id":20205,"date":"2025-10-09T09:56:53","date_gmt":"2025-10-09T05:56:53","guid":{"rendered":"https:\/\/setap.az\/?post_type=product&#038;p=20205"},"modified":"2025-10-09T09:56:53","modified_gmt":"2025-10-09T05:56:53","slug":"tiandy-tc-r3880-nvr-80-kanal-8mp","status":"publish","type":"product","link":"https:\/\/setap.az\/?product=tiandy-tc-r3880-nvr-80-kanal-8mp","title":{"rendered":"T\u0130ANDY TC-R3880  NVR 80 kanal 8MP"},"content":{"rendered":"<p>Q\u0131sa m\u0259lumat \u2013 TC-R3880 Spec I\/B\/N\/V4.0 NVR (80 kanal):<br \/>\n80 IP kameran\u0131 qo\u015fmaq imkan\u0131 \u2014 maksimum 8 MP g\u00f6r\u00fcnt\u00fcy\u0259 q\u0259d\u0259r i\u015fl\u0259yir<br \/>\nVideo s\u0131x\u0131lma formatlar\u0131: S+265, H.265, H.264<br \/>\n\u00c7\u0131x\u0131\u015f interfeysl\u0259ri: HDMI v\u0259 VGA (HDMI \u00e7\u0131x\u0131\u015f\u0131 4K d\u0259st\u0259yi il\u0259)<br \/>\nSaxlama \u00fc\u00e7\u00fcn 8 SATA yuvas\u0131 (h\u0259r biri ~10 TB-a q\u0259d\u0259r)<br \/>\n\u015e\u0259b\u0259k\u0259 interfeysi: 2 \u00d7 RJ-45 (10\/100\/1000 Mbps)<br \/>\nONVIF d\u0259st\u0259yi v\u0259 \u00fc\u00e7\u00fcnc\u00fc t\u0259r\u0259f kameralar\u0131 il\u0259 uy\u011funluq<\/p>\n","protected":false},"excerpt":{"rendered":"<p>Q\u0131sa m\u0259lumat \u2013 TC-R3880 Spec I\/B\/N\/V4.0 NVR (80 kanal): 80 IP kameran\u0131 qo\u015fmaq imkan\u0131 \u2014 maksimum 8 MP g\u00f6r\u00fcnt\u00fcy\u0259 q\u0259d\u0259r i\u015fl\u0259yir Video s\u0131x\u0131lma formatlar\u0131: S+265, H.265, H.264 \u00c7\u0131x\u0131\u015f interfeysl\u0259ri: HDMI v\u0259 VGA (HDMI \u00e7\u0131x\u0131\u015f\u0131 4K d\u0259st\u0259yi il\u0259) Saxlama \u00fc\u00e7\u00fcn 8 SATA yuvas\u0131 (h\u0259r biri ~10 TB-a q\u0259d\u0259r) \u015e\u0259b\u0259k\u0259 interfeysi: 2 \u00d7 RJ-45 (10\/100\/1000 Mbps) ONVIF&hellip;<\/p>\n","protected":false},"featured_media":20206,"comment_status":"open","ping_status":"closed","template":"","meta":[],"product_cat":[4896,2850],"product_tag":[5012,5010,4997,5011,3132,4787,4991,3479,3130,5013,4998,3135,4965,5009,4972],"class_list":{"0":"post-20205","1":"product","2":"type-product","3":"status-publish","4":"has-post-thumbnail","6":"product_cat-tiandy","7":"product_cat-videoqeydiyyatcilar","8":"product_tag-4khdmi","9":"product_tag-80channelnvr","10":"product_tag-8mpsupport","11":"product_tag-8sata","12":"product_tag-cctv","13":"product_tag-h265","14":"product_tag-ipvideorecorder","15":"product_tag-onvif","16":"product_tag-securitysystem","17":"product_tag-smartnvr","18":"product_tag-splus265","19":"product_tag-surveillance","20":"product_tag-tiandynvr","21":"product_tag-tiandytcr3880","22":"product_tag-videostorage","23":"description-off","25":"first","26":"instock","27":"shipping-taxable","28":"purchasable","29":"product-type-simple"},"_links":{"self":[{"href":"https:\/\/setap.az\/index.php?rest_route=\/wp\/v2\/product\/20205","targetHints":{"allow":["GET"]}}],"collection":[{"href":"https:\/\/setap.az\/index.php?rest_route=\/wp\/v2\/product"}],"about":[{"href":"https:\/\/setap.az\/index.php?rest_route=\/wp\/v2\/types\/product"}],"replies":[{"embeddable":true,"href":"https:\/\/setap.az\/index.php?rest_route=%2Fwp%2Fv2%2Fcomments&post=20205"}],"wp:featuredmedia":[{"embeddable":true,"href":"https:\/\/setap.az\/index.php?rest_route=\/wp\/v2\/media\/20206"}],"wp:attachment":[{"href":"https:\/\/setap.az\/index.php?rest_route=%2Fwp%2Fv2%2Fmedia&parent=20205"}],"wp:term":[{"taxonomy":"product_cat","embeddable":true,"href":"https:\/\/setap.az\/index.php?rest_route=%2Fwp%2Fv2%2Fproduct_cat&post=20205"},{"taxonomy":"product_tag","embeddable":true,"href":"https:\/\/setap.az\/index.php?rest_route=%2Fwp%2Fv2%2Fproduct_tag&post=20205"}],"curies":[{"name":"wp","href":"https:\/\/api.w.org\/{rel}","templated":true}]}}