{"id":20209,"date":"2025-10-09T10:58:51","date_gmt":"2025-10-09T06:58:51","guid":{"rendered":"https:\/\/setap.az\/?post_type=product&#038;p=20209"},"modified":"2025-10-09T10:58:52","modified_gmt":"2025-10-09T06:58:52","slug":"tiandy-poe-switch-tc-p3s06-spech-4-kanal","status":"publish","type":"product","link":"https:\/\/setap.az\/?product=tiandy-poe-switch-tc-p3s06-spech-4-kanal","title":{"rendered":"Tiandy poe switch TC-P3S06 Spec:H 4 kanal"},"content":{"rendered":"<p>Tiandy poe switch TC-P3S06 Spec:H<br \/>\n4 \u00d7 10\/100\/1000 Mbps PoE portu + 2 \u00d7 1000 Mbps uplink \/ SFP portu<br \/>\nUy\u011funluq: IEEE 802.3, IEEE 802.3u, IEEE 802.3ab, IEEE 802.3z standartlar\u0131<br \/>\nPoE protokollar\u0131: IEEE 802.3af \/ IEEE 802.3at (AT) <\/p>\n","protected":false},"excerpt":{"rendered":"<p>Tiandy poe switch TC-P3S06 Spec:H 4 \u00d7 10\/100\/1000 Mbps PoE portu + 2 \u00d7 1000 Mbps uplink \/ SFP portu Uy\u011funluq: IEEE 802.3, IEEE 802.3u, IEEE 802.3ab, IEEE 802.3z standartlar\u0131 PoE protokollar\u0131: IEEE 802.3af \/ IEEE 802.3at (AT)<\/p>\n","protected":false},"featured_media":20210,"comment_status":"open","ping_status":"closed","template":"","meta":[],"product_cat":[3060,4896],"product_tag":[5018,5015,5024,5016,5017,5021,5019,5025,2953,5022,5020,5026,5014,5023],"class_list":{"0":"post-20209","1":"product","2":"type-product","3":"status-publish","4":"has-post-thumbnail","6":"product_cat-switch","7":"product_cat-tiandy","8":"product_tag-1_2gbps","9":"product_tag-4portpoe","10":"product_tag-extendmode","11":"product_tag-ieee8023af","12":"product_tag-ieee8023at","13":"product_tag-ipcamerasetup","14":"product_tag-networkswitch","15":"product_tag-poepower55w","16":"product_tag-poeswitch","17":"product_tag-securitynetwork","18":"product_tag-surveillancenetwork","19":"product_tag-switchoutdooruse","20":"product_tag-tiandytcp3s06","21":"product_tag-vlan","22":"description-off","24":"first","25":"instock","26":"shipping-taxable","27":"purchasable","28":"product-type-simple"},"_links":{"self":[{"href":"https:\/\/setap.az\/index.php?rest_route=\/wp\/v2\/product\/20209","targetHints":{"allow":["GET"]}}],"collection":[{"href":"https:\/\/setap.az\/index.php?rest_route=\/wp\/v2\/product"}],"about":[{"href":"https:\/\/setap.az\/index.php?rest_route=\/wp\/v2\/types\/product"}],"replies":[{"embeddable":true,"href":"https:\/\/setap.az\/index.php?rest_route=%2Fwp%2Fv2%2Fcomments&post=20209"}],"wp:featuredmedia":[{"embeddable":true,"href":"https:\/\/setap.az\/index.php?rest_route=\/wp\/v2\/media\/20210"}],"wp:attachment":[{"href":"https:\/\/setap.az\/index.php?rest_route=%2Fwp%2Fv2%2Fmedia&parent=20209"}],"wp:term":[{"taxonomy":"product_cat","embeddable":true,"href":"https:\/\/setap.az\/index.php?rest_route=%2Fwp%2Fv2%2Fproduct_cat&post=20209"},{"taxonomy":"product_tag","embeddable":true,"href":"https:\/\/setap.az\/index.php?rest_route=%2Fwp%2Fv2%2Fproduct_tag&post=20209"}],"curies":[{"name":"wp","href":"https:\/\/api.w.org\/{rel}","templated":true}]}}