{"id":20213,"date":"2025-10-09T13:54:48","date_gmt":"2025-10-09T09:54:48","guid":{"rendered":"https:\/\/setap.az\/?post_type=product&#038;p=20213"},"modified":"2025-10-09T13:54:49","modified_gmt":"2025-10-09T09:54:49","slug":"tiandy-tc-p3s010-spech-0820-at-90-poe-switch","status":"publish","type":"product","link":"https:\/\/setap.az\/?product=tiandy-tc-p3s010-spech-0820-at-90-poe-switch","title":{"rendered":"Tiandy TC-P3S010 Spec:H\/0820\/AT\/90 PoE switch"},"content":{"rendered":"<p>\u018fsas X\u00fcsusiyy\u0259tl\u0259r<br \/>\n8 \u0259d\u0259d 10\/100 Mbps PoE portu + 2 \u0259d\u0259d 10\/100\/1000 Mbps uplink portu<br \/>\nUy\u011funluq: IEEE 802.3, IEEE 802.3u, IEEE 802.3x standartlar\u0131<br \/>\nPoE protokollar\u0131: IEEE 802.3af (15.4 W) v\u0259 IEEE 802.3at (30 W)<br \/>\nMaksimal \u00fcmumi PoE g\u00fcc\u00fc: 90 W<br \/>\nBant geni\u015fliyi: 5.6 Gbps<br \/>\nKe\u00e7id s\u00fcr\u0259ti (forwarding rate): ~ 4.166 Mpps<br \/>\nQorunma: ESD 8 kV (hava), 6 kV (kontakt); Surge 4 kV<br \/>\n\u0130\u015f temperaturu: \u201310 \u2103 ~ +50 \u2103<br \/>\n\u00d6l\u00e7\u00fcl\u0259r: 200 \u00d7 118 \u00d7 44 mm, \u00e7\u0259ki ~ 0.69 kg <\/p>\n","protected":false},"excerpt":{"rendered":"<p>\u018fsas X\u00fcsusiyy\u0259tl\u0259r 8 \u0259d\u0259d 10\/100 Mbps PoE portu + 2 \u0259d\u0259d 10\/100\/1000 Mbps uplink portu Uy\u011funluq: IEEE 802.3, IEEE 802.3u, IEEE 802.3x standartlar\u0131 PoE protokollar\u0131: IEEE 802.3af (15.4 W) v\u0259 IEEE 802.3at (30 W) Maksimal \u00fcmumi PoE g\u00fcc\u00fc: 90 W Bant geni\u015fliyi: 5.6 Gbps Ke\u00e7id s\u00fcr\u0259ti (forwarding rate): ~ 4.166 Mpps Qorunma: ESD 8 kV&hellip;<\/p>\n","protected":false},"featured_media":20212,"comment_status":"open","ping_status":"closed","template":"","meta":[],"product_cat":[3060,4896],"product_tag":[5033,5032,5028,5034,5035,5024,5037,5019,2953,5022,5036,3135,5038,5039,5027,5023],"class_list":{"0":"post-20213","1":"product","2":"type-product","3":"status-publish","4":"has-post-thumbnail","6":"product_cat-switch","7":"product_cat-tiandy","8":"product_tag-8023af","9":"product_tag-8023at","10":"product_tag-8portpoe","11":"product_tag-90wpoe","12":"product_tag-automdix","13":"product_tag-extendmode","14":"product_tag-ipcameras","15":"product_tag-networkswitch","16":"product_tag-poeswitch","17":"product_tag-securitynetwork","18":"product_tag-surgeprotection","19":"product_tag-surveillance","20":"product_tag-switch8port","21":"product_tag-tiandyswitch","22":"product_tag-tiandytcp3s010","23":"product_tag-vlan","24":"description-off","26":"first","27":"instock","28":"shipping-taxable","29":"purchasable","30":"product-type-simple"},"_links":{"self":[{"href":"https:\/\/setap.az\/index.php?rest_route=\/wp\/v2\/product\/20213","targetHints":{"allow":["GET"]}}],"collection":[{"href":"https:\/\/setap.az\/index.php?rest_route=\/wp\/v2\/product"}],"about":[{"href":"https:\/\/setap.az\/index.php?rest_route=\/wp\/v2\/types\/product"}],"replies":[{"embeddable":true,"href":"https:\/\/setap.az\/index.php?rest_route=%2Fwp%2Fv2%2Fcomments&post=20213"}],"wp:featuredmedia":[{"embeddable":true,"href":"https:\/\/setap.az\/index.php?rest_route=\/wp\/v2\/media\/20212"}],"wp:attachment":[{"href":"https:\/\/setap.az\/index.php?rest_route=%2Fwp%2Fv2%2Fmedia&parent=20213"}],"wp:term":[{"taxonomy":"product_cat","embeddable":true,"href":"https:\/\/setap.az\/index.php?rest_route=%2Fwp%2Fv2%2Fproduct_cat&post=20213"},{"taxonomy":"product_tag","embeddable":true,"href":"https:\/\/setap.az\/index.php?rest_route=%2Fwp%2Fv2%2Fproduct_tag&post=20213"}],"curies":[{"name":"wp","href":"https:\/\/api.w.org\/{rel}","templated":true}]}}