{"id":20214,"date":"2025-10-09T16:07:37","date_gmt":"2025-10-09T12:07:37","guid":{"rendered":"https:\/\/setap.az\/?post_type=product&#038;p=20214"},"modified":"2025-10-09T16:07:38","modified_gmt":"2025-10-09T12:07:38","slug":"tiandy-poe-switch-tc-p3s010-specg-8-kanal","status":"publish","type":"product","link":"https:\/\/setap.az\/?product=tiandy-poe-switch-tc-p3s010-specg-8-kanal","title":{"rendered":"T\u0130ANDY POE SW\u0130TCH TC-P3S010 Spec:G 8 kanal"},"content":{"rendered":"<p>Tiandy TC-P3S010 Spec:G<br \/>\n8 \u0259d\u0259d gigabit PoE portu + 2 \u0259d\u0259d gigabit uplink portu<br \/>\nStandartlarla uyumlu: IEEE 802.3, IEEE 802.3u, IEEE 802.3x<br \/>\nPoE g\u00fcc\u00fc protokollar\u0131: IEEE 802.3af v\u0259 IEEE 802.3at<br \/>\n\u00dcmumi PoE g\u00fcc\u00fc: 110 W<br \/>\nBant geni\u015fliyi: 20 Gbps<br \/>\n\u00d6l\u00e7\u00fcl\u0259ri: t\u0259xmin\u0259n 220 \u00d7 161 \u00d7 44 mm, \u00e7\u0259kisi ~ 0.88 kg<br \/>\n\u0130\u015fl\u0259m\u0259 temperaturu: \u201310 \u2103 ~ +50 \u2103 <\/p>\n","protected":false},"excerpt":{"rendered":"<p>Tiandy TC-P3S010 Spec:G 8 \u0259d\u0259d gigabit PoE portu + 2 \u0259d\u0259d gigabit uplink portu Standartlarla uyumlu: IEEE 802.3, IEEE 802.3u, IEEE 802.3x PoE g\u00fcc\u00fc protokollar\u0131: IEEE 802.3af v\u0259 IEEE 802.3at \u00dcmumi PoE g\u00fcc\u00fc: 110 W Bant geni\u015fliyi: 20 Gbps \u00d6l\u00e7\u00fcl\u0259ri: t\u0259xmin\u0259n 220 \u00d7 161 \u00d7 44 mm, \u00e7\u0259kisi ~ 0.88 kg \u0130\u015fl\u0259m\u0259 temperaturu: \u201310 \u2103&hellip;<\/p>\n","protected":false},"featured_media":20215,"comment_status":"open","ping_status":"closed","template":"","meta":[],"product_cat":[3060,4896],"product_tag":[5041,5042,5043,5028,5035,5044,5024,5029,5019,2953,5022,5040,5020,5039,5027,5023],"class_list":{"0":"post-20214","1":"product","2":"type-product","3":"status-publish","4":"has-post-thumbnail","6":"product_cat-switch","7":"product_cat-tiandy","8":"product_tag-110wpoe","9":"product_tag-802-3af","10":"product_tag-802-3at","11":"product_tag-8portpoe","12":"product_tag-automdix","13":"product_tag-cctvinfrastructure","14":"product_tag-extendmode","15":"product_tag-ipcamerapower","16":"product_tag-networkswitch","17":"product_tag-poeswitch","18":"product_tag-securitynetwork","19":"product_tag-specg0820at110","20":"product_tag-surveillancenetwork","21":"product_tag-tiandyswitch","22":"product_tag-tiandytcp3s010","23":"product_tag-vlan","24":"description-off","26":"first","27":"instock","28":"shipping-taxable","29":"purchasable","30":"product-type-simple"},"_links":{"self":[{"href":"https:\/\/setap.az\/index.php?rest_route=\/wp\/v2\/product\/20214","targetHints":{"allow":["GET"]}}],"collection":[{"href":"https:\/\/setap.az\/index.php?rest_route=\/wp\/v2\/product"}],"about":[{"href":"https:\/\/setap.az\/index.php?rest_route=\/wp\/v2\/types\/product"}],"replies":[{"embeddable":true,"href":"https:\/\/setap.az\/index.php?rest_route=%2Fwp%2Fv2%2Fcomments&post=20214"}],"wp:featuredmedia":[{"embeddable":true,"href":"https:\/\/setap.az\/index.php?rest_route=\/wp\/v2\/media\/20215"}],"wp:attachment":[{"href":"https:\/\/setap.az\/index.php?rest_route=%2Fwp%2Fv2%2Fmedia&parent=20214"}],"wp:term":[{"taxonomy":"product_cat","embeddable":true,"href":"https:\/\/setap.az\/index.php?rest_route=%2Fwp%2Fv2%2Fproduct_cat&post=20214"},{"taxonomy":"product_tag","embeddable":true,"href":"https:\/\/setap.az\/index.php?rest_route=%2Fwp%2Fv2%2Fproduct_tag&post=20214"}],"curies":[{"name":"wp","href":"https:\/\/api.w.org\/{rel}","templated":true}]}}