{"id":20228,"date":"2025-10-16T13:28:22","date_gmt":"2025-10-16T09:28:22","guid":{"rendered":"https:\/\/setap.az\/?post_type=product&#038;p=20228"},"modified":"2026-01-21T09:28:12","modified_gmt":"2026-01-21T05:28:12","slug":"tiandy-tc-h322a-2mp-4mm-2mp","status":"publish","type":"product","link":"https:\/\/setap.az\/?product=tiandy-tc-h322a-2mp-4mm-2mp","title":{"rendered":"Tiandy TC-H322A 2MP 4mm 2MP IP WIFI Kamera"},"content":{"rendered":"<p>Tiandy TC-H322A 2MP 4mm 2MP IP WIFI Kamera<br \/>\n2MP 1\/3&#8243; CMOS<br \/>\nQura\u015fd\u0131r\u0131lm\u0131\u015f Mikrofon v\u0259 Dinamik<br \/>\nBax\u0131\u015f buca\u011f\u0131: 78.3 d\u0259r\u0259c\u0259<br \/>\n4 mm Lens<br \/>\nMin. \u0130\u015f\u0131\u011fa h\u0259ssasl\u0131q: 0.02 Lux<br \/>\nAvtomatik \u0130zl\u0259m\u0259, Wi-Fi: IEEE802.11b\/802.11g\/802.11n<br \/>\nS\u0131x\u0131lma kodek: S+265\/H.265(HP)\/S+264\/H.264(HP, MP, BP)<br \/>\nA\u011f\u0131ll\u0131 IR: 15m, LED: 10m<\/p>\n","protected":false},"excerpt":{"rendered":"<p>Tiandy TC-H322A 2MP 4mm 2MP IP WIFI Kamera 2MP 1\/3&#8243; CMOS Qura\u015fd\u0131r\u0131lm\u0131\u015f Mikrofon v\u0259 Dinamik Bax\u0131\u015f buca\u011f\u0131: 78.3 d\u0259r\u0259c\u0259 4 mm Lens Min. \u0130\u015f\u0131\u011fa h\u0259ssasl\u0131q: 0.02 Lux Avtomatik \u0130zl\u0259m\u0259, Wi-Fi: IEEE802.11b\/802.11g\/802.11n S\u0131x\u0131lma kodek: S+265\/H.265(HP)\/S+264\/H.264(HP, MP, BP) A\u011f\u0131ll\u0131 IR: 15m, LED: 10m<\/p>\n","protected":false},"featured_media":20230,"comment_status":"open","ping_status":"closed","template":"","meta":[],"product_cat":[2803,5271,4896,2841,2862],"product_tag":[3388,3132,3050,5052,3049,5050,5048,5049,3783,4807,5056,4820,3144,3051,5064,5055,5047,5046,3035],"class_list":{"0":"post-20228","1":"product","2":"type-product","3":"status-publish","4":"has-post-thumbnail","6":"product_cat-ip","7":"product_cat-thluksizlik-kamerasi","8":"product_cat-tiandy","9":"product_cat-videonzart","10":"product_cat-wifi-kameralar","11":"product_tag-bulletkamera","12":"product_tag-cctv","13":"product_tag-fullhdkamera","14":"product_tag-gecgoruntu","15":"product_tag-ipkamera","16":"product_tag-kamerackilisi","17":"product_tag-kameraservis","18":"product_tag-kameraxidmtlri","19":"product_tag-outdoorkamera","20":"product_tag-poekamera","21":"product_tag-securitysystems","22":"product_tag-setap","23":"product_tag-smartkamera","24":"product_tag-thluksizlikkamerasi","25":"product_tag-tiandy-tc-h322n-ip-","26":"product_tag-tiandyazerbaijan","27":"product_tag-tiandyipkamera","28":"product_tag-tiandykamera","29":"product_tag-videomusahid","30":"description-off","32":"first","33":"instock","34":"shipping-taxable","35":"purchasable","36":"product-type-simple"},"_links":{"self":[{"href":"https:\/\/setap.az\/index.php?rest_route=\/wp\/v2\/product\/20228","targetHints":{"allow":["GET"]}}],"collection":[{"href":"https:\/\/setap.az\/index.php?rest_route=\/wp\/v2\/product"}],"about":[{"href":"https:\/\/setap.az\/index.php?rest_route=\/wp\/v2\/types\/product"}],"replies":[{"embeddable":true,"href":"https:\/\/setap.az\/index.php?rest_route=%2Fwp%2Fv2%2Fcomments&post=20228"}],"wp:featuredmedia":[{"embeddable":true,"href":"https:\/\/setap.az\/index.php?rest_route=\/wp\/v2\/media\/20230"}],"wp:attachment":[{"href":"https:\/\/setap.az\/index.php?rest_route=%2Fwp%2Fv2%2Fmedia&parent=20228"}],"wp:term":[{"taxonomy":"product_cat","embeddable":true,"href":"https:\/\/setap.az\/index.php?rest_route=%2Fwp%2Fv2%2Fproduct_cat&post=20228"},{"taxonomy":"product_tag","embeddable":true,"href":"https:\/\/setap.az\/index.php?rest_route=%2Fwp%2Fv2%2Fproduct_tag&post=20228"}],"curies":[{"name":"wp","href":"https:\/\/api.w.org\/{rel}","templated":true}]}}