{"id":20237,"date":"2025-10-16T15:42:38","date_gmt":"2025-10-16T11:42:38","guid":{"rendered":"https:\/\/setap.az\/?post_type=product&#038;p=20237"},"modified":"2025-10-20T13:05:20","modified_gmt":"2025-10-20T09:05:20","slug":"tc-c38ms-3lha-27135-8mp","status":"publish","type":"product","link":"https:\/\/setap.az\/?product=tc-c38ms-3lha-27135-8mp","title":{"rendered":"T\u0130ANDY TC-C38MS 3LHA-27135 8MP IP Kamera"},"content":{"rendered":"<p>T\u0130ANDY TC-C38MS 3LHA-27135 IP<br \/>\n8 MP (3840\u00d72160) @ 20 fps<br \/>\nSensor: 1\/2.8&#8243; CMOS<br \/>\nLens: 2.7\u201313.5 mm motorlu zoom (5x)<br \/>\nBax\u0131\u015f buca\u011f\u0131: 106\u00b0\u201332\u00b0<br \/>\nMinimum i\u015f\u0131qland\u0131rma: 0.002 Lux (r\u0259ngli rejimd\u0259)<br \/>\n\u0130\u015f\u0131qland\u0131rma: 50 m IR Smart IR<br \/>\nVideo s\u0131x\u0131lma: S+265, H.265, H.264, M-JPEG<br \/>\nAudio: Daxili mikrofon<br \/>\nKart yuvas\u0131: 512 GB-a q\u0259d\u0259r microSD d\u0259st\u0259yi<br \/>\nPoE v\u0259 12V DC: G\u00fccl\u0259ndirm\u0259 \u00fc\u00e7\u00fcn PoE d\u0259st\u0259yi<br \/>\nWDR (True WDR): 120 dB<br \/>\nIP67 (su v\u0259 toz ke\u00e7irm\u0259z)<\/p>\n","protected":false},"excerpt":{"rendered":"<p>T\u0130ANDY TC-C38MS 3LHA-27135 IP 8 MP (3840\u00d72160) @ 20 fps Sensor: 1\/2.8&#8243; CMOS Lens: 2.7\u201313.5 mm motorlu zoom (5x) Bax\u0131\u015f buca\u011f\u0131: 106\u00b0\u201332\u00b0 Minimum i\u015f\u0131qland\u0131rma: 0.002 Lux (r\u0259ngli rejimd\u0259) \u0130\u015f\u0131qland\u0131rma: 50 m IR Smart IR Video s\u0131x\u0131lma: S+265, H.265, H.264, M-JPEG Audio: Daxili mikrofon Kart yuvas\u0131: 512 GB-a q\u0259d\u0259r microSD d\u0259st\u0259yi PoE v\u0259 12V DC: G\u00fccl\u0259ndirm\u0259&hellip;<\/p>\n","protected":false},"featured_media":20238,"comment_status":"open","ping_status":"closed","template":"","meta":[],"product_cat":[2803,4896,2841,2862],"product_tag":[5081,5079,3132,3394,3049,3766,5080,3764,3392,2939,4741,3135,5078,4897,5082],"class_list":{"0":"post-20237","1":"product","2":"type-product","3":"status-publish","4":"has-post-thumbnail","6":"product_cat-ip","7":"product_cat-tiandy","8":"product_cat-videonzart","9":"product_cat-wifi-kameralar","10":"product_tag-4k","11":"product_tag-8mp","12":"product_tag-cctv","13":"product_tag-ip66","14":"product_tag-ipkamera","15":"product_tag-ircamera","16":"product_tag-motorizedlens","17":"product_tag-nightvision","18":"product_tag-poe","19":"product_tag-securitycamera","20":"product_tag-starlight","21":"product_tag-surveillance","22":"product_tag-tcc38ms","23":"product_tag-tiandy","24":"product_tag-videoanalytics","25":"description-off","27":"first","28":"instock","29":"shipping-taxable","30":"purchasable","31":"product-type-simple"},"_links":{"self":[{"href":"https:\/\/setap.az\/index.php?rest_route=\/wp\/v2\/product\/20237","targetHints":{"allow":["GET"]}}],"collection":[{"href":"https:\/\/setap.az\/index.php?rest_route=\/wp\/v2\/product"}],"about":[{"href":"https:\/\/setap.az\/index.php?rest_route=\/wp\/v2\/types\/product"}],"replies":[{"embeddable":true,"href":"https:\/\/setap.az\/index.php?rest_route=%2Fwp%2Fv2%2Fcomments&post=20237"}],"wp:featuredmedia":[{"embeddable":true,"href":"https:\/\/setap.az\/index.php?rest_route=\/wp\/v2\/media\/20238"}],"wp:attachment":[{"href":"https:\/\/setap.az\/index.php?rest_route=%2Fwp%2Fv2%2Fmedia&parent=20237"}],"wp:term":[{"taxonomy":"product_cat","embeddable":true,"href":"https:\/\/setap.az\/index.php?rest_route=%2Fwp%2Fv2%2Fproduct_cat&post=20237"},{"taxonomy":"product_tag","embeddable":true,"href":"https:\/\/setap.az\/index.php?rest_route=%2Fwp%2Fv2%2Fproduct_tag&post=20237"}],"curies":[{"name":"wp","href":"https:\/\/api.w.org\/{rel}","templated":true}]}}