{"id":20240,"date":"2025-10-16T15:53:00","date_gmt":"2025-10-16T11:53:00","guid":{"rendered":"https:\/\/setap.az\/?post_type=product&#038;p=20240"},"modified":"2025-10-23T13:27:04","modified_gmt":"2025-10-23T09:27:04","slug":"%d0%ba%d0%b0mer%d0%b0-ip-tiandy-tc-c34kn-2-8mm-4mp","status":"publish","type":"product","link":"https:\/\/setap.az\/?product=%d0%ba%d0%b0mer%d0%b0-ip-tiandy-tc-c34kn-2-8mm-4mp","title":{"rendered":"TIANDY TC-C34KN 2.8mm 4MP IP Kamera"},"content":{"rendered":"<p>TIANDY TC-C34KN I3\/E\/Y\/C\/2.8mm\/V4.3 IP kamera<br \/>\n4MP 1\/2.9&#8243; CMOS<br \/>\nQura\u015fd\u0131r\u0131lm\u0131\u015f Mikrofon<br \/>\n2,8 mm obyektiv<br \/>\nMin. \u0130\u015f\u0131\u011fa h\u0259ssasl\u0131q: 0.02 Lux<br \/>\nS\u0131x\u0131lma kodek: S+265\/H.265(HP)\/S+264\/H.264(HP, MP, BP)<br \/>\nA\u011f\u0131ll\u0131 IR 30m<br \/>\nIP66 M\u00fchafiz\u0259si<\/p>\n","protected":false},"excerpt":{"rendered":"<p>TIANDY TC-C34KN I3\/E\/Y\/C\/2.8mm\/V4.3 IP kamera 4MP 1\/2.9&#8243; CMOS Qura\u015fd\u0131r\u0131lm\u0131\u015f Mikrofon 2,8 mm obyektiv Min. \u0130\u015f\u0131\u011fa h\u0259ssasl\u0131q: 0.02 Lux S\u0131x\u0131lma kodek: S+265\/H.265(HP)\/S+264\/H.264(HP, MP, BP) A\u011f\u0131ll\u0131 IR 30m IP66 M\u00fchafiz\u0259si<\/p>\n","protected":false},"featured_media":20241,"comment_status":"open","ping_status":"closed","template":"","meta":[],"product_cat":[2803,4896,2849,2841],"product_tag":[4652,3000,4803,5077,3049,3480,3145,5076,3051,4897,4795,2929],"class_list":{"0":"post-20240","1":"product","2":"type-product","3":"status-publish","4":"has-post-thumbnail","6":"product_cat-ip","7":"product_cat-tiandy","8":"product_cat-videokameralar","9":"product_cat-videonzart","10":"product_tag-4mp","11":"product_tag-agilliev","12":"product_tag-domekamera","13":"product_tag-icridvxaricd","14":"product_tag-ipkamera","15":"product_tag-irkamera","16":"product_tag-rngligoruntu","17":"product_tag-tcc34kn","18":"product_tag-thluksizlikkamerasi","19":"product_tag-tiandy","20":"product_tag-videonzart","21":"product_tag-wifikamera","22":"description-off","24":"first","25":"instock","26":"shipping-taxable","27":"purchasable","28":"product-type-simple"},"_links":{"self":[{"href":"https:\/\/setap.az\/index.php?rest_route=\/wp\/v2\/product\/20240","targetHints":{"allow":["GET"]}}],"collection":[{"href":"https:\/\/setap.az\/index.php?rest_route=\/wp\/v2\/product"}],"about":[{"href":"https:\/\/setap.az\/index.php?rest_route=\/wp\/v2\/types\/product"}],"replies":[{"embeddable":true,"href":"https:\/\/setap.az\/index.php?rest_route=%2Fwp%2Fv2%2Fcomments&post=20240"}],"wp:featuredmedia":[{"embeddable":true,"href":"https:\/\/setap.az\/index.php?rest_route=\/wp\/v2\/media\/20241"}],"wp:attachment":[{"href":"https:\/\/setap.az\/index.php?rest_route=%2Fwp%2Fv2%2Fmedia&parent=20240"}],"wp:term":[{"taxonomy":"product_cat","embeddable":true,"href":"https:\/\/setap.az\/index.php?rest_route=%2Fwp%2Fv2%2Fproduct_cat&post=20240"},{"taxonomy":"product_tag","embeddable":true,"href":"https:\/\/setap.az\/index.php?rest_route=%2Fwp%2Fv2%2Fproduct_tag&post=20240"}],"curies":[{"name":"wp","href":"https:\/\/api.w.org\/{rel}","templated":true}]}}