{"id":20256,"date":"2025-10-23T15:22:41","date_gmt":"2025-10-23T11:22:41","guid":{"rendered":"https:\/\/setap.az\/?post_type=product&#038;p=20256"},"modified":"2025-10-23T15:22:43","modified_gmt":"2025-10-23T11:22:43","slug":"hikvision-ds-2cd2h23g2-lizs2u-2-mp-ip-kamera","status":"publish","type":"product","link":"https:\/\/setap.az\/?product=hikvision-ds-2cd2h23g2-lizs2u-2-mp-ip-kamera","title":{"rendered":"Hikvision DS-2CD2H23G2-LIZS2U 2 Mp IP Kamera"},"content":{"rendered":"<p>Hikvision DS-2CD2H23G2-LIZS2U IP Kamera<br \/>\n2 MP y\u00fcks\u0259k d\u0259qiqlikli g\u00f6r\u00fcnt\u00fc.<br \/>\n\u0130nsan v\u0259 n\u0259qliyyat vasit\u0259l\u0259rinin tan\u0131nmas\u0131 \u00fc\u00e7\u00fcn AcuSense texnologiyas\u0131.<br \/>\nSmart Hybrid Light \u2014 \u0130Q, a\u011f i\u015f\u0131q v\u0259 a\u011f\u0131ll\u0131 rejim olmaqla 3 i\u015f\u0131qland\u0131rma rejimi.<br \/>\nReal vaxtda t\u0259miz s\u0259s \u00fc\u00e7\u00fcn daxili ikili mikrofon.<br \/>\nmicroSD\/microSDHC\/microSDXC kart d\u0259st\u0259yi, 512 GB-a q\u0259d\u0259r yadda\u015f.<br \/>\n120 dB WDR texnologiya say\u0259sind\u0259 ayd\u0131n g\u00f6r\u00fcnt\u00fc.<br \/>\nH.265+ s\u0131x\u0131lma texnologiyas\u0131 il\u0259 disk v\u0259 \u015f\u0259b\u0259k\u0259 y\u00fck\u00fcn\u0259 q\u0259na\u0259t.<br \/>\nMotorla\u015fd\u0131r\u0131lm\u0131\u015f varifokal obyektiv (2.8-12 mm) \u2014 rahat qura\u015fd\u0131rma v\u0259 t\u0259nziml\u0259m\u0259.<br \/>\nY\u00fcks\u0259k m\u00fcdafi\u0259: IP67 (suya v\u0259 toza qar\u015f\u0131), IK10 (vandalizmd\u0259n qorunma).<\/p>\n","protected":false},"excerpt":{"rendered":"<p>Hikvision DS-2CD2H23G2-LIZS2U IP Kamera 2 MP y\u00fcks\u0259k d\u0259qiqlikli g\u00f6r\u00fcnt\u00fc. \u0130nsan v\u0259 n\u0259qliyyat vasit\u0259l\u0259rinin tan\u0131nmas\u0131 \u00fc\u00e7\u00fcn AcuSense texnologiyas\u0131. Smart Hybrid Light \u2014 \u0130Q, a\u011f i\u015f\u0131q v\u0259 a\u011f\u0131ll\u0131 rejim olmaqla 3 i\u015f\u0131qland\u0131rma rejimi. Real vaxtda t\u0259miz s\u0259s \u00fc\u00e7\u00fcn daxili ikili mikrofon. microSD\/microSDHC\/microSDXC kart d\u0259st\u0259yi, 512 GB-a q\u0259d\u0259r yadda\u015f. 120 dB WDR texnologiya say\u0259sind\u0259 ayd\u0131n g\u00f6r\u00fcnt\u00fc. H.265+ s\u0131x\u0131lma&hellip;<\/p>\n","protected":false},"featured_media":20257,"comment_status":"open","ping_status":"closed","template":"","meta":[],"product_cat":[4016,2803,2849],"product_tag":[4724,3132,5087,5085,4787,2941,3801,3377,3049,3766,5080,3764,3392,2939,3130,5084,3135,5086],"class_list":{"0":"post-20256","1":"product","2":"type-product","3":"status-publish","4":"has-post-thumbnail","6":"product_cat-hikvision","7":"product_cat-ip","8":"product_cat-videokameralar","9":"product_tag-2mp","10":"product_tag-cctv","11":"product_tag-ds2cd2h23g2lizs2u","12":"product_tag-fullhd","13":"product_tag-h265","14":"product_tag-hikvision","15":"product_tag-hikvisionazerbaijan","16":"product_tag-ip67","17":"product_tag-ipkamera","18":"product_tag-ircamera","19":"product_tag-motorizedlens","20":"product_tag-nightvision","21":"product_tag-poe","22":"product_tag-securitycamera","23":"product_tag-securitysystem","24":"product_tag-smarthybridlight","25":"product_tag-surveillance","26":"product_tag-varifocalcamera","27":"description-off","29":"first","30":"instock","31":"shipping-taxable","32":"purchasable","33":"product-type-simple"},"_links":{"self":[{"href":"https:\/\/setap.az\/index.php?rest_route=\/wp\/v2\/product\/20256","targetHints":{"allow":["GET"]}}],"collection":[{"href":"https:\/\/setap.az\/index.php?rest_route=\/wp\/v2\/product"}],"about":[{"href":"https:\/\/setap.az\/index.php?rest_route=\/wp\/v2\/types\/product"}],"replies":[{"embeddable":true,"href":"https:\/\/setap.az\/index.php?rest_route=%2Fwp%2Fv2%2Fcomments&post=20256"}],"wp:featuredmedia":[{"embeddable":true,"href":"https:\/\/setap.az\/index.php?rest_route=\/wp\/v2\/media\/20257"}],"wp:attachment":[{"href":"https:\/\/setap.az\/index.php?rest_route=%2Fwp%2Fv2%2Fmedia&parent=20256"}],"wp:term":[{"taxonomy":"product_cat","embeddable":true,"href":"https:\/\/setap.az\/index.php?rest_route=%2Fwp%2Fv2%2Fproduct_cat&post=20256"},{"taxonomy":"product_tag","embeddable":true,"href":"https:\/\/setap.az\/index.php?rest_route=%2Fwp%2Fv2%2Fproduct_tag&post=20256"}],"curies":[{"name":"wp","href":"https:\/\/api.w.org\/{rel}","templated":true}]}}