{"id":20258,"date":"2025-10-23T15:39:48","date_gmt":"2025-10-23T11:39:48","guid":{"rendered":"https:\/\/setap.az\/?post_type=product&#038;p=20258"},"modified":"2026-01-12T11:44:19","modified_gmt":"2026-01-12T07:44:19","slug":"hikvision-ds-2cd1027g2h-liu-2-mp-ip-kamera","status":"publish","type":"product","link":"https:\/\/setap.az\/?product=hikvision-ds-2cd1027g2h-liu-2-mp-ip-kamera","title":{"rendered":"HIKVISION DS-2CD1027G2H-LIU 2 MP IP Kamera"},"content":{"rendered":"<p>Hikvision DS-2CD1027G2H-LIU \u2014 2 MP IP T\u0259hl\u00fck\u0259sizlik Kameras\u0131<br \/>\nQ\u0259tnam\u0259: 2 MP (1920\u00d71080 Full HD) \u2014 ayd\u0131n v\u0259 detall\u0131 video.<br \/>\nSensor: 1\/2.8\u2033 Progressive Scan CMOS \u2014 yax\u015f\u0131 i\u015f\u0131q h\u0259ssasl\u0131\u011f\u0131.<br \/>\nColorVu + Smart Hybrid Light: h\u0259m IR (qara-a\u011f), h\u0259m d\u0259 a\u011f i\u015f\u0131qla daha ayd\u0131n gec\u0259 g\u00f6r\u00fcnt\u00fc (~30 m).<br \/>\nLens variantlar\u0131: 2.8 mm (geni\u015f bucaq) v\u0259 4 mm (daha dar bax\u0131\u015f).<br \/>\nGec\u0259g\u00f6rm\u0259 &#038; \u0130\u015f\u0131q<br \/>\nSmart Hybrid Light: IR + white light i\u015f\u0131qland\u0131rma il\u0259 gec\u0259 r\u0259ngli g\u00f6r\u00fcnt\u00fc.<br \/>\nIR m\u0259saf\u0259si: t\u0259xmin\u0259n 30 m.<br \/>\nMinimum i\u015f\u0131q + ColorVu say\u0259sind\u0259 minimum i\u015f\u0131qda da r\u0259ngli g\u00f6r\u00fcnt\u00fc al\u0131n\u0131r.<br \/>\nHuman &#038; Vehicle Detection: insan v\u0259 n\u0259qliyyat a\u015fkarlanmas\u0131 (smart motion) \u2014 yaln\u0131\u015f siqnallar azal\u0131r.<br \/>\nMotion Detection 2.0: siz\u0259 laz\u0131m olan h\u0259r\u0259k\u0259t tipl\u0259rini se\u00e7\u0259 bilir.<br \/>\nH.265+\/H.265\/H.264+\/H.264: video s\u0131x\u0131lma il\u0259 yadda\u015f v\u0259 \u015f\u0259b\u0259k\u0259 bant geni\u015fliyi q\u0259na\u0259ti.<br \/>\nDaxili mikrofon \u2014 real vaxt s\u0259s qeyd etm\u0259k \u00fc\u00e7\u00fcn.<br \/>\nOn-board storage: microSD karta q\u0259d\u0259r 512 GB (model\u0259 g\u00f6r\u0259) \u2014 yerli yaz\u0131 imkan\u0131.<br \/>\n\u015e\u0259b\u0259k\u0259 v\u0259 \u0130nteqrasiya<br \/>\n\u2714 Ethernet RJ45 (10\/100 Mbps) \u2014 \u015f\u0259b\u0259k\u0259 qo\u015fulmas\u0131.<br \/>\n\u2714 PoE (802.3af) \u2014 t\u0259k kabel il\u0259 enerji + data.<br \/>\n\u2714 ONVIF d\u0259st\u0259yi \u2014 m\u00fcxt\u0259lif NVR\/recorder sisteml\u0259ri il\u0259 uy\u011fun.<br \/>\n\u2714 Uzaqdan bax\u0131\u015f \u00fc\u00e7\u00fcn Hik-Connect, iVMS-4200 d\u0259st\u0259kl\u0259nir.<br \/>\nKorpus: Bullet (silindrik) tipli.<br \/>\nIP67 qorunma: su v\u0259 toza qar\u015f\u0131 y\u00fcks\u0259k s\u0259viyy\u0259li qoruma \u2014 \u00e7\u00f6ld\u0259 istifad\u0259 \u00fc\u00e7\u00fcn uy\u011fun.<br \/>\n\u018fm\u0259liyyat temperaturu: \u221230 \u00b0C \u2026 +60 \u00b0C.<br \/>\n\u00d6l\u00e7\u00fc v\u0259 \u00e7\u0259ki: t\u0259xmin\u0259n 69.8 \u00d7 67.9 \u00d7 172.9 mm, ~550 g.<\/p>\n","protected":false},"excerpt":{"rendered":"<p>Hikvision DS-2CD1027G2H-LIU \u2014 2 MP IP T\u0259hl\u00fck\u0259sizlik Kameras\u0131 Q\u0259tnam\u0259: 2 MP (1920\u00d71080 Full HD) \u2014 ayd\u0131n v\u0259 detall\u0131 video. Sensor: 1\/2.8\u2033 Progressive Scan CMOS \u2014 yax\u015f\u0131 i\u015f\u0131q h\u0259ssasl\u0131\u011f\u0131. ColorVu + Smart Hybrid Light: h\u0259m IR (qara-a\u011f), h\u0259m d\u0259 a\u011f i\u015f\u0131qla daha ayd\u0131n gec\u0259 g\u00f6r\u00fcnt\u00fc (~30 m). Lens variantlar\u0131: 2.8 mm (geni\u015f bucaq) v\u0259 4 mm&hellip;<\/p>\n","protected":false},"featured_media":20260,"comment_status":"open","ping_status":"closed","template":"","meta":[],"product_cat":[4016,2803,5271,2841],"product_tag":[4724,4780,3132,3398,4766,4779,5085,4787,2941,3801,3377,3049,3764,3392,2939,3130,5084,3135],"class_list":{"0":"post-20258","1":"product","2":"type-product","3":"status-publish","4":"has-post-thumbnail","6":"product_cat-hikvision","7":"product_cat-ip","8":"product_cat-thluksizlik-kamerasi","9":"product_cat-videonzart","10":"product_tag-2mp","11":"product_tag-builtinmic","12":"product_tag-cctv","13":"product_tag-colorvu","14":"product_tag-ds2cd1027g2hliu","15":"product_tag-fullcolor","16":"product_tag-fullhd","17":"product_tag-h265","18":"product_tag-hikvision","19":"product_tag-hikvisionazerbaijan","20":"product_tag-ip67","21":"product_tag-ipkamera","22":"product_tag-nightvision","23":"product_tag-poe","24":"product_tag-securitycamera","25":"product_tag-securitysystem","26":"product_tag-smarthybridlight","27":"product_tag-surveillance","28":"description-off","30":"first","31":"instock","32":"shipping-taxable","33":"purchasable","34":"product-type-simple"},"_links":{"self":[{"href":"https:\/\/setap.az\/index.php?rest_route=\/wp\/v2\/product\/20258","targetHints":{"allow":["GET"]}}],"collection":[{"href":"https:\/\/setap.az\/index.php?rest_route=\/wp\/v2\/product"}],"about":[{"href":"https:\/\/setap.az\/index.php?rest_route=\/wp\/v2\/types\/product"}],"replies":[{"embeddable":true,"href":"https:\/\/setap.az\/index.php?rest_route=%2Fwp%2Fv2%2Fcomments&post=20258"}],"wp:featuredmedia":[{"embeddable":true,"href":"https:\/\/setap.az\/index.php?rest_route=\/wp\/v2\/media\/20260"}],"wp:attachment":[{"href":"https:\/\/setap.az\/index.php?rest_route=%2Fwp%2Fv2%2Fmedia&parent=20258"}],"wp:term":[{"taxonomy":"product_cat","embeddable":true,"href":"https:\/\/setap.az\/index.php?rest_route=%2Fwp%2Fv2%2Fproduct_cat&post=20258"},{"taxonomy":"product_tag","embeddable":true,"href":"https:\/\/setap.az\/index.php?rest_route=%2Fwp%2Fv2%2Fproduct_tag&post=20258"}],"curies":[{"name":"wp","href":"https:\/\/api.w.org\/{rel}","templated":true}]}}