{"id":20267,"date":"2025-10-24T11:27:15","date_gmt":"2025-10-24T07:27:15","guid":{"rendered":"https:\/\/setap.az\/?post_type=product&#038;p=20267"},"modified":"2025-10-24T11:27:16","modified_gmt":"2025-10-24T07:27:16","slug":"tp-link-tapo-c425-4mp-akkumulyatorlu-wi-fi-smart-kamera","status":"publish","type":"product","link":"https:\/\/setap.az\/?product=tp-link-tapo-c425-4mp-akkumulyatorlu-wi-fi-smart-kamera","title":{"rendered":"TP-Link TAPO C425 4Mp Akkumulyatorlu Wi-Fi Smart Kamera"},"content":{"rendered":"<p>TP-Link TAPO C425 4Mp Akkumulyatorlu Wi-Fi Smart Kamera<br \/>\nG\u00f6r\u00fcnt\u00fc keyfiyy\u0259ti: 4 MP (2560 \u00d7 1440 px) \u2013 kristal ayd\u0131nl\u0131qda video, detallar itmir.<br \/>\nBa\u011flant\u0131: Wi-Fi (simsiz) \u2013 kabelsiz qura\u015fd\u0131rma, ist\u0259nil\u0259n yerd\u0259 asan yerl\u0259\u015fdirm\u0259.<br \/>\nAkkumulyator: Uzun\u00f6m\u00fcrl\u00fc batareya il\u0259 \u00e7al\u0131\u015f\u0131r \u2013 elektrik olmadan da i\u015fl\u0259yir.<br \/>\nGec\u0259 g\u00f6r\u00fcnt\u00fcs\u00fc: Full-color night vision texnologiyas\u0131 \u2013 qaranl\u0131qda da r\u0259ngli g\u00f6r\u00fcnt\u00fc.<br \/>\nA\u011f\u0131ll\u0131 a\u015fkarlama: \u0130nsan, h\u0259r\u0259k\u0259t v\u0259 s\u0259s tan\u0131ma funksiyas\u0131 (AI Detection).<br \/>\nS\u0259s v\u0259 dan\u0131\u015f\u0131q: \u0130ki t\u0259r\u0259fli s\u0259s rabit\u0259si (mikrofon + dinamik) \u2013 telefondan dan\u0131\u015fmaq m\u00fcmk\u00fcnd\u00fcr.<br \/>\nQura\u015fd\u0131rma: Tam simsiz \u2013 divara, tavan v\u0259 ya s\u0259th\u0259 rahat montaj olunur.<br \/>\nSaxlama:<br \/>\nmicroSD kart (512 GB-a q\u0259d\u0259r)<br \/>\nQoruma sinfi: IP65 \u2013 ya\u011f\u0131\u015fa v\u0259 toza davaml\u0131, a\u00e7\u0131q havada istifad\u0259 \u00fc\u00e7\u00fcn uy\u011fundur.<\/p>\n","protected":false},"excerpt":{"rendered":"<p>TP-Link TAPO C425 4Mp Akkumulyatorlu Wi-Fi Smart Kamera G\u00f6r\u00fcnt\u00fc keyfiyy\u0259ti: 4 MP (2560 \u00d7 1440 px) \u2013 kristal ayd\u0131nl\u0131qda video, detallar itmir. Ba\u011flant\u0131: Wi-Fi (simsiz) \u2013 kabelsiz qura\u015fd\u0131rma, ist\u0259nil\u0259n yerd\u0259 asan yerl\u0259\u015fdirm\u0259. Akkumulyator: Uzun\u00f6m\u00fcrl\u00fc batareya il\u0259 \u00e7al\u0131\u015f\u0131r \u2013 elektrik olmadan da i\u015fl\u0259yir. Gec\u0259 g\u00f6r\u00fcnt\u00fcs\u00fc: Full-color night vision texnologiyas\u0131 \u2013 qaranl\u0131qda da r\u0259ngli g\u00f6r\u00fcnt\u00fc. A\u011f\u0131ll\u0131 a\u015fkarlama:&hellip;<\/p>\n","protected":false},"featured_media":20268,"comment_status":"open","ping_status":"closed","template":"","meta":[],"product_cat":[4088,2862],"product_tag":[4652,5094,3132,4926,3049,5096,2939,5092,3277,2938,3135,4875,5093,2926,3765,3261,5095],"class_list":{"0":"post-20267","1":"product","2":"type-product","3":"status-publish","4":"has-post-thumbnail","6":"product_cat-tp-link","7":"product_cat-wifi-kameralar","8":"product_tag-4mp","9":"product_tag-batterycamera","10":"product_tag-cctv","11":"product_tag-colornightvision","12":"product_tag-ipkamera","13":"product_tag-motiondetection","14":"product_tag-securitycamera","15":"product_tag-setapaz","16":"product_tag-smartcamera","17":"product_tag-smarthome","18":"product_tag-surveillance","19":"product_tag-tapo","20":"product_tag-tapoc425","21":"product_tag-tplink","22":"product_tag-twowayaudio","23":"product_tag-wificamera","24":"product_tag-wirelesscamera","25":"description-off","27":"first","28":"instock","29":"shipping-taxable","30":"purchasable","31":"product-type-simple"},"_links":{"self":[{"href":"https:\/\/setap.az\/index.php?rest_route=\/wp\/v2\/product\/20267","targetHints":{"allow":["GET"]}}],"collection":[{"href":"https:\/\/setap.az\/index.php?rest_route=\/wp\/v2\/product"}],"about":[{"href":"https:\/\/setap.az\/index.php?rest_route=\/wp\/v2\/types\/product"}],"replies":[{"embeddable":true,"href":"https:\/\/setap.az\/index.php?rest_route=%2Fwp%2Fv2%2Fcomments&post=20267"}],"wp:featuredmedia":[{"embeddable":true,"href":"https:\/\/setap.az\/index.php?rest_route=\/wp\/v2\/media\/20268"}],"wp:attachment":[{"href":"https:\/\/setap.az\/index.php?rest_route=%2Fwp%2Fv2%2Fmedia&parent=20267"}],"wp:term":[{"taxonomy":"product_cat","embeddable":true,"href":"https:\/\/setap.az\/index.php?rest_route=%2Fwp%2Fv2%2Fproduct_cat&post=20267"},{"taxonomy":"product_tag","embeddable":true,"href":"https:\/\/setap.az\/index.php?rest_route=%2Fwp%2Fv2%2Fproduct_tag&post=20267"}],"curies":[{"name":"wp","href":"https:\/\/api.w.org\/{rel}","templated":true}]}}