{"id":20269,"date":"2025-10-24T12:40:56","date_gmt":"2025-10-24T08:40:56","guid":{"rendered":"https:\/\/setap.az\/?post_type=product&#038;p=20269"},"modified":"2025-10-24T12:46:04","modified_gmt":"2025-10-24T08:46:04","slug":"hikvision-ds-2cd2023g2-li2u-black","status":"publish","type":"product","link":"https:\/\/setap.az\/?product=hikvision-ds-2cd2023g2-li2u-black","title":{"rendered":"Hikvision DS-2CD2023G2-LI2U Black"},"content":{"rendered":"<p>Hikvision DS-2CD2023G2-LI2U Black<br \/>\n2 MP y\u00fcks\u0259k keyfiyy\u0259tli g\u00f6r\u00fcnt\u00fc<br \/>\n\u0130nsan v\u0259 n\u0259qliyyat vasit\u0259l\u0259rinin tan\u0131nmas\u0131 \u00fc\u00e7\u00fcn AcuSense texnologiyas\u0131<br \/>\nSmart Hybrid Light: 4 i\u015f\u0131qland\u0131rma rejimi (IR v\u0259 a\u011f i\u015f\u0131q)<br \/>\nReal vaxtda y\u00fcks\u0259k keyfiyy\u0259tli s\u0259s \u00fc\u00e7\u00fcn qo\u015fa mikrofon<br \/>\nG\u00fccl\u00fc i\u015f\u0131q fonuna qar\u015f\u0131 120 dB WDR texnologiyas\u0131<br \/>\nyadda\u015fa v\u0259 \u015f\u0259b\u0259k\u0259 trafikind\u0259 q\u0259na\u0259t \u00fc\u00e7\u00fcn H.265+ s\u0131x\u0131lma<br \/>\nA\u00e7\u0131q hava \u00fc\u00e7\u00fcn IP67 qorunma \u2014 toza v\u0259 n\u0259m\u0259 davaml\u0131l\u0131q<\/p>\n","protected":false},"excerpt":{"rendered":"<p>Hikvision DS-2CD2023G2-LI2U Black 2 MP y\u00fcks\u0259k keyfiyy\u0259tli g\u00f6r\u00fcnt\u00fc \u0130nsan v\u0259 n\u0259qliyyat vasit\u0259l\u0259rinin tan\u0131nmas\u0131 \u00fc\u00e7\u00fcn AcuSense texnologiyas\u0131 Smart Hybrid Light: 4 i\u015f\u0131qland\u0131rma rejimi (IR v\u0259 a\u011f i\u015f\u0131q) Real vaxtda y\u00fcks\u0259k keyfiyy\u0259tli s\u0259s \u00fc\u00e7\u00fcn qo\u015fa mikrofon G\u00fccl\u00fc i\u015f\u0131q fonuna qar\u015f\u0131 120 dB WDR texnologiyas\u0131 yadda\u015fa v\u0259 \u015f\u0259b\u0259k\u0259 trafikind\u0259 q\u0259na\u0259t \u00fc\u00e7\u00fcn H.265+ s\u0131x\u0131lma A\u00e7\u0131q hava \u00fc\u00e7\u00fcn IP67 qorunma&hellip;<\/p>\n","protected":false},"featured_media":20270,"comment_status":"open","ping_status":"closed","template":"","meta":[],"product_cat":[4016,2803,2849,2841],"product_tag":[4724,4752,4555,5098,3132,5097,5085,4787,2941,3801,3377,3049,3764,3392,2939,3130,3762,5084,3135,4726],"class_list":{"0":"post-20269","1":"product","2":"type-product","3":"status-publish","4":"has-post-thumbnail","6":"product_cat-hikvision","7":"product_cat-ip","8":"product_cat-videokameralar","9":"product_cat-videonzart","10":"product_tag-2mp","11":"product_tag-acusense","12":"product_tag-audio","13":"product_tag-black","14":"product_tag-cctv","15":"product_tag-ds2cd2023g2li2u","16":"product_tag-fullhd","17":"product_tag-h265","18":"product_tag-hikvision","19":"product_tag-hikvisionazerbaijan","20":"product_tag-ip67","21":"product_tag-ipkamera","22":"product_tag-nightvision","23":"product_tag-poe","24":"product_tag-securitycamera","25":"product_tag-securitysystem","26":"product_tag-smartdetection","27":"product_tag-smarthybridlight","28":"product_tag-surveillance","29":"product_tag-wdr","30":"description-off","32":"first","33":"instock","34":"shipping-taxable","35":"purchasable","36":"product-type-simple"},"_links":{"self":[{"href":"https:\/\/setap.az\/index.php?rest_route=\/wp\/v2\/product\/20269","targetHints":{"allow":["GET"]}}],"collection":[{"href":"https:\/\/setap.az\/index.php?rest_route=\/wp\/v2\/product"}],"about":[{"href":"https:\/\/setap.az\/index.php?rest_route=\/wp\/v2\/types\/product"}],"replies":[{"embeddable":true,"href":"https:\/\/setap.az\/index.php?rest_route=%2Fwp%2Fv2%2Fcomments&post=20269"}],"wp:featuredmedia":[{"embeddable":true,"href":"https:\/\/setap.az\/index.php?rest_route=\/wp\/v2\/media\/20270"}],"wp:attachment":[{"href":"https:\/\/setap.az\/index.php?rest_route=%2Fwp%2Fv2%2Fmedia&parent=20269"}],"wp:term":[{"taxonomy":"product_cat","embeddable":true,"href":"https:\/\/setap.az\/index.php?rest_route=%2Fwp%2Fv2%2Fproduct_cat&post=20269"},{"taxonomy":"product_tag","embeddable":true,"href":"https:\/\/setap.az\/index.php?rest_route=%2Fwp%2Fv2%2Fproduct_tag&post=20269"}],"curies":[{"name":"wp","href":"https:\/\/api.w.org\/{rel}","templated":true}]}}