{"id":20271,"date":"2025-10-24T13:10:11","date_gmt":"2025-10-24T09:10:11","guid":{"rendered":"https:\/\/setap.az\/?post_type=product&#038;p=20271"},"modified":"2025-10-24T13:10:14","modified_gmt":"2025-10-24T09:10:14","slug":"hikvision-ds-2cd2043g2-li-4-mp-acusense-ip-kamera","status":"publish","type":"product","link":"https:\/\/setap.az\/?product=hikvision-ds-2cd2043g2-li-4-mp-acusense-ip-kamera","title":{"rendered":"Hikvision DS-2CD2043G2-LI 4 MP AcuSense IP Kamera"},"content":{"rendered":"<p>Hikvision DS-2CD2043G2-LI<br \/>\n4 MP y\u00fcks\u0259k keyfiyy\u0259tli g\u00f6r\u00fcnt\u00fc<br \/>\n\u0130nsan v\u0259 n\u0259qliyyat vasit\u0259l\u0259rinin tan\u0131nmas\u0131 \u00fc\u00e7\u00fcn AcuSense<br \/>\nSmart Hybrid Light: 4 i\u015f\u0131qland\u0131rma rejimi (IR v\u0259 a\u011f i\u015f\u0131q)<br \/>\nG\u00fccl\u00fc i\u015f\u0131q fonuna qar\u015f\u0131 120 dB WDR texnologiyas\u0131<br \/>\nyadda\u015f v\u0259 trafik\u0259 q\u0259na\u0259t \u00fc\u00e7\u00fcn H.265+ s\u0131x\u0131lma<br \/>\nIP67 qorunma \u2014 toza v\u0259 n\u0259m\u0259 davaml\u0131 korpus<\/p>\n","protected":false},"excerpt":{"rendered":"<p>Hikvision DS-2CD2043G2-LI 4 MP y\u00fcks\u0259k keyfiyy\u0259tli g\u00f6r\u00fcnt\u00fc \u0130nsan v\u0259 n\u0259qliyyat vasit\u0259l\u0259rinin tan\u0131nmas\u0131 \u00fc\u00e7\u00fcn AcuSense Smart Hybrid Light: 4 i\u015f\u0131qland\u0131rma rejimi (IR v\u0259 a\u011f i\u015f\u0131q) G\u00fccl\u00fc i\u015f\u0131q fonuna qar\u015f\u0131 120 dB WDR texnologiyas\u0131 yadda\u015f v\u0259 trafik\u0259 q\u0259na\u0259t \u00fc\u00e7\u00fcn H.265+ s\u0131x\u0131lma IP67 qorunma \u2014 toza v\u0259 n\u0259m\u0259 davaml\u0131 korpus<\/p>\n","protected":false},"featured_media":20272,"comment_status":"open","ping_status":"closed","template":"","meta":[],"product_cat":[4016,2803,2849,2841],"product_tag":[4652,4752,3132,5099,4779,5085,4787,2941,3801,3377,3049,3764,3392,2939,3130,3762,5084,3135,4726],"class_list":{"0":"post-20271","1":"product","2":"type-product","3":"status-publish","4":"has-post-thumbnail","6":"product_cat-hikvision","7":"product_cat-ip","8":"product_cat-videokameralar","9":"product_cat-videonzart","10":"product_tag-4mp","11":"product_tag-acusense","12":"product_tag-cctv","13":"product_tag-ds2cd2043g2li","14":"product_tag-fullcolor","15":"product_tag-fullhd","16":"product_tag-h265","17":"product_tag-hikvision","18":"product_tag-hikvisionazerbaijan","19":"product_tag-ip67","20":"product_tag-ipkamera","21":"product_tag-nightvision","22":"product_tag-poe","23":"product_tag-securitycamera","24":"product_tag-securitysystem","25":"product_tag-smartdetection","26":"product_tag-smarthybridlight","27":"product_tag-surveillance","28":"product_tag-wdr","29":"description-off","31":"first","32":"instock","33":"shipping-taxable","34":"purchasable","35":"product-type-simple"},"_links":{"self":[{"href":"https:\/\/setap.az\/index.php?rest_route=\/wp\/v2\/product\/20271","targetHints":{"allow":["GET"]}}],"collection":[{"href":"https:\/\/setap.az\/index.php?rest_route=\/wp\/v2\/product"}],"about":[{"href":"https:\/\/setap.az\/index.php?rest_route=\/wp\/v2\/types\/product"}],"replies":[{"embeddable":true,"href":"https:\/\/setap.az\/index.php?rest_route=%2Fwp%2Fv2%2Fcomments&post=20271"}],"wp:featuredmedia":[{"embeddable":true,"href":"https:\/\/setap.az\/index.php?rest_route=\/wp\/v2\/media\/20272"}],"wp:attachment":[{"href":"https:\/\/setap.az\/index.php?rest_route=%2Fwp%2Fv2%2Fmedia&parent=20271"}],"wp:term":[{"taxonomy":"product_cat","embeddable":true,"href":"https:\/\/setap.az\/index.php?rest_route=%2Fwp%2Fv2%2Fproduct_cat&post=20271"},{"taxonomy":"product_tag","embeddable":true,"href":"https:\/\/setap.az\/index.php?rest_route=%2Fwp%2Fv2%2Fproduct_tag&post=20271"}],"curies":[{"name":"wp","href":"https:\/\/api.w.org\/{rel}","templated":true}]}}