{"id":20274,"date":"2025-10-27T16:33:10","date_gmt":"2025-10-27T12:33:10","guid":{"rendered":"https:\/\/setap.az\/?post_type=product&#038;p=20274"},"modified":"2025-10-27T16:33:31","modified_gmt":"2025-10-27T12:33:31","slug":"hikvision-ip-ds-kh6320-wte1-hikvision-ds-kv6133-me1","status":"publish","type":"product","link":"https:\/\/setap.az\/?product=hikvision-ip-ds-kh6320-wte1-hikvision-ds-kv6133-me1","title":{"rendered":"Hikvision IP DS-KH6320-WTE1 + Hikvision DS-KV6133-ME1 domofon"},"content":{"rendered":"<p>Hikvision IP videodomofon ekran\u0131 DS-KH6320-WTE1 + Hikvision IP \u00e7a\u011fr\u0131 paneli DS-KV6133-ME1<br \/>\n\u2714Hikvision 7\u2033 IP videodomofon ekran\u0131 DS-KH6320-WTE1<br \/>\n7\u2033 IP videodomofon.<br \/>\nSensorlu LCD ekran 1024\u00d7600.<br \/>\nH\u0259y\u0259can sensorlar\u0131 qo\u015fma imkan\u0131: 8 giri\u015f \/ 2 \u00e7\u0131x\u0131\u015f;<br \/>\n\u015e\u0259b\u0259k\u0259: RJ 45 (100M). Wi-Fi 802.11b\/g\/n;<br \/>\n32 GB-d\u0259k SD kart d\u0259st\u0259yi ;<br \/>\nVideoz\u0259ng zaman\u0131 skrin\u015fot etm\u0259k imkan\u0131.<br \/>\nQap\u0131n\u0131 uzaqdan a\u00e7maq imkanl;<br \/>\nG\u0259rginlik DC 12\u0412 \/ PoE (802.3af).<br \/>\n200\u0445140\u044515 \u043c\u043c<\/p>\n<p>\u2714Hikvision IP \u00e7a\u011fr\u0131 paneli DS-KV6133-ME1<br \/>\n129\u00b0 bax\u0131\u015f buca\u011f\u0131 il\u0259 2MP Full HD (1920\u00d71080) kamera modulu.<br \/>\n2.000 istifad\u0259\u00e7i v\u0259 10.000 kart\u0131 d\u0259st\u0259kl\u0259yir. H.264 video s\u0131x\u0131lma kodek. 120 dB WDR d\u0259st\u0259yi.<br \/>\n\u0130kit\u0259r\u0259fli \u00fcnsiyy\u0259t \u00fc\u00e7\u00fcn s\u0259s-k\u00fcy\u00fc l\u0259\u011fv ed\u0259n mikrofon v\u0259 dinamik. IR i\u015f\u0131qland\u0131rma diapazonu 2,5 metr\u0259 q\u0259d\u0259rdir.<br \/>\nQura\u015fd\u0131r\u0131lm\u0131\u015f Mifare oxuyucusu (13,56 MHz), 1 rele. \u0130nteqrasiya edilmi\u015f Wi-Fi modulu. \u0130nterfeysl\u0259r: LAN 10\/100 Mbps, 4 siqnal giri\u015fi.<br \/>\nTamper sensoru. IP65 qorunma reytinqi.<br \/>\n\u0130\u015fl\u0259m\u0259 diapazonu -40\u00b0C il\u0259 +53\u00b0C aras\u0131ndad\u0131r.<\/p>\n","protected":false},"excerpt":{"rendered":"<p>Hikvision IP videodomofon ekran\u0131 DS-KH6320-WTE1 + Hikvision IP \u00e7a\u011fr\u0131 paneli DS-KV6133-ME1 \u2714Hikvision 7\u2033 IP videodomofon ekran\u0131 DS-KH6320-WTE1 7\u2033 IP videodomofon. Sensorlu LCD ekran 1024\u00d7600. H\u0259y\u0259can sensorlar\u0131 qo\u015fma imkan\u0131: 8 giri\u015f \/ 2 \u00e7\u0131x\u0131\u015f; \u015e\u0259b\u0259k\u0259: RJ 45 (100M). Wi-Fi 802.11b\/g\/n; 32 GB-d\u0259k SD kart d\u0259st\u0259yi ; Videoz\u0259ng zaman\u0131 skrin\u015fot etm\u0259k imkan\u0131. Qap\u0131n\u0131 uzaqdan a\u00e7maq imkanl; G\u0259rginlik&hellip;<\/p>\n","protected":false},"featured_media":20279,"comment_status":"open","ping_status":"closed","template":"","meta":[],"product_cat":[3482,4154,4016,2803],"product_tag":[5101,3000,5103,3770,5100,5102,4116,5105,2941,5104,4104,4092,4820,2938,3034,3768],"class_list":{"0":"post-20274","1":"product","2":"type-product","3":"status-publish","4":"has-post-thumbnail","6":"product_cat-agilli-qapi-kilidi","7":"product_cat-domofonlar-v-qapi-znglri","8":"product_cat-hikvision","9":"product_cat-ip","10":"product_tag-7duymlukekran","11":"product_tag-agilliev","12":"product_tag-cagripaneli","13":"product_tag-domofonsistemi","14":"product_tag-dskh6320wte1","15":"product_tag-dskv6133me1","16":"product_tag-ekranlidomofon","17":"product_tag-girisnzarti","18":"product_tag-hikvision","19":"product_tag-hikvisionip","20":"product_tag-ipdomofon","21":"product_tag-ipvideodomofon","22":"product_tag-setap","23":"product_tag-smarthome","24":"product_tag-thluksizliksistemi","25":"product_tag-videodomofon","26":"description-off","28":"first","29":"instock","30":"shipping-taxable","31":"purchasable","32":"product-type-simple"},"_links":{"self":[{"href":"https:\/\/setap.az\/index.php?rest_route=\/wp\/v2\/product\/20274","targetHints":{"allow":["GET"]}}],"collection":[{"href":"https:\/\/setap.az\/index.php?rest_route=\/wp\/v2\/product"}],"about":[{"href":"https:\/\/setap.az\/index.php?rest_route=\/wp\/v2\/types\/product"}],"replies":[{"embeddable":true,"href":"https:\/\/setap.az\/index.php?rest_route=%2Fwp%2Fv2%2Fcomments&post=20274"}],"wp:featuredmedia":[{"embeddable":true,"href":"https:\/\/setap.az\/index.php?rest_route=\/wp\/v2\/media\/20279"}],"wp:attachment":[{"href":"https:\/\/setap.az\/index.php?rest_route=%2Fwp%2Fv2%2Fmedia&parent=20274"}],"wp:term":[{"taxonomy":"product_cat","embeddable":true,"href":"https:\/\/setap.az\/index.php?rest_route=%2Fwp%2Fv2%2Fproduct_cat&post=20274"},{"taxonomy":"product_tag","embeddable":true,"href":"https:\/\/setap.az\/index.php?rest_route=%2Fwp%2Fv2%2Fproduct_tag&post=20274"}],"curies":[{"name":"wp","href":"https:\/\/api.w.org\/{rel}","templated":true}]}}