{"id":20284,"date":"2025-11-03T12:00:46","date_gmt":"2025-11-03T08:00:46","guid":{"rendered":"https:\/\/setap.az\/?post_type=product&#038;p=20284"},"modified":"2025-11-03T12:00:46","modified_gmt":"2025-11-03T08:00:46","slug":"reyee-switch-rg-es106f-p-6-port","status":"publish","type":"product","link":"https:\/\/setap.az\/?product=reyee-switch-rg-es106f-p-6-port","title":{"rendered":"Reyee Switch RG-ES106F-P 6-Port"},"content":{"rendered":"<p>Reyee Switch RG-ES106F-P (6-Port 10\/100 Mbps Unmanaged PoE Switch, Steel Case)<br \/>\nKi\u00e7ik obyektl\u0259r v\u0259 kamera sisteml\u0259ri \u00fc\u00e7\u00fcn n\u0259z\u0259rd\u0259 tutulmu\u015f, 6-portlu (4 PoE + 2 uplink) 10\/100 Mbps unmanaged PoE switch-dir. Plug-and-play i\u015fl\u0259yir, metal korpusludur, s\u0259ssiz fan-s\u0131z dizayna malikdir. 54W PoE b\u00fcdc\u0259si il\u0259 IP kameralar v\u0259 dig\u0259r PoE cihazlar\u0131n\u0131 enerji il\u0259 t\u0259min edir. 802.3af\/at d\u0259st\u0259yi var, ki\u00e7ik \u015f\u0259b\u0259k\u0259l\u0259r \u00fc\u00e7\u00fcn ideal se\u00e7imdir.<\/p>\n","protected":false},"excerpt":{"rendered":"<p>Reyee Switch RG-ES106F-P (6-Port 10\/100 Mbps Unmanaged PoE Switch, Steel Case) Ki\u00e7ik obyektl\u0259r v\u0259 kamera sisteml\u0259ri \u00fc\u00e7\u00fcn n\u0259z\u0259rd\u0259 tutulmu\u015f, 6-portlu (4 PoE + 2 uplink) 10\/100 Mbps unmanaged PoE switch-dir. Plug-and-play i\u015fl\u0259yir, metal korpusludur, s\u0259ssiz fan-s\u0131z dizayna malikdir. 54W PoE b\u00fcdc\u0259si il\u0259 IP kameralar v\u0259 dig\u0259r PoE cihazlar\u0131n\u0131 enerji il\u0259 t\u0259min edir. 802.3af\/at d\u0259st\u0259yi var,&hellip;<\/p>\n","protected":false},"featured_media":20285,"comment_status":"open","ping_status":"closed","template":"","meta":[],"product_cat":[2826,3060],"product_tag":[5109,5111,5113,5110,2953,5106,5107,5112,5114,5108],"class_list":{"0":"post-20284","1":"product","2":"type-product","3":"status-publish","4":"has-post-thumbnail","6":"product_cat-sbk-avadanligi-wi-fi","7":"product_cat-switch","8":"product_tag-10_100mbps","9":"product_tag-cctvnetwork","10":"product_tag-plugandplayswitch","11":"product_tag-poeplus","12":"product_tag-poeswitch","13":"product_tag-reyeerges106fp","14":"product_tag-reyeeswitch","15":"product_tag-smallbusinessnetwork","16":"product_tag-steelcaseswitch","17":"product_tag-unmanagedswitch","18":"description-off","20":"first","21":"instock","22":"shipping-taxable","23":"purchasable","24":"product-type-simple"},"_links":{"self":[{"href":"https:\/\/setap.az\/index.php?rest_route=\/wp\/v2\/product\/20284","targetHints":{"allow":["GET"]}}],"collection":[{"href":"https:\/\/setap.az\/index.php?rest_route=\/wp\/v2\/product"}],"about":[{"href":"https:\/\/setap.az\/index.php?rest_route=\/wp\/v2\/types\/product"}],"replies":[{"embeddable":true,"href":"https:\/\/setap.az\/index.php?rest_route=%2Fwp%2Fv2%2Fcomments&post=20284"}],"wp:featuredmedia":[{"embeddable":true,"href":"https:\/\/setap.az\/index.php?rest_route=\/wp\/v2\/media\/20285"}],"wp:attachment":[{"href":"https:\/\/setap.az\/index.php?rest_route=%2Fwp%2Fv2%2Fmedia&parent=20284"}],"wp:term":[{"taxonomy":"product_cat","embeddable":true,"href":"https:\/\/setap.az\/index.php?rest_route=%2Fwp%2Fv2%2Fproduct_cat&post=20284"},{"taxonomy":"product_tag","embeddable":true,"href":"https:\/\/setap.az\/index.php?rest_route=%2Fwp%2Fv2%2Fproduct_tag&post=20284"}],"curies":[{"name":"wp","href":"https:\/\/api.w.org\/{rel}","templated":true}]}}