{"id":20296,"date":"2025-11-12T15:22:04","date_gmt":"2025-11-12T11:22:04","guid":{"rendered":"https:\/\/setap.az\/?post_type=product&#038;p=20296"},"modified":"2026-01-20T17:14:56","modified_gmt":"2026-01-20T13:14:56","slug":"2mp-hdcvi-kamera-dahua-dh-hac-lc1220tp-th-2","status":"publish","type":"product","link":"https:\/\/setap.az\/?product=2mp-hdcvi-kamera-dahua-dh-hac-lc1220tp-th-2","title":{"rendered":"Dahua DH-HAC-LC1220TP-TH 2Mp HDCVI Kamera"},"content":{"rendered":"<p>Dahua DH-HAC-LC1220TP-TH \u2014 2 meqapiksel HD-CVI Kamera temperatur v\u0259 r\u00fctub\u0259t sensorlar\u0131 il\u0259 t\u0259chiz edilmib. Kameras\u0131 real vaxt rejimind\u0259 \u0259traf m\u00fchit parametrl\u0259ri haqq\u0131nda m\u0259lumat\u0131 y\u00fcks\u0259k keyfiyy\u0259tli 1080p g\u00f6r\u00fcnt\u00fc il\u0259 video \u00f6t\u00fcr\u00fcr. Bu kameran\u0131n istifad\u0259si x\u00fcsusil\u0259 ekoloji d\u0259yi\u015fiklikl\u0259r\u0259 h\u0259ssas olan obyektl\u0259rin, m\u0259s\u0259l\u0259n, qida sektoru, d\u0259rman v\u0259 kimy\u0259vi madd\u0259 anbarlar\u0131nda, muzeyl\u0259rd\u0259, kitabxanalarda v\u0259 s. kimi yerl\u0259rd\u0259 monitorinq aparmaq \u00fc\u00e7\u00fcn vacibdir.<br \/>\n\u2714X\u00fcsusiyy\u0259tl\u0259r:<br \/>\nMatris: 1\/2.9&#8243;, 2MP CMOS<br \/>\nKadr tezliyi: 1080p@25 kadr\/s<br \/>\nFokus m\u0259saf\u0259si: 2,8 mm (sabit linza)<br \/>\nIQ i\u015f\u0131qland\u0131rma m\u0259saf\u0259si (gec\u0259 g\u00f6r\u00fcnt\u00fcs\u00fc): 20 metr, Smart IR (a\u011f\u0131ll\u0131 IQ i\u015f\u0131qland\u0131rma)<br \/>\nQura\u015fd\u0131r\u0131lm\u0131\u015f temperatur v\u0259 r\u00fctub\u0259t sensoru<br \/>\nQorunma d\u0259r\u0259c\u0259si (IP reytinqi): IP67<br \/>\nEnerji t\u0259chizat\u0131: DC12V<\/p>\n","protected":false},"excerpt":{"rendered":"<p>Dahua DH-HAC-LC1220TP-TH \u2014 2 meqapiksel HD-CVI Kamera temperatur v\u0259 r\u00fctub\u0259t sensorlar\u0131 il\u0259 t\u0259chiz edilmib. Kameras\u0131 real vaxt rejimind\u0259 \u0259traf m\u00fchit parametrl\u0259ri haqq\u0131nda m\u0259lumat\u0131 y\u00fcks\u0259k keyfiyy\u0259tli 1080p g\u00f6r\u00fcnt\u00fc il\u0259 video \u00f6t\u00fcr\u00fcr. Bu kameran\u0131n istifad\u0259si x\u00fcsusil\u0259 ekoloji d\u0259yi\u015fiklikl\u0259r\u0259 h\u0259ssas olan obyektl\u0259rin, m\u0259s\u0259l\u0259n, qida sektoru, d\u0259rman v\u0259 kimy\u0259vi madd\u0259 anbarlar\u0131nda, muzeyl\u0259rd\u0259, kitabxanalarda v\u0259 s. kimi yerl\u0259rd\u0259 monitorinq aparmaq&hellip;<\/p>\n","protected":false},"featured_media":20297,"comment_status":"open","ping_status":"closed","template":"","meta":[],"product_cat":[2802,4086,5271,2841],"product_tag":[3371,5116,3575,3129,3176,5118,3290,4505,3295,5120,5115,3300,5124,3338,3772,5119,4820,3028,3051,3034,3035],"class_list":{"0":"post-20296","1":"product","2":"type-product","3":"status-publish","4":"has-post-thumbnail","6":"product_cat-analoq","7":"product_cat-dahua","8":"product_cat-thluksizlik-kamerasi","9":"product_cat-videonzart","10":"product_tag-2mpkamera","11":"product_tag-analoqqamera","12":"product_tag-dahua","13":"product_tag-dvr","14":"product_tag-elektronika","15":"product_tag-elektronqurasdirma","16":"product_tag-evthluksizliyi","17":"product_tag-hdcvi","18":"product_tag-hdkamera","19":"product_tag-innovasiya","20":"product_tag-kameralqurasdirma","21":"product_tag-kamerasistemi","22":"product_tag-lc1220tpth","23":"product_tag-nzartsistemi","24":"product_tag-ofisthluksizliyi","25":"product_tag-sadiqkomputermrkzi","26":"product_tag-setap","27":"product_tag-texnologiya","28":"product_tag-thluksizlikkamerasi","29":"product_tag-thluksizliksistemi","30":"product_tag-videomusahid","31":"description-off","33":"first","34":"instock","35":"shipping-taxable","36":"purchasable","37":"product-type-simple"},"_links":{"self":[{"href":"https:\/\/setap.az\/index.php?rest_route=\/wp\/v2\/product\/20296","targetHints":{"allow":["GET"]}}],"collection":[{"href":"https:\/\/setap.az\/index.php?rest_route=\/wp\/v2\/product"}],"about":[{"href":"https:\/\/setap.az\/index.php?rest_route=\/wp\/v2\/types\/product"}],"replies":[{"embeddable":true,"href":"https:\/\/setap.az\/index.php?rest_route=%2Fwp%2Fv2%2Fcomments&post=20296"}],"wp:featuredmedia":[{"embeddable":true,"href":"https:\/\/setap.az\/index.php?rest_route=\/wp\/v2\/media\/20297"}],"wp:attachment":[{"href":"https:\/\/setap.az\/index.php?rest_route=%2Fwp%2Fv2%2Fmedia&parent=20296"}],"wp:term":[{"taxonomy":"product_cat","embeddable":true,"href":"https:\/\/setap.az\/index.php?rest_route=%2Fwp%2Fv2%2Fproduct_cat&post=20296"},{"taxonomy":"product_tag","embeddable":true,"href":"https:\/\/setap.az\/index.php?rest_route=%2Fwp%2Fv2%2Fproduct_tag&post=20296"}],"curies":[{"name":"wp","href":"https:\/\/api.w.org\/{rel}","templated":true}]}}