{"id":20314,"date":"2025-11-20T16:07:51","date_gmt":"2025-11-20T12:07:51","guid":{"rendered":"https:\/\/setap.az\/?post_type=product&#038;p=20314"},"modified":"2026-01-21T13:51:17","modified_gmt":"2026-01-21T09:51:17","slug":"5mp-fisheye-ip-kamera-dahua-dh-ipc-ew5541p-as","status":"publish","type":"product","link":"https:\/\/setap.az\/?product=5mp-fisheye-ip-kamera-dahua-dh-ipc-ew5541p-as","title":{"rendered":"Dahua DH-IPC-EW5541P-AS 5Mp Fisheye IP-Kamera"},"content":{"rendered":"<p>Dahua DH-IPC-EW5541P-AS 5Mp IP fisheye (geni\u015f panoramik g\u00f6r\u00fcnt\u00fc) kamera<br \/>\n\u00c7\u00f6z\u00fcn\u00fcrl\u00fck: 5 MP (2560\u00d71920) \u2192 \u00e7ox detal<br \/>\nFisheye obyektiv: 180\u00b0 \/ 360\u00b0 panoramik bax\u0131\u015f imkan\u0131<br \/>\nBir kamerayla daha geni\u015f sah\u0259 izl\u0259m\u0259<br \/>\nSah\u0259d\u0259 \u201c\u00f6l\u00fc zonalar\u201d az olur<br \/>\nIP (Network) kamera \u2014 LAN\/Wi-Fi il\u0259 qo\u015fulur<br \/>\nPoE d\u0259st\u0259yi (Power over Ethernet) \u2192 bir kabel h\u0259m enerji, h\u0259m m\u0259lumat<br \/>\nONVIF uy\u011fundur \u2192 m\u00fcxt\u0259lif NVR v\u0259 VMS sisteml\u0259ri il\u0259 i\u015fl\u0259yir<\/p>\n<p>\ud83d\udcf6 A\u011f\u0131ll\u0131 Funksiyalar<br \/>\nSmart H.265+ \/ H.265 \/ H.264+ video s\u0131xma \u2192 daha az yadda\u015f<br \/>\nSmart Motion Detection \/ tripwire \/ intrusion<br \/>\n\u2192 h\u0259r\u0259k\u0259t a\u015fkarland\u0131qda x\u0259b\u0259rdarl\u0131q<br \/>\nROI (Region of Interest) \u2013 vacib sah\u0259l\u0259r\u0259 fokus<br \/>\n\u2714Gec\u0259 G\u00f6r\u00fc\u015f\u00fc<br \/>\nSmart IR \/ LED il\u0259 gec\u0259 \u00e7\u0259kili\u015f<br \/>\nG\u00f6r\u00fcnt\u00fc gec\u0259 d\u0259 ayd\u0131n v\u0259 r\u0259q\u0259msal analiz\u0259 uy\u011fundur<\/p>\n","protected":false},"excerpt":{"rendered":"<p>Dahua DH-IPC-EW5541P-AS 5Mp IP fisheye (geni\u015f panoramik g\u00f6r\u00fcnt\u00fc) kamera \u00c7\u00f6z\u00fcn\u00fcrl\u00fck: 5 MP (2560\u00d71920) \u2192 \u00e7ox detal Fisheye obyektiv: 180\u00b0 \/ 360\u00b0 panoramik bax\u0131\u015f imkan\u0131 Bir kamerayla daha geni\u015f sah\u0259 izl\u0259m\u0259 Sah\u0259d\u0259 \u201c\u00f6l\u00fc zonalar\u201d az olur IP (Network) kamera \u2014 LAN\/Wi-Fi il\u0259 qo\u015fulur PoE d\u0259st\u0259yi (Power over Ethernet) \u2192 bir kabel h\u0259m enerji, h\u0259m m\u0259lumat ONVIF&hellip;<\/p>\n","protected":false},"featured_media":20315,"comment_status":"open","ping_status":"closed","template":"","meta":[],"product_cat":[4086,2803,2849,2841],"product_tag":[3288,3583,3575,5135,4941,3049,3080,3051,3035,5136],"class_list":{"0":"post-20314","1":"product","2":"type-product","3":"status-publish","4":"has-post-thumbnail","6":"product_cat-dahua","7":"product_cat-ip","8":"product_cat-videokameralar","9":"product_cat-videonzart","10":"product_tag-360kamera","11":"product_tag-5mpkamera","12":"product_tag-dahua","13":"product_tag-ew5541p","14":"product_tag-fisheye","15":"product_tag-ipkamera","16":"product_tag-musahidsistemi","17":"product_tag-thluksizlikkamerasi","18":"product_tag-videomusahid","19":"product_tag-wizmind","20":"description-off","22":"first","23":"instock","24":"shipping-taxable","25":"purchasable","26":"product-type-simple"},"_links":{"self":[{"href":"https:\/\/setap.az\/index.php?rest_route=\/wp\/v2\/product\/20314","targetHints":{"allow":["GET"]}}],"collection":[{"href":"https:\/\/setap.az\/index.php?rest_route=\/wp\/v2\/product"}],"about":[{"href":"https:\/\/setap.az\/index.php?rest_route=\/wp\/v2\/types\/product"}],"replies":[{"embeddable":true,"href":"https:\/\/setap.az\/index.php?rest_route=%2Fwp%2Fv2%2Fcomments&post=20314"}],"wp:featuredmedia":[{"embeddable":true,"href":"https:\/\/setap.az\/index.php?rest_route=\/wp\/v2\/media\/20315"}],"wp:attachment":[{"href":"https:\/\/setap.az\/index.php?rest_route=%2Fwp%2Fv2%2Fmedia&parent=20314"}],"wp:term":[{"taxonomy":"product_cat","embeddable":true,"href":"https:\/\/setap.az\/index.php?rest_route=%2Fwp%2Fv2%2Fproduct_cat&post=20314"},{"taxonomy":"product_tag","embeddable":true,"href":"https:\/\/setap.az\/index.php?rest_route=%2Fwp%2Fv2%2Fproduct_tag&post=20314"}],"curies":[{"name":"wp","href":"https:\/\/api.w.org\/{rel}","templated":true}]}}