{"id":20358,"date":"2025-12-13T10:09:52","date_gmt":"2025-12-13T06:09:52","guid":{"rendered":"https:\/\/setap.az\/?post_type=product&#038;p=20358"},"modified":"2025-12-13T10:09:52","modified_gmt":"2025-12-13T06:09:52","slug":"metal-detektoru-dahua-dhi-isc-h001","status":"publish","type":"product","link":"https:\/\/setap.az\/?product=metal-detektoru-dahua-dhi-isc-h001","title":{"rendered":"Metal detektoru Dahua DHI-ISC-H001"},"content":{"rendered":"<p>    9V batareya daxildir<br \/>\n    A\u015fkarlama funksiyas\u0131n\u0131 aktivl\u0259\u015fdirin v\u0259 s\u00f6nd\u00fcr\u00fcn<br \/>\n    H\u0259ssasl\u0131\u011f\u0131n 2 s\u0259viyy\u0259si<br \/>\n    Metal a\u015fkarlanmas\u0131 \u00fc\u00e7\u00fcn s\u0259s, i\u015f\u0131q v\u0259 ya vibrasiya siqnal\u0131<br \/>\n    S\u0259s siqnal\u0131n\u0131 v\u0259 ya vibrasiya siqnal\u0131n\u0131 ayr\u0131ca idar\u0259 edir<\/p>\n","protected":false},"excerpt":{"rendered":"<p>9V batareya daxildir A\u015fkarlama funksiyas\u0131n\u0131 aktivl\u0259\u015fdirin v\u0259 s\u00f6nd\u00fcr\u00fcn H\u0259ssasl\u0131\u011f\u0131n 2 s\u0259viyy\u0259si Metal a\u015fkarlanmas\u0131 \u00fc\u00e7\u00fcn s\u0259s, i\u015f\u0131q v\u0259 ya vibrasiya siqnal\u0131 S\u0259s siqnal\u0131n\u0131 v\u0259 ya vibrasiya siqnal\u0131n\u0131 ayr\u0131ca idar\u0259 edir<\/p>\n","protected":false},"featured_media":20360,"comment_status":"open","ping_status":"closed","template":"","meta":[],"product_cat":[4086,2852,5152],"product_tag":[5156,3575,5158,5154,5153,5157,3142,5155],"class_list":{"0":"post-20358","1":"product","2":"type-product","3":"status-publish","4":"has-post-thumbnail","6":"product_cat-dahua","7":"product_cat-detektorlar","8":"product_cat-giris-nzart-sistemlri","9":"product_tag-askarlama","10":"product_tag-dahua","11":"product_tag-detektor","12":"product_tag-iscih001","13":"product_tag-metaldetektoru","14":"product_tag-securitycheck","15":"product_tag-thluksizlik","16":"product_tag-thluksizlikavadanligi","17":"description-off","19":"first","20":"instock","21":"shipping-taxable","22":"purchasable","23":"product-type-simple"},"_links":{"self":[{"href":"https:\/\/setap.az\/index.php?rest_route=\/wp\/v2\/product\/20358","targetHints":{"allow":["GET"]}}],"collection":[{"href":"https:\/\/setap.az\/index.php?rest_route=\/wp\/v2\/product"}],"about":[{"href":"https:\/\/setap.az\/index.php?rest_route=\/wp\/v2\/types\/product"}],"replies":[{"embeddable":true,"href":"https:\/\/setap.az\/index.php?rest_route=%2Fwp%2Fv2%2Fcomments&post=20358"}],"wp:featuredmedia":[{"embeddable":true,"href":"https:\/\/setap.az\/index.php?rest_route=\/wp\/v2\/media\/20360"}],"wp:attachment":[{"href":"https:\/\/setap.az\/index.php?rest_route=%2Fwp%2Fv2%2Fmedia&parent=20358"}],"wp:term":[{"taxonomy":"product_cat","embeddable":true,"href":"https:\/\/setap.az\/index.php?rest_route=%2Fwp%2Fv2%2Fproduct_cat&post=20358"},{"taxonomy":"product_tag","embeddable":true,"href":"https:\/\/setap.az\/index.php?rest_route=%2Fwp%2Fv2%2Fproduct_tag&post=20358"}],"curies":[{"name":"wp","href":"https:\/\/api.w.org\/{rel}","templated":true}]}}