{"id":20412,"date":"2026-01-05T14:11:05","date_gmt":"2026-01-05T10:11:05","guid":{"rendered":"https:\/\/setap.az\/?post_type=product&#038;p=20412"},"modified":"2026-01-05T14:29:36","modified_gmt":"2026-01-05T10:29:36","slug":"16gb-mikro-kart","status":"publish","type":"product","link":"https:\/\/setap.az\/?product=16gb-mikro-kart","title":{"rendered":"16GB microSD kart"},"content":{"rendered":"<p>16GB microSD kart t\u0259hl\u00fck\u0259sizlik kameralar\u0131 v\u0259 dig\u0259r elektron cihazlar \u00fc\u00e7\u00fcn praktik v\u0259 etibarl\u0131d\u0131r.<\/p>\n<p>\ud83d\udd39 Tutum: 16GB<br \/>\n\ud83d\udd39 Kameralar \u00fc\u00e7\u00fcn uy\u011fundur (IP v\u0259 Wi-Fi kameralar)<br \/>\n\ud83d\udd39 Daimi video yaz\u0131 imkan\u0131<br \/>\n\ud83d\udd39 Plug &#038; Play \u2013 tax v\u0259 istifad\u0259 et<\/p>\n<p>\ud83d\udcf9 \u0130stifad\u0259 sah\u0259si:<br \/>\n\u2013 T\u0259hl\u00fck\u0259sizlik kameralar\u0131<br \/>\n\u2013 Telefon v\u0259 plan\u015fetl\u0259r<br \/>\n\u2013 DVR \/ NVR sisteml\u0259ri (uy\u011funluqdan as\u0131l\u0131 olaraq)<\/p>\n","protected":false},"excerpt":{"rendered":"<p>16GB microSD kart t\u0259hl\u00fck\u0259sizlik kameralar\u0131 v\u0259 dig\u0259r elektron cihazlar \u00fc\u00e7\u00fcn praktik v\u0259 etibarl\u0131d\u0131r. \ud83d\udd39 Tutum: 16GB \ud83d\udd39 Kameralar \u00fc\u00e7\u00fcn uy\u011fundur (IP v\u0259 Wi-Fi kameralar) \ud83d\udd39 Daimi video yaz\u0131 imkan\u0131 \ud83d\udd39 Plug &#038; Play \u2013 tax v\u0259 istifad\u0259 et \ud83d\udcf9 \u0130stifad\u0259 sah\u0259si: \u2013 T\u0259hl\u00fck\u0259sizlik kameralar\u0131 \u2013 Telefon v\u0259 plan\u015fetl\u0259r \u2013 DVR \/ NVR sisteml\u0259ri (uy\u011funluqdan as\u0131l\u0131&hellip;<\/p>\n","protected":false},"featured_media":20413,"comment_status":"open","ping_status":"closed","template":"","meta":[],"product_cat":[2825],"product_tag":[5210,3176,3049,5206,5212,5209,5214,4820,5092,3142,5213,2929,5211],"class_list":{"0":"post-20412","1":"product","2":"type-product","3":"status-publish","4":"has-post-thumbnail","6":"product_cat-xarici-srt-disklr-yaddas-kartlari-flash","7":"product_tag-16gb","8":"product_tag-elektronika","9":"product_tag-ipkamera","10":"product_tag-kamerasatisi","11":"product_tag-kamerayaddasi","12":"product_tag-microsd","13":"product_tag-onlinealis","14":"product_tag-setap","15":"product_tag-setapaz","16":"product_tag-thluksizlik","17":"product_tag-videoyazi","18":"product_tag-wifikamera","19":"product_tag-yaddaskarti","20":"description-off","22":"first","23":"instock","24":"shipping-taxable","25":"purchasable","26":"product-type-simple"},"_links":{"self":[{"href":"https:\/\/setap.az\/index.php?rest_route=\/wp\/v2\/product\/20412","targetHints":{"allow":["GET"]}}],"collection":[{"href":"https:\/\/setap.az\/index.php?rest_route=\/wp\/v2\/product"}],"about":[{"href":"https:\/\/setap.az\/index.php?rest_route=\/wp\/v2\/types\/product"}],"replies":[{"embeddable":true,"href":"https:\/\/setap.az\/index.php?rest_route=%2Fwp%2Fv2%2Fcomments&post=20412"}],"wp:featuredmedia":[{"embeddable":true,"href":"https:\/\/setap.az\/index.php?rest_route=\/wp\/v2\/media\/20413"}],"wp:attachment":[{"href":"https:\/\/setap.az\/index.php?rest_route=%2Fwp%2Fv2%2Fmedia&parent=20412"}],"wp:term":[{"taxonomy":"product_cat","embeddable":true,"href":"https:\/\/setap.az\/index.php?rest_route=%2Fwp%2Fv2%2Fproduct_cat&post=20412"},{"taxonomy":"product_tag","embeddable":true,"href":"https:\/\/setap.az\/index.php?rest_route=%2Fwp%2Fv2%2Fproduct_tag&post=20412"}],"curies":[{"name":"wp","href":"https:\/\/api.w.org\/{rel}","templated":true}]}}