{"id":20418,"date":"2026-01-05T14:34:37","date_gmt":"2026-01-05T10:34:37","guid":{"rendered":"https:\/\/setap.az\/?post_type=product&#038;p=20418"},"modified":"2026-01-05T14:34:38","modified_gmt":"2026-01-05T10:34:38","slug":"128gb-microsd-kart","status":"publish","type":"product","link":"https:\/\/setap.az\/?product=128gb-microsd-kart","title":{"rendered":"128GB microSD kart"},"content":{"rendered":"<p>128GB microSD kart y\u00fcks\u0259k keyfiyy\u0259tli (Full HD \/ 4MP) kameralar \u00fc\u00e7\u00fcn uzunm\u00fcdd\u0259tli arxiv yaratmaq ist\u0259y\u0259nl\u0259r \u00fc\u00e7\u00fcn uy\u011fundur.<\/p>\n<p>\ud83d\udd39 Tutum: 128GB<br \/>\n\ud83d\udd39 Y\u00fcks\u0259k keyfiyy\u0259tli video yaz\u0131 \u00fc\u00e7\u00fcn ideal<br \/>\n\ud83d\udd39 Daha az silm\u0259, daha \u00e7ox arxiv<br \/>\n\ud83d\udd39 Kamera, telefon v\u0259 dig\u0259r cihazlarla uy\u011fun<br \/>\n\ud83d\udd39 Stabil v\u0259 etibarl\u0131 yazma<br \/>\n\u0130stifad\u0259 sah\u0259si:<br \/>\n\u2013 T\u0259hl\u00fck\u0259sizlik kameralar\u0131<br \/>\n\u2013 Telefon v\u0259 plan\u015fetl\u0259r<br \/>\n\u2013 DVR \/ NVR sisteml\u0259ri (uy\u011funluqdan as\u0131l\u0131 olaraq)<\/p>\n","protected":false},"excerpt":{"rendered":"<p>128GB microSD kart y\u00fcks\u0259k keyfiyy\u0259tli (Full HD \/ 4MP) kameralar \u00fc\u00e7\u00fcn uzunm\u00fcdd\u0259tli arxiv yaratmaq ist\u0259y\u0259nl\u0259r \u00fc\u00e7\u00fcn uy\u011fundur. \ud83d\udd39 Tutum: 128GB \ud83d\udd39 Y\u00fcks\u0259k keyfiyy\u0259tli video yaz\u0131 \u00fc\u00e7\u00fcn ideal \ud83d\udd39 Daha az silm\u0259, daha \u00e7ox arxiv \ud83d\udd39 Kamera, telefon v\u0259 dig\u0259r cihazlarla uy\u011fun \ud83d\udd39 Stabil v\u0259 etibarl\u0131 yazma \u0130stifad\u0259 sah\u0259si: \u2013 T\u0259hl\u00fck\u0259sizlik kameralar\u0131 \u2013 Telefon v\u0259 plan\u015fetl\u0259r&hellip;<\/p>\n","protected":false},"featured_media":20419,"comment_status":"open","ping_status":"closed","template":"","meta":[],"product_cat":[2825],"product_tag":[5217,3176,3049,5212,5209,4820,5092,3142,5218,2929,5211],"class_list":{"0":"post-20418","1":"product","2":"type-product","3":"status-publish","4":"has-post-thumbnail","6":"product_cat-xarici-srt-disklr-yaddas-kartlari-flash","7":"product_tag-128gb","8":"product_tag-elektronika","9":"product_tag-ipkamera","10":"product_tag-kamerayaddasi","11":"product_tag-microsd","12":"product_tag-setap","13":"product_tag-setapaz","14":"product_tag-thluksizlik","15":"product_tag-uzunmuddtliyazi","16":"product_tag-wifikamera","17":"product_tag-yaddaskarti","18":"description-off","20":"first","21":"instock","22":"shipping-taxable","23":"purchasable","24":"product-type-simple"},"_links":{"self":[{"href":"https:\/\/setap.az\/index.php?rest_route=\/wp\/v2\/product\/20418","targetHints":{"allow":["GET"]}}],"collection":[{"href":"https:\/\/setap.az\/index.php?rest_route=\/wp\/v2\/product"}],"about":[{"href":"https:\/\/setap.az\/index.php?rest_route=\/wp\/v2\/types\/product"}],"replies":[{"embeddable":true,"href":"https:\/\/setap.az\/index.php?rest_route=%2Fwp%2Fv2%2Fcomments&post=20418"}],"wp:featuredmedia":[{"embeddable":true,"href":"https:\/\/setap.az\/index.php?rest_route=\/wp\/v2\/media\/20419"}],"wp:attachment":[{"href":"https:\/\/setap.az\/index.php?rest_route=%2Fwp%2Fv2%2Fmedia&parent=20418"}],"wp:term":[{"taxonomy":"product_cat","embeddable":true,"href":"https:\/\/setap.az\/index.php?rest_route=%2Fwp%2Fv2%2Fproduct_cat&post=20418"},{"taxonomy":"product_tag","embeddable":true,"href":"https:\/\/setap.az\/index.php?rest_route=%2Fwp%2Fv2%2Fproduct_tag&post=20418"}],"curies":[{"name":"wp","href":"https:\/\/api.w.org\/{rel}","templated":true}]}}