{"id":20420,"date":"2026-01-05T14:36:20","date_gmt":"2026-01-05T10:36:20","guid":{"rendered":"https:\/\/setap.az\/?post_type=product&#038;p=20420"},"modified":"2026-02-20T15:45:40","modified_gmt":"2026-02-20T11:45:40","slug":"256gb-microsd-kart","status":"publish","type":"product","link":"https:\/\/setap.az\/?product=256gb-microsd-kart","title":{"rendered":"256GB microSD kart"},"content":{"rendered":"<p>256GB microSD kart pe\u015f\u0259kar istifad\u0259 v\u0259 maksimum video arxiv \u00fc\u00e7\u00fcn n\u0259z\u0259rd\u0259 tutulmu\u015f y\u00fcks\u0259k tutumlu yadda\u015f kart\u0131d\u0131r.<\/p>\n<p>\ud83d\udd39 Tutum: 256GB<br \/>\n\ud83d\udd39 4MP \/ 5MP kameralar \u00fc\u00e7\u00fcn ideal<br \/>\n\ud83d\udd39 Uzunm\u00fcdd\u0259tli, fasil\u0259siz video saxlanmas\u0131<br \/>\n\ud83d\udd39 NVR olmadan bel\u0259 geni\u015f arxiv imkan\u0131<br \/>\n\ud83d\udd39 Pe\u015f\u0259kar v\u0259 kommersiya obyektl\u0259ri \u00fc\u00e7\u00fcn uy\u011fun<br \/>\n\ud83d\udcf9 \u0130stifad\u0259 sah\u0259si:<br \/>\n\u2013 T\u0259hl\u00fck\u0259sizlik kameralar\u0131<br \/>\n\u2013 Telefon v\u0259 plan\u015fetl\u0259r<br \/>\n\u2013 DVR \/ NVR sisteml\u0259ri (uy\u011funluqdan as\u0131l\u0131 olaraq)<\/p>\n","protected":false},"excerpt":{"rendered":"<p>256GB microSD kart pe\u015f\u0259kar istifad\u0259 v\u0259 maksimum video arxiv \u00fc\u00e7\u00fcn n\u0259z\u0259rd\u0259 tutulmu\u015f y\u00fcks\u0259k tutumlu yadda\u015f kart\u0131d\u0131r. \ud83d\udd39 Tutum: 256GB \ud83d\udd39 4MP \/ 5MP kameralar \u00fc\u00e7\u00fcn ideal \ud83d\udd39 Uzunm\u00fcdd\u0259tli, fasil\u0259siz video saxlanmas\u0131 \ud83d\udd39 NVR olmadan bel\u0259 geni\u015f arxiv imkan\u0131 \ud83d\udd39 Pe\u015f\u0259kar v\u0259 kommersiya obyektl\u0259ri \u00fc\u00e7\u00fcn uy\u011fun \ud83d\udcf9 \u0130stifad\u0259 sah\u0259si: \u2013 T\u0259hl\u00fck\u0259sizlik kameralar\u0131 \u2013 Telefon v\u0259 plan\u015fetl\u0259r&hellip;<\/p>\n","protected":false},"featured_media":20421,"comment_status":"open","ping_status":"closed","template":"","meta":[],"product_cat":[2825],"product_tag":[5219,3176,3049,5212,5209,5220,4820,5092,3142,5221,5211],"class_list":{"0":"post-20420","1":"product","2":"type-product","3":"status-publish","4":"has-post-thumbnail","6":"product_cat-xarici-srt-disklr-yaddas-kartlari-flash","7":"product_tag-256gb","8":"product_tag-elektronika","9":"product_tag-ipkamera","10":"product_tag-kamerayaddasi","11":"product_tag-microsd","12":"product_tag-professionalyaddas","13":"product_tag-setap","14":"product_tag-setapaz","15":"product_tag-thluksizlik","16":"product_tag-videoarxiv","17":"product_tag-yaddaskarti","18":"description-off","20":"first","21":"instock","22":"shipping-taxable","23":"purchasable","24":"product-type-simple"},"_links":{"self":[{"href":"https:\/\/setap.az\/index.php?rest_route=\/wp\/v2\/product\/20420","targetHints":{"allow":["GET"]}}],"collection":[{"href":"https:\/\/setap.az\/index.php?rest_route=\/wp\/v2\/product"}],"about":[{"href":"https:\/\/setap.az\/index.php?rest_route=\/wp\/v2\/types\/product"}],"replies":[{"embeddable":true,"href":"https:\/\/setap.az\/index.php?rest_route=%2Fwp%2Fv2%2Fcomments&post=20420"}],"wp:featuredmedia":[{"embeddable":true,"href":"https:\/\/setap.az\/index.php?rest_route=\/wp\/v2\/media\/20421"}],"wp:attachment":[{"href":"https:\/\/setap.az\/index.php?rest_route=%2Fwp%2Fv2%2Fmedia&parent=20420"}],"wp:term":[{"taxonomy":"product_cat","embeddable":true,"href":"https:\/\/setap.az\/index.php?rest_route=%2Fwp%2Fv2%2Fproduct_cat&post=20420"},{"taxonomy":"product_tag","embeddable":true,"href":"https:\/\/setap.az\/index.php?rest_route=%2Fwp%2Fv2%2Fproduct_tag&post=20420"}],"curies":[{"name":"wp","href":"https:\/\/api.w.org\/{rel}","templated":true}]}}