{"id":20424,"date":"2026-01-06T12:22:23","date_gmt":"2026-01-06T08:22:23","guid":{"rendered":"https:\/\/setap.az\/?post_type=product&#038;p=20424"},"modified":"2026-01-06T12:25:20","modified_gmt":"2026-01-06T08:25:20","slug":"hdmi-kabell%c9%99r","status":"publish","type":"product","link":"https:\/\/setap.az\/?product=hdmi-kabell%c9%99r","title":{"rendered":"HDMI kabell\u0259r"},"content":{"rendered":"<p>HDMI kabel televizor, monitor v\u0259 media cihazlar\u0131 aras\u0131nda g\u00f6r\u00fcnt\u00fc + s\u0259si eyni anda \u00f6t\u00fcr\u0259n \u0259n stabil ba\u011flant\u0131 vasit\u0259sidir.<br \/>\n\ud83d\udd11 \u00dcmumi X\u00fcsusiyy\u0259tl\u0259r<\/p>\n<p>\u2714 Full HD v\u0259 4K \u00e7\u00f6z\u00fcn\u00fcrl\u00fck d\u0259st\u0259yi<br \/>\n\u2714 DVR \/ NVR cihazlar\u0131ndan ekrana rahat \u00e7\u0131x\u0131\u015f<br \/>\n\u2714 Komp\u00fcter v\u0259 noutbuklarla uy\u011funluq<br \/>\n\u2714 Oyun konsollar\u0131 v\u0259 proyektor \u00fc\u00e7\u00fcn ideal<br \/>\n\u2714 Plug &#038; Play \u2014 tax v\u0259 istifad\u0259 et<br \/>\n\u2714 Uzun m\u0259saf\u0259d\u0259 bel\u0259 stabil siqnal \u00f6t\u00fcrm\u0259si<\/p>\n<p>\ud83c\udfaf HDMI kabel il\u0259:<br \/>\nDVR \u2192 TV<br \/>\nNVR \u2192 Monitor<br \/>\nLaptop \u2192 TV<br \/>\nPC \u2192 Monitor<br \/>\nPlayStation Xbox \u2192 TV<\/p>\n<p> HDMI kabel 1.5m &#8211; 5 AZN<br \/>\n HDMI kabel 3m   &#8211; 8 AZN<br \/>\n HDMI kabel 5m   &#8211; 9 AZN<br \/>\n HDMI kabel 10m  &#8211; 14 AZN<br \/>\n HDMI kabel 15m  &#8211; 22 AZN<br \/>\n HDMI kabel 20m  &#8211; 30 AZN<\/p>\n","protected":false},"excerpt":{"rendered":"<p>HDMI kabel televizor, monitor v\u0259 media cihazlar\u0131 aras\u0131nda g\u00f6r\u00fcnt\u00fc + s\u0259si eyni anda \u00f6t\u00fcr\u0259n \u0259n stabil ba\u011flant\u0131 vasit\u0259sidir. \ud83d\udd11 \u00dcmumi X\u00fcsusiyy\u0259tl\u0259r \u2714 Full HD v\u0259 4K \u00e7\u00f6z\u00fcn\u00fcrl\u00fck d\u0259st\u0259yi \u2714 DVR \/ NVR cihazlar\u0131ndan ekrana rahat \u00e7\u0131x\u0131\u015f \u2714 Komp\u00fcter v\u0259 noutbuklarla uy\u011funluq \u2714 Oyun konsollar\u0131 v\u0259 proyektor \u00fc\u00e7\u00fcn ideal \u2714 Plug &#038; Play \u2014 tax v\u0259&hellip;<\/p>\n","protected":false},"featured_media":20430,"comment_status":"open","ping_status":"closed","template":"","meta":[],"product_cat":[5238,2808],"product_tag":[5232,5229,5233,5230,5231,3129,3176,4527,5228,2941,3068,3093,3133,5237,5236,5235,4820,5092,5234,4897,2926],"class_list":{"0":"post-20424","1":"product","2":"type-product","3":"status-publish","4":"has-post-thumbnail","6":"product_cat-hdmi-kabel","7":"product_cat-kabel-mhsullari","8":"product_tag-10m","9":"product_tag-15m","10":"product_tag-20m","11":"product_tag-3m","12":"product_tag-5m","13":"product_tag-dvr","14":"product_tag-elektronika","15":"product_tag-hdmi","16":"product_tag-hdmikabel","17":"product_tag-hikvision","18":"product_tag-imou","19":"product_tag-monitor","20":"product_tag-nvr","21":"product_tag-oyunkonsolu","22":"product_tag-pckabel","23":"product_tag-proyektor","24":"product_tag-setap","25":"product_tag-setapaz","26":"product_tag-televizor","27":"product_tag-tiandy","28":"product_tag-tplink","29":"description-off","31":"first","32":"instock","33":"shipping-taxable","34":"purchasable","35":"product-type-simple"},"_links":{"self":[{"href":"https:\/\/setap.az\/index.php?rest_route=\/wp\/v2\/product\/20424","targetHints":{"allow":["GET"]}}],"collection":[{"href":"https:\/\/setap.az\/index.php?rest_route=\/wp\/v2\/product"}],"about":[{"href":"https:\/\/setap.az\/index.php?rest_route=\/wp\/v2\/types\/product"}],"replies":[{"embeddable":true,"href":"https:\/\/setap.az\/index.php?rest_route=%2Fwp%2Fv2%2Fcomments&post=20424"}],"wp:featuredmedia":[{"embeddable":true,"href":"https:\/\/setap.az\/index.php?rest_route=\/wp\/v2\/media\/20430"}],"wp:attachment":[{"href":"https:\/\/setap.az\/index.php?rest_route=%2Fwp%2Fv2%2Fmedia&parent=20424"}],"wp:term":[{"taxonomy":"product_cat","embeddable":true,"href":"https:\/\/setap.az\/index.php?rest_route=%2Fwp%2Fv2%2Fproduct_cat&post=20424"},{"taxonomy":"product_tag","embeddable":true,"href":"https:\/\/setap.az\/index.php?rest_route=%2Fwp%2Fv2%2Fproduct_tag&post=20424"}],"curies":[{"name":"wp","href":"https:\/\/api.w.org\/{rel}","templated":true}]}}