{"id":20427,"date":"2026-01-06T12:10:56","date_gmt":"2026-01-06T08:10:56","guid":{"rendered":"https:\/\/setap.az\/?post_type=product&#038;p=20427"},"modified":"2026-01-06T12:10:57","modified_gmt":"2026-01-06T08:10:57","slug":"8gb-microsd-kart","status":"publish","type":"product","link":"https:\/\/setap.az\/?product=8gb-microsd-kart","title":{"rendered":"8GB microSD kart"},"content":{"rendered":"<p>8GB microSD kart g\u00fcnd\u0259lik istifad\u0259 v\u0259 giri\u015f s\u0259viyy\u0259li cihazlar \u00fc\u00e7\u00fcn yadda\u015f kart\u0131d\u0131r.<\/p>\n<p>\ud83d\udd39 Tutum: 8GB<br \/>\n\ud83d\udd39 2MP \u00e7\u00f6z\u00fcn\u00fcrl\u00fckl\u00fc IP \/ Wi-Fi kameralarda q\u0131sa m\u00fcdd\u0259tli yaz\u0131<br \/>\n\ud83d\udd39 Telefon, MP3, mini cihazlarla uy\u011fun<br \/>\n\ud83d\udd39 Plug &#038; Play \u2013 tax v\u0259 d\u0259rhal istifad\u0259 et<br \/>\n\ud83d\udd39 \u0130nternet k\u0259sils\u0259 bel\u0259 lokal yaz\u0131 imkan\u0131<\/p>\n","protected":false},"excerpt":{"rendered":"<p>8GB microSD kart g\u00fcnd\u0259lik istifad\u0259 v\u0259 giri\u015f s\u0259viyy\u0259li cihazlar \u00fc\u00e7\u00fcn yadda\u015f kart\u0131d\u0131r. \ud83d\udd39 Tutum: 8GB \ud83d\udd39 2MP \u00e7\u00f6z\u00fcn\u00fcrl\u00fckl\u00fc IP \/ Wi-Fi kameralarda q\u0131sa m\u00fcdd\u0259tli yaz\u0131 \ud83d\udd39 Telefon, MP3, mini cihazlarla uy\u011fun \ud83d\udd39 Plug &#038; Play \u2013 tax v\u0259 d\u0259rhal istifad\u0259 et \ud83d\udd39 \u0130nternet k\u0259sils\u0259 bel\u0259 lokal yaz\u0131 imkan\u0131<\/p>\n","protected":false},"featured_media":20428,"comment_status":"open","ping_status":"closed","template":"","meta":[],"product_cat":[2825],"product_tag":[5227,3176,3049,5212,5209,4820,5092,2929,5211],"class_list":{"0":"post-20427","1":"product","2":"type-product","3":"status-publish","4":"has-post-thumbnail","6":"product_cat-xarici-srt-disklr-yaddas-kartlari-flash","7":"product_tag-8gb","8":"product_tag-elektronika","9":"product_tag-ipkamera","10":"product_tag-kamerayaddasi","11":"product_tag-microsd","12":"product_tag-setap","13":"product_tag-setapaz","14":"product_tag-wifikamera","15":"product_tag-yaddaskarti","16":"description-off","18":"first","19":"instock","20":"shipping-taxable","21":"purchasable","22":"product-type-simple"},"_links":{"self":[{"href":"https:\/\/setap.az\/index.php?rest_route=\/wp\/v2\/product\/20427","targetHints":{"allow":["GET"]}}],"collection":[{"href":"https:\/\/setap.az\/index.php?rest_route=\/wp\/v2\/product"}],"about":[{"href":"https:\/\/setap.az\/index.php?rest_route=\/wp\/v2\/types\/product"}],"replies":[{"embeddable":true,"href":"https:\/\/setap.az\/index.php?rest_route=%2Fwp%2Fv2%2Fcomments&post=20427"}],"wp:featuredmedia":[{"embeddable":true,"href":"https:\/\/setap.az\/index.php?rest_route=\/wp\/v2\/media\/20428"}],"wp:attachment":[{"href":"https:\/\/setap.az\/index.php?rest_route=%2Fwp%2Fv2%2Fmedia&parent=20427"}],"wp:term":[{"taxonomy":"product_cat","embeddable":true,"href":"https:\/\/setap.az\/index.php?rest_route=%2Fwp%2Fv2%2Fproduct_cat&post=20427"},{"taxonomy":"product_tag","embeddable":true,"href":"https:\/\/setap.az\/index.php?rest_route=%2Fwp%2Fv2%2Fproduct_tag&post=20427"}],"curies":[{"name":"wp","href":"https:\/\/api.w.org\/{rel}","templated":true}]}}