{"id":20436,"date":"2026-01-06T14:05:28","date_gmt":"2026-01-06T10:05:28","guid":{"rendered":"https:\/\/setap.az\/?post_type=product&#038;p=20436"},"modified":"2026-01-06T14:05:30","modified_gmt":"2026-01-06T10:05:30","slug":"ups-batareya-12v-9a","status":"publish","type":"product","link":"https:\/\/setap.az\/?product=ups-batareya-12v-9a","title":{"rendered":"UPS BATAREYA 12V 9A"},"content":{"rendered":"<p>12V 9Ah UPS batareyas\u0131 elektrik k\u0259sintisi zaman\u0131 cihazlar\u0131n fasil\u0259siz i\u015fl\u0259m\u0259sini t\u0259min ed\u0259n \u0259sas enerji m\u0259nb\u0259yidir.<\/p>\n<p>\ud83d\udd11 \u018fsas X\u00fcsusiyy\u0259tl\u0259r<\/p>\n<p>\u2714 G\u0259rginlik: 12 Volt<br \/>\n\u2714 Tutum: 9Ah \u2014 uzunm\u00fcdd\u0259tli ehtiyat enerji<br \/>\n\u2714 Tam qapal\u0131, bax\u0131m t\u0259l\u0259b etm\u0259y\u0259n AGM texnologiyas\u0131<br \/>\n\u2714 DVR NVR kamera modem mar\u015frutla\u015fd\u0131r\u0131c\u0131 \u00fc\u00e7\u00fcn ideal<br \/>\n\u2714 Stabil \u00e7\u0131x\u0131\u015f, t\u0259hl\u00fck\u0259siz istifad\u0259<br \/>\n\u2714 Asan d\u0259yi\u015fm\u0259 v\u0259 qo\u015fulma<\/p>\n<p>\ud83d\udccc \u0130stifad\u0259 Sah\u0259l\u0259ri<br \/>\nUPS cihazlar\u0131<br \/>\nT\u0259hl\u00fck\u0259sizlik v\u0259 m\u00fc\u015fahid\u0259 sisteml\u0259ri<br \/>\nSiqnalizasiya panell\u0259ri<br \/>\nModem v\u0259 \u015f\u0259b\u0259k\u0259 avadanl\u0131qlar\u0131<br \/>\nTurniket v\u0259 ke\u00e7id sisteml\u0259ri<\/p>\n<p>\ud83e\udde0 \u00dcst\u00fcnl\u00fck:<br \/>\n\ud83d\udc49 Elektrik s\u00f6n\u0259nd\u0259 yaz\u0131 v\u0259 m\u00fc\u015fahid\u0259 dayanmir<br \/>\n\ud83d\udc49 Avadanl\u0131\u011f\u0131n \u00f6mr\u00fcn\u00fc qoruyur<br \/>\n\ud83d\udc49 G\u00f6zl\u0259nilm\u0259z m\u0259lumat itkisinin qar\u015f\u0131s\u0131n\u0131 al\u0131r<\/p>\n","protected":false},"excerpt":{"rendered":"<p>12V 9Ah UPS batareyas\u0131 elektrik k\u0259sintisi zaman\u0131 cihazlar\u0131n fasil\u0259siz i\u015fl\u0259m\u0259sini t\u0259min ed\u0259n \u0259sas enerji m\u0259nb\u0259yidir. \ud83d\udd11 \u018fsas X\u00fcsusiyy\u0259tl\u0259r \u2714 G\u0259rginlik: 12 Volt \u2714 Tutum: 9Ah \u2014 uzunm\u00fcdd\u0259tli ehtiyat enerji \u2714 Tam qapal\u0131, bax\u0131m t\u0259l\u0259b etm\u0259y\u0259n AGM texnologiyas\u0131 \u2714 DVR NVR kamera modem mar\u015frutla\u015fd\u0131r\u0131c\u0131 \u00fc\u00e7\u00fcn ideal \u2714 Stabil \u00e7\u0131x\u0131\u015f, t\u0259hl\u00fck\u0259siz istifad\u0259 \u2714 Asan d\u0259yi\u015fm\u0259 v\u0259 qo\u015fulma&hellip;<\/p>\n","protected":false},"featured_media":20437,"comment_status":"open","ping_status":"closed","template":"","meta":[],"product_cat":[2806,2805,2807],"product_tag":[5243,5244,5245,3129,5246,2941,3068,3300,3538,3133,4820,5092,4731,3520,3142,4897,2926,5247,4850,5242],"class_list":{"0":"post-20436","1":"product","2":"type-product","3":"status-publish","4":"has-post-thumbnail","6":"product_cat-batareyalar","7":"product_cat-enerji-tminati","8":"product_cat-ups","9":"product_tag-12v","10":"product_tag-9ah","11":"product_tag-agmbatareya","12":"product_tag-dvr","13":"product_tag-ehtiyatenerji","14":"product_tag-hikvision","15":"product_tag-imou","16":"product_tag-kamerasistemi","17":"product_tag-modem","18":"product_tag-nvr","19":"product_tag-setap","20":"product_tag-setapaz","21":"product_tag-sbk","22":"product_tag-siqnalizasiya","23":"product_tag-thluksizlik","24":"product_tag-tiandy","25":"product_tag-tplink","26":"product_tag-turniket","27":"product_tag-ups","28":"product_tag-upsbatareya","29":"description-off","31":"first","32":"instock","33":"shipping-taxable","34":"purchasable","35":"product-type-simple"},"_links":{"self":[{"href":"https:\/\/setap.az\/index.php?rest_route=\/wp\/v2\/product\/20436","targetHints":{"allow":["GET"]}}],"collection":[{"href":"https:\/\/setap.az\/index.php?rest_route=\/wp\/v2\/product"}],"about":[{"href":"https:\/\/setap.az\/index.php?rest_route=\/wp\/v2\/types\/product"}],"replies":[{"embeddable":true,"href":"https:\/\/setap.az\/index.php?rest_route=%2Fwp%2Fv2%2Fcomments&post=20436"}],"wp:featuredmedia":[{"embeddable":true,"href":"https:\/\/setap.az\/index.php?rest_route=\/wp\/v2\/media\/20437"}],"wp:attachment":[{"href":"https:\/\/setap.az\/index.php?rest_route=%2Fwp%2Fv2%2Fmedia&parent=20436"}],"wp:term":[{"taxonomy":"product_cat","embeddable":true,"href":"https:\/\/setap.az\/index.php?rest_route=%2Fwp%2Fv2%2Fproduct_cat&post=20436"},{"taxonomy":"product_tag","embeddable":true,"href":"https:\/\/setap.az\/index.php?rest_route=%2Fwp%2Fv2%2Fproduct_tag&post=20436"}],"curies":[{"name":"wp","href":"https:\/\/api.w.org\/{rel}","templated":true}]}}