{"id":20441,"date":"2026-01-06T17:01:45","date_gmt":"2026-01-06T13:01:45","guid":{"rendered":"https:\/\/setap.az\/?post_type=product&#038;p=20441"},"modified":"2026-01-06T17:01:47","modified_gmt":"2026-01-06T13:01:47","slug":"hikvision-2mp-analoq-kamera-2ce76dot-itpfs","status":"publish","type":"product","link":"https:\/\/setap.az\/?product=hikvision-2mp-analoq-kamera-2ce76dot-itpfs","title":{"rendered":"Hikvision 2MP  Analoq Kamera  2CE76DOT ITPFS"},"content":{"rendered":"<p>\ud83d\udcf8 Hikvision 2CE76DOT-ITPFS \u2013 Analoq Kamera<br \/>\n Ad\u0259t\u0259n TVI \/ AHD \/ CVI \/ CVBS (4-in-1) format\u0131n\u0131 d\u0259st\u0259kl\u0259yir<br \/>\n \u00c7\u00f6z\u00fcn\u00fcrl\u00fck<br \/>\n\ud83d\udccc 2 MP (Full HD)<br \/>\n\u2714 Ayd\u0131n v\u0259 detall\u0131 g\u00f6r\u00fcnt\u00fc<br \/>\n\u2714 DVR sisteml\u0259ri il\u0259 uy\u011fundur<br \/>\n\u2714 1080p video qeydi m\u00fcmk\u00fcnd\u00fcr<br \/>\n\ud83c\udf19 Gec\u0259 G\u00f6rm\u0259<br \/>\n\u2714 Smart IR gec\u0259 i\u015f\u0131\u011f\u0131<br \/>\n\u2714 T\u0259xmin\u0259n 20\u201340 m gec\u0259 m\u0259saf\u0259si (model\u0259 g\u00f6r\u0259 d\u0259yi\u015f\u0259 bil\u0259r)<br \/>\n\u2714 Qaranl\u0131qda da ayd\u0131n g\u00f6r\u00fcnt\u00fc<br \/>\n\ud83c\udfe0 \u0130stifad\u0259 Sah\u0259si<br \/>\n\u2714 Ev m\u00fc\u015fahid\u0259si<br \/>\n\u2714 Ofis \/ ma\u011faza<br \/>\n\u2714 Giri\u015f qap\u0131s\u0131, h\u0259y\u0259t<br \/>\n\u2714 DVR \/ 16-kanal sisteml\u0259r<\/p>\n","protected":false},"excerpt":{"rendered":"<p>\ud83d\udcf8 Hikvision 2CE76DOT-ITPFS \u2013 Analoq Kamera Ad\u0259t\u0259n TVI \/ AHD \/ CVI \/ CVBS (4-in-1) format\u0131n\u0131 d\u0259st\u0259kl\u0259yir \u00c7\u00f6z\u00fcn\u00fcrl\u00fck \ud83d\udccc 2 MP (Full HD) \u2714 Ayd\u0131n v\u0259 detall\u0131 g\u00f6r\u00fcnt\u00fc \u2714 DVR sisteml\u0259ri il\u0259 uy\u011fundur \u2714 1080p video qeydi m\u00fcmk\u00fcnd\u00fcr \ud83c\udf19 Gec\u0259 G\u00f6rm\u0259 \u2714 Smart IR gec\u0259 i\u015f\u0131\u011f\u0131 \u2714 T\u0259xmin\u0259n 20\u201340 m gec\u0259 m\u0259saf\u0259si (model\u0259 g\u00f6r\u0259 d\u0259yi\u015f\u0259&hellip;<\/p>\n","protected":false},"featured_media":20443,"comment_status":"open","ping_status":"closed","template":"","meta":[],"product_cat":[2802,4016,3067],"product_tag":[5251,4724,3780,5249,5194,3778,3129,3290,2941,5197,4816,4820,5092,3259,3349,5250],"class_list":{"0":"post-20441","1":"product","2":"type-product","3":"status-publish","4":"has-post-thumbnail","6":"product_cat-analoq","7":"product_cat-hikvision","8":"product_cat-musahid-kamerasi","9":"product_tag-2ce76dotitpfs","10":"product_tag-2mp","11":"product_tag-ahd","12":"product_tag-analoguekamera","13":"product_tag-cvbs","14":"product_tag-cvi","15":"product_tag-dvr","16":"product_tag-evthluksizliyi","17":"product_tag-hikvision","18":"product_tag-magazanzarti","19":"product_tag-ofiskamera","20":"product_tag-setap","21":"product_tag-setapaz","22":"product_tag-thluksizlikkamera","23":"product_tag-turbohd","24":"product_tag-tvikamera","25":"description-off","27":"first","28":"instock","29":"shipping-taxable","30":"purchasable","31":"product-type-simple"},"_links":{"self":[{"href":"https:\/\/setap.az\/index.php?rest_route=\/wp\/v2\/product\/20441","targetHints":{"allow":["GET"]}}],"collection":[{"href":"https:\/\/setap.az\/index.php?rest_route=\/wp\/v2\/product"}],"about":[{"href":"https:\/\/setap.az\/index.php?rest_route=\/wp\/v2\/types\/product"}],"replies":[{"embeddable":true,"href":"https:\/\/setap.az\/index.php?rest_route=%2Fwp%2Fv2%2Fcomments&post=20441"}],"wp:featuredmedia":[{"embeddable":true,"href":"https:\/\/setap.az\/index.php?rest_route=\/wp\/v2\/media\/20443"}],"wp:attachment":[{"href":"https:\/\/setap.az\/index.php?rest_route=%2Fwp%2Fv2%2Fmedia&parent=20441"}],"wp:term":[{"taxonomy":"product_cat","embeddable":true,"href":"https:\/\/setap.az\/index.php?rest_route=%2Fwp%2Fv2%2Fproduct_cat&post=20441"},{"taxonomy":"product_tag","embeddable":true,"href":"https:\/\/setap.az\/index.php?rest_route=%2Fwp%2Fv2%2Fproduct_tag&post=20441"}],"curies":[{"name":"wp","href":"https:\/\/api.w.org\/{rel}","templated":true}]}}