{"id":20445,"date":"2026-01-07T10:18:01","date_gmt":"2026-01-07T06:18:01","guid":{"rendered":"https:\/\/setap.az\/?post_type=product&#038;p=20445"},"modified":"2026-01-07T10:18:01","modified_gmt":"2026-01-07T06:18:01","slug":"hikvision-ds-i414-c-2mp-ip-kamera","status":"publish","type":"product","link":"https:\/\/setap.az\/?product=hikvision-ds-i414-c-2mp-ip-kamera","title":{"rendered":"Hikvision DS-I414 C 2MP IP kamera"},"content":{"rendered":"<p>Hikvision DS-I414C \u2013 IP Mini Kamera<br \/>\nKamera n\u00f6v\u00fc<br \/>\n\u2714 IP (\u015f\u0259b\u0259k\u0259) kamera \u2014 kabel (Ethernet) il\u0259 \u015f\u0259b\u0259k\u0259y\u0259 qo\u015fulur<br \/>\n\u2714 PoE d\u0259st\u0259yi il\u0259 bir kabel h\u0259m enerji, h\u0259m data \u00f6t\u00fcr\u0259 bil\u0259r<\/p>\n<p>\u00c7\u00f6z\u00fcn\u00fcrl\u00fck<br \/>\nBu model, \u201cDS-I414C\u201d seriyas\u0131 2 MP-lik g\u00f6r\u00fcnt\u00fc t\u0259klif edir \u2014 ayd\u0131n v\u0259 sabit g\u00f6r\u00fcnt\u00fc keyfiyy\u0259ti.<\/p>\n<p>\u015e\u0259b\u0259k\u0259 v\u0259 Bax\u0131\u015f<br \/>\n\u2714 PoE (Power over Ethernet)<br \/>\n\u2714 RJ45 portu il\u0259 \u015f\u0259b\u0259k\u0259 qo\u015fulmas\u0131<br \/>\n\u2714 Uzaqdan canl\u0131 bax\u0131\u015f (telefon \/ PC)<br \/>\n\u2714 ONVIF d\u0259st\u0259yi (uy\u011fun NVR \/ VMS sisteml\u0259ri il\u0259 uy\u011fun)<\/p>\n<p> Gec\u0259 G\u00f6rm\u0259<br \/>\n\u2714 IR LED gec\u0259 i\u015f\u0131\u011f\u0131 \u2014 z\u0259if i\u015f\u0131qda da g\u00f6r\u00fcnt\u00fc<br \/>\n\u2714 R\u0259ngli g\u00fcnd\u00fcz, qara-a\u011f gec\u0259 rejimi<\/p>\n<p> \u0130stifad\u0259 sah\u0259si<br \/>\n\u2714 Ev daxilind\u0259 n\u0259zar\u0259t<br \/>\n\u2714 Ofis \/ ma\u011faza<br \/>\n\u2714 Koridorlar, m\u0259tb\u0259x,<br \/>\n\u2714 Ki\u00e7ik m\u0259kanlarda rahat yerl\u0259\u015fdiril\u0259 bil\u0259r<\/p>\n","protected":false},"excerpt":{"rendered":"<p>Hikvision DS-I414C \u2013 IP Mini Kamera Kamera n\u00f6v\u00fc \u2714 IP (\u015f\u0259b\u0259k\u0259) kamera \u2014 kabel (Ethernet) il\u0259 \u015f\u0259b\u0259k\u0259y\u0259 qo\u015fulur \u2714 PoE d\u0259st\u0259yi il\u0259 bir kabel h\u0259m enerji, h\u0259m data \u00f6t\u00fcr\u0259 bil\u0259r \u00c7\u00f6z\u00fcn\u00fcrl\u00fck Bu model, \u201cDS-I414C\u201d seriyas\u0131 2 MP-lik g\u00f6r\u00fcnt\u00fc t\u0259klif edir \u2014 ayd\u0131n v\u0259 sabit g\u00f6r\u00fcnt\u00fc keyfiyy\u0259ti. \u015e\u0259b\u0259k\u0259 v\u0259 Bax\u0131\u015f \u2714 PoE (Power over Ethernet) \u2714&hellip;<\/p>\n","protected":false},"featured_media":20447,"comment_status":"open","ping_status":"closed","template":"","meta":[],"product_cat":[4016,2803,2849],"product_tag":[3389,3290,3298,2941,3049,5206,5203,4816,3479,3392,4820,5092,5252,3142,5225],"class_list":{"0":"post-20445","1":"product","2":"type-product","3":"status-publish","4":"has-post-thumbnail","6":"product_cat-hikvision","7":"product_cat-ip","8":"product_cat-videokameralar","9":"product_tag-dsi414c","10":"product_tag-evthluksizliyi","11":"product_tag-gecgorm","12":"product_tag-hikvision","13":"product_tag-ipkamera","14":"product_tag-kamerasatisi","15":"product_tag-minikamera","16":"product_tag-ofiskamera","17":"product_tag-onvif","18":"product_tag-poe","19":"product_tag-setap","20":"product_tag-setapaz","21":"product_tag-sbkkamera","22":"product_tag-thluksizlik","23":"product_tag-uzaqdanbaxis","24":"description-off","26":"first","27":"instock","28":"shipping-taxable","29":"purchasable","30":"product-type-simple"},"_links":{"self":[{"href":"https:\/\/setap.az\/index.php?rest_route=\/wp\/v2\/product\/20445","targetHints":{"allow":["GET"]}}],"collection":[{"href":"https:\/\/setap.az\/index.php?rest_route=\/wp\/v2\/product"}],"about":[{"href":"https:\/\/setap.az\/index.php?rest_route=\/wp\/v2\/types\/product"}],"replies":[{"embeddable":true,"href":"https:\/\/setap.az\/index.php?rest_route=%2Fwp%2Fv2%2Fcomments&post=20445"}],"wp:featuredmedia":[{"embeddable":true,"href":"https:\/\/setap.az\/index.php?rest_route=\/wp\/v2\/media\/20447"}],"wp:attachment":[{"href":"https:\/\/setap.az\/index.php?rest_route=%2Fwp%2Fv2%2Fmedia&parent=20445"}],"wp:term":[{"taxonomy":"product_cat","embeddable":true,"href":"https:\/\/setap.az\/index.php?rest_route=%2Fwp%2Fv2%2Fproduct_cat&post=20445"},{"taxonomy":"product_tag","embeddable":true,"href":"https:\/\/setap.az\/index.php?rest_route=%2Fwp%2Fv2%2Fproduct_tag&post=20445"}],"curies":[{"name":"wp","href":"https:\/\/api.w.org\/{rel}","templated":true}]}}