{"id":20480,"date":"2026-01-08T13:22:09","date_gmt":"2026-01-08T09:22:09","guid":{"rendered":"https:\/\/setap.az\/?post_type=product&#038;p=20480"},"modified":"2026-01-08T13:22:12","modified_gmt":"2026-01-08T09:22:12","slug":"hikvision-2ce16h0t-itf-5mp-analoq-kamera","status":"publish","type":"product","link":"https:\/\/setap.az\/?product=hikvision-2ce16h0t-itf-5mp-analoq-kamera","title":{"rendered":"Hikvision 2CE16H0T-\u0130TF 5mp Analoq kamera"},"content":{"rendered":"<p>Hikvision DS\u20112CE16H0T\u2011ITF modeli 5\u202fMP q\u0259tnam\u0259li analog HDTVI bullet kamera<br \/>\n5\u202fMP CMOS sensor \u2014 maksimum 2560 \u00d7 1944 q\u0259tnam\u0259 g\u00f6r\u00fcnt\u00fc.<br \/>\nTrue Day\/Night (ICR) gec\u0259\/g\u00fcnd\u00fcz ke\u00e7idi.<br \/>\n\u018fn a\u015fa\u011f\u0131 i\u015f\u0131q h\u0259ssasl\u0131\u011f\u0131: ~0.01\u202fLux (r\u0259ngli, AGC ON), 0\u202fLux IR il\u0259 gec\u0259 g\u00f6r\u00fcnt\u00fc.<br \/>\nSabit lens variantlar\u0131: 2.8\u202fmm, 3.6\u202fmm, 6\u202fmm.<br \/>\n2.8\u202fmm \u00fc\u00e7\u00fcn bax\u0131\u015f buca\u011f\u0131 ~85.5\u00b0, 3.6\u202fmm \u00fc\u00e7\u00fcn ~80\u00b0, 6\u202fmm \u00fc\u00e7\u00fcn ~57\u00b0.<br \/>\nEXIR IR + Smart IR texnologiyas\u0131 il\u0259 gec\u0259 g\u00f6r\u00fcnt\u00fcs\u00fc.<br \/>\nIR m\u0259saf\u0259si: t\u0259xmin\u0259n 20\u202fm.<br \/>\n4\u2011in\u20111 video \u00e7\u0131x\u0131\u015f\u0131: TVI \/ AHD \/ CVI \/ CVBS \u2014 m\u00fcxt\u0259lif analoq sisteml\u0259rd\u0259 i\u015fl\u0259y\u0259 bilir.<br \/>\nHD\u2011TVI \u0259sas format \u2014 HDTVI DVR il\u0259 \u0259n y\u00fcks\u0259k keyfiyy\u0259t.<br \/>\nDigital WDR \/ DWDR \u2014 arxa i\u015f\u0131qda detal itkisinin qar\u015f\u0131s\u0131n\u0131 al\u0131r.<br \/>\nBLC (Back Light Compensation) \u2014 arxa i\u015f\u0131\u011f\u0131 tarazlayan funksiya.<br \/>\nSmart IR v\u0259 g\u00f6r\u00fcnt\u00fc parametrl\u0259ri \u00fcz\u0259rind\u0259 OSD menyu il\u0259 d\u0259yi\u015fiklik imkan\u0131.<br \/>\nIP67 su v\u0259 tozdan qorunma \u2014 \u00e7\u00f6l m\u00fchiti \u00fc\u00e7\u00fcn uy\u011fundur.<br \/>\nMetal korpus \u2014 davaml\u0131 v\u0259 s\u0259rt \u015f\u0259raitl\u0259r \u00fc\u00e7\u00fcn.<br \/>\n\u0130\u015fl\u0259m\u0259 temperaturu: \u201140\u202f\u00b0C \u2026 +60\u202f\u00b0C.<br \/>\n12\u202fV DC enerji il\u0259 i\u015fl\u0259yir.<br \/>\n\u00d6l\u00e7\u00fcl\u0259r\/H\u0259cm: t\u0259xmin\u0259n 58\u202fmm \u00d7 61\u202fmm \u00d7 158\u2013163\u202fmm.<br \/>\n\u00c7\u0259ki: ~258\u2013350\u202fg (lens v\u0259 konfiqurasiyaya g\u00f6r\u0259).<\/p>\n","protected":false},"excerpt":{"rendered":"<p>Hikvision DS\u20112CE16H0T\u2011ITF modeli 5\u202fMP q\u0259tnam\u0259li analog HDTVI bullet kamera 5\u202fMP CMOS sensor \u2014 maksimum 2560 \u00d7 1944 q\u0259tnam\u0259 g\u00f6r\u00fcnt\u00fc. True Day\/Night (ICR) gec\u0259\/g\u00fcnd\u00fcz ke\u00e7idi. \u018fn a\u015fa\u011f\u0131 i\u015f\u0131q h\u0259ssasl\u0131\u011f\u0131: ~0.01\u202fLux (r\u0259ngli, AGC ON), 0\u202fLux IR il\u0259 gec\u0259 g\u00f6r\u00fcnt\u00fc. Sabit lens variantlar\u0131: 2.8\u202fmm, 3.6\u202fmm, 6\u202fmm. 2.8\u202fmm \u00fc\u00e7\u00fcn bax\u0131\u015f buca\u011f\u0131 ~85.5\u00b0, 3.6\u202fmm \u00fc\u00e7\u00fcn ~80\u00b0, 6\u202fmm \u00fc\u00e7\u00fcn ~57\u00b0. EXIR&hellip;<\/p>\n","protected":false},"featured_media":20481,"comment_status":"open","ping_status":"closed","template":"","meta":[],"product_cat":[2802,4016,3067,2841],"product_tag":[4740,5262,4761,3132,5261,5263,3387,4804,3131,2941,3377,5199,4748,2939,3791,3135,3349],"class_list":{"0":"post-20480","1":"product","2":"type-product","3":"status-publish","4":"has-post-thumbnail","6":"product_cat-analoq","7":"product_cat-hikvision","8":"product_cat-musahid-kamerasi","9":"product_cat-videonzart","10":"product_tag-5mp","11":"product_tag-analogcamera","12":"product_tag-bulletcamera","13":"product_tag-cctv","14":"product_tag-ds2ce16h0titf","15":"product_tag-dwdr","16":"product_tag-exir","17":"product_tag-fixedlens","18":"product_tag-hdtvi","19":"product_tag-hikvision","20":"product_tag-ip67","21":"product_tag-ir20m","22":"product_tag-outdoorcamera","23":"product_tag-securitycamera","24":"product_tag-smartir","25":"product_tag-surveillance","26":"product_tag-turbohd","27":"description-off","29":"first","30":"instock","31":"shipping-taxable","32":"purchasable","33":"product-type-simple"},"_links":{"self":[{"href":"https:\/\/setap.az\/index.php?rest_route=\/wp\/v2\/product\/20480","targetHints":{"allow":["GET"]}}],"collection":[{"href":"https:\/\/setap.az\/index.php?rest_route=\/wp\/v2\/product"}],"about":[{"href":"https:\/\/setap.az\/index.php?rest_route=\/wp\/v2\/types\/product"}],"replies":[{"embeddable":true,"href":"https:\/\/setap.az\/index.php?rest_route=%2Fwp%2Fv2%2Fcomments&post=20480"}],"wp:featuredmedia":[{"embeddable":true,"href":"https:\/\/setap.az\/index.php?rest_route=\/wp\/v2\/media\/20481"}],"wp:attachment":[{"href":"https:\/\/setap.az\/index.php?rest_route=%2Fwp%2Fv2%2Fmedia&parent=20480"}],"wp:term":[{"taxonomy":"product_cat","embeddable":true,"href":"https:\/\/setap.az\/index.php?rest_route=%2Fwp%2Fv2%2Fproduct_cat&post=20480"},{"taxonomy":"product_tag","embeddable":true,"href":"https:\/\/setap.az\/index.php?rest_route=%2Fwp%2Fv2%2Fproduct_tag&post=20480"}],"curies":[{"name":"wp","href":"https:\/\/api.w.org\/{rel}","templated":true}]}}