{"id":20489,"date":"2026-01-09T12:56:19","date_gmt":"2026-01-09T08:56:19","guid":{"rendered":"https:\/\/setap.az\/?post_type=product&#038;p=20489"},"modified":"2026-01-09T12:56:23","modified_gmt":"2026-01-09T08:56:23","slug":"hikvision-ds-2cd2067g2h-lief-6mp-ip-kamera","status":"publish","type":"product","link":"https:\/\/setap.az\/?product=hikvision-ds-2cd2067g2h-lief-6mp-ip-kamera","title":{"rendered":"Hikvision DS-2CD2067G2H-LIEF 6MP IP kamera"},"content":{"rendered":"<p>Hikvision DS-2CD2067G2H-LIEF \u20146MP IP kamera<br \/>\nMax. Resolution: 3200 \u00d7 1800 (~6 MP) \u2014 y\u00fcks\u0259k detal t\u0259min edir.<br \/>\nSensor: 1\/1.8\u2033 Progressive Scan CMOS \u2014 z\u0259if i\u015f\u0131q \u015f\u0259raitind\u0259 bel\u0259 t\u0259svir keyfiyy\u0259ti yax\u015f\u0131d\u0131r.<br \/>\nMinimum i\u015f\u0131q: 0.0005 Lux (r\u0259ngli, AGC ON) v\u0259 0 Lux IR il\u0259 \u2014 gec\u0259 performans\u0131 g\u00fccl\u00fcd\u00fcr.<br \/>\nDay\/Night: IR Cut gec\u0259\/g\u00fcnd\u00fcz filtr.<br \/>\nSabit lens: variantlar \u2014 2.8 mm v\u0259 4 mm \u2014 se\u00e7il\u0259 bil\u0259r.<br \/>\n\u2022 2.8 mm: geni\u015f ~105\u00b0-lik \u00fcf\u00fcqi sah\u0259<br \/>\n\u2022 4 mm: nisb\u0259t\u0259n dar ~90\u00b0 \u00fcf\u00fcqi sah\u0259<br \/>\nSmart Supplement Light: IR + White Light kombinasiyas\u0131 say\u0259sind\u0259 gec\u0259 g\u00f6r\u00fcnt\u00fcs\u00fc daha ayd\u0131n olur.<br \/>\nSupplement Light Range: t\u0259xmin\u0259n 40 m-\u0259 q\u0259d\u0259r gec\u0259 i\u015f\u0131qland\u0131rma.<br \/>\nVideo s\u0131x\u0131lma: H.265+, H.265, H.264+, H.264 \u2014 yadda\u015fa q\u0259na\u0259t.<br \/>\nFrame rate-lar: 25\/30 fps m\u00fcxt\u0259lif rezolyusiyalarda.<br \/>\nBu kamera smart analitika funksiyalar\u0131n\u0131 d\u0259st\u0259kl\u0259yir:<br \/>\n\u2714 Motion detection (insan v\u0259 avtomobil tipin\u0259 g\u00f6r\u0259 filtrasiya)<br \/>\n\u2714 Face capture (\u00fcz \u0259ld\u0259 etm\u0259)<br \/>\n\u2714 Perimeter protection: x\u0259tt k\u0259si\u015fm\u0259si, m\u00fcdaxil\u0259, b\u00f6lg\u0259 giri\u015fi\/\u00e7\u0131x\u0131\u015f\u0131 il\u0259 h\u0259d\u0259f n\u00f6vl\u0259rin\u0259 g\u00f6r\u0259 siqnal<br \/>\nPoE (IEEE 802.3af) d\u0259st\u0259yi \u2014 enerji v\u0259 data eyni kabeld\u0259n.<br \/>\nOn-board storage: microSD slotu il\u0259 512 GB-a q\u0259d\u0259r yadda\u015f d\u0259st\u0259yi.<br \/>\nONVIF d\u0259st\u0259yi \u2014 m\u00fcxt\u0259lif NVR sisteml\u0259ri il\u0259 uy\u011funluq.<br \/>\nIP67 su\/tozdan qorunma \u2014 \u00e7\u00f6l m\u00fchit \u00fc\u00e7\u00fcn uy\u011fundur.<br \/>\nMetal korpus \u2014 daha davaml\u0131 struktur.<br \/>\n\u0130\u015fl\u0259m\u0259 temperaturu: -30 \u00b0C \u2026 +60 \u00b0C.<\/p>\n","protected":false},"excerpt":{"rendered":"<p>Hikvision DS-2CD2067G2H-LIEF \u20146MP IP kamera Max. Resolution: 3200 \u00d7 1800 (~6 MP) \u2014 y\u00fcks\u0259k detal t\u0259min edir. Sensor: 1\/1.8\u2033 Progressive Scan CMOS \u2014 z\u0259if i\u015f\u0131q \u015f\u0259raitind\u0259 bel\u0259 t\u0259svir keyfiyy\u0259ti yax\u015f\u0131d\u0131r. Minimum i\u015f\u0131q: 0.0005 Lux (r\u0259ngli, AGC ON) v\u0259 0 Lux IR il\u0259 \u2014 gec\u0259 performans\u0131 g\u00fccl\u00fcd\u00fcr. Day\/Night: IR Cut gec\u0259\/g\u00fcnd\u00fcz filtr. Sabit lens: variantlar \u2014&hellip;<\/p>\n","protected":false},"featured_media":20490,"comment_status":"open","ping_status":"closed","template":"","meta":[],"product_cat":[4016,2803,2841],"product_tag":[5265,4780,3398,5264,2941,5260,3377,3260,5209,3764,4748,3392,2939,5267,5084,3135,5266],"class_list":{"0":"post-20489","1":"product","2":"type-product","3":"status-publish","4":"has-post-thumbnail","6":"product_cat-hikvision","7":"product_cat-ip","8":"product_cat-videonzart","9":"product_tag-6mp","10":"product_tag-builtinmic","11":"product_tag-colorvu","12":"product_tag-ds2cd2067g2h_lief","13":"product_tag-hikvision","14":"product_tag-humanvehicledetection","15":"product_tag-ip67","16":"product_tag-ipcamera","17":"product_tag-microsd","18":"product_tag-nightvision","19":"product_tag-outdoorcamera","20":"product_tag-poe","21":"product_tag-securitycamera","22":"product_tag-smartanalytics","23":"product_tag-smarthybridlight","24":"product_tag-surveillance","25":"product_tag-wdr130db","26":"description-off","28":"first","29":"instock","30":"shipping-taxable","31":"purchasable","32":"product-type-simple"},"_links":{"self":[{"href":"https:\/\/setap.az\/index.php?rest_route=\/wp\/v2\/product\/20489","targetHints":{"allow":["GET"]}}],"collection":[{"href":"https:\/\/setap.az\/index.php?rest_route=\/wp\/v2\/product"}],"about":[{"href":"https:\/\/setap.az\/index.php?rest_route=\/wp\/v2\/types\/product"}],"replies":[{"embeddable":true,"href":"https:\/\/setap.az\/index.php?rest_route=%2Fwp%2Fv2%2Fcomments&post=20489"}],"wp:featuredmedia":[{"embeddable":true,"href":"https:\/\/setap.az\/index.php?rest_route=\/wp\/v2\/media\/20490"}],"wp:attachment":[{"href":"https:\/\/setap.az\/index.php?rest_route=%2Fwp%2Fv2%2Fmedia&parent=20489"}],"wp:term":[{"taxonomy":"product_cat","embeddable":true,"href":"https:\/\/setap.az\/index.php?rest_route=%2Fwp%2Fv2%2Fproduct_cat&post=20489"},{"taxonomy":"product_tag","embeddable":true,"href":"https:\/\/setap.az\/index.php?rest_route=%2Fwp%2Fv2%2Fproduct_tag&post=20489"}],"curies":[{"name":"wp","href":"https:\/\/api.w.org\/{rel}","templated":true}]}}