{"id":20497,"date":"2026-01-09T14:29:27","date_gmt":"2026-01-09T10:29:27","guid":{"rendered":"https:\/\/setap.az\/?post_type=product&#038;p=20497"},"modified":"2026-01-09T14:54:35","modified_gmt":"2026-01-09T10:54:35","slug":"hikvision-ds%e2%80%912ce17d0t%e2%80%91it5-modeli-2-mp-analoq-t%c9%99hluk%c9%99sizlik-kamerasi","status":"publish","type":"product","link":"https:\/\/setap.az\/?product=hikvision-ds%e2%80%912ce17d0t%e2%80%91it5-modeli-2-mp-analoq-t%c9%99hluk%c9%99sizlik-kamerasi","title":{"rendered":"Hikvision DS\u20112CE17D0T\u2011IT5 modeli 2\u202fMP Analoq t\u0259hl\u00fck\u0259sizlik kameras\u0131"},"content":{"rendered":"<p>Hikvision DS\u20112CE17D0T\u2011IT5 modeli 2\u202fMP q\u0259tnam\u0259li bullet tipli analoq t\u0259hl\u00fck\u0259sizlik kameras\u0131d\u0131r<br \/>\n2\u202fMP Full HD g\u00f6r\u00fcnt\u00fc \u2014 1920 \u00d7 1080 piksel.<br \/>\nCMOS sensor \u2014 ayd\u0131n video performans\u0131.<br \/>\nSabit obyektiv: variantlar 3.6\u202fmm, 6\u202fmm, 8\u202fmm v\u0259 12\u202fmm.<br \/>\nBax\u0131\u015f buca\u011f\u0131 (m\u0259s\u0259l\u0259n):<br \/>\n\u2022 3.6\u202fmm \u2192 ~79.6\u00b0 \u00fcf\u00fcqi<br \/>\n\u2022 6\u202fmm \u2192 ~51.9\u00b0 \u00fcf\u00fcqi<br \/>\n\u2022 8\u202fmm \u2192 ~39.9\u00b0 \u00fcf\u00fcqi<br \/>\n\u2022 12\u202fmm \u2192 ~24.6\u00b0 \u00fcf\u00fcqi<br \/>\nInfraq\u0131rm\u0131z\u0131 (IR) m\u0259saf\u0259si: t\u0259xmin\u0259n 80\u202fm gec\u0259 g\u00f6r\u00fcnt\u00fcs\u00fc \u00fc\u00e7\u00fcn.<br \/>\nDay &#038; Night (ICR): avtomatik g\u00fcnd\u00fcz v\u0259 gec\u0259 rejimi ke\u00e7idi.<br \/>\nDigital WDR (DWDR) \u2014 arxa i\u015f\u0131qda ayd\u0131n g\u00f6r\u00fcnt\u00fc.<br \/>\nBLC \/ HLC \/ Global t\u0259nziml\u0259m\u0259l\u0259r \u2014 m\u00fcxt\u0259lif i\u015f\u0131q \u015f\u0259raitl\u0259ri \u00fc\u00e7\u00fcn optimalla\u015fd\u0131rma.<br \/>\n2D DNR (Noise Reduction) \u2014 video s\u0259s\u2011k\u00fcy\u00fcn\u00fcn azald\u0131lmas\u0131.<br \/>\nHD\u2011TVI (Turbo HD) analog siqnal\u0131 \u2014 DVR il\u0259 koaksial kabel \u00fcz\u0259rind\u0259n qo\u015fulur.<br \/>\nPAL \/ NTSC format d\u0259st\u0259yi.<br \/>\nIP67 \u2014 suya v\u0259 toza qar\u015f\u0131 y\u00fcks\u0259k s\u0259viyy\u0259li qorunma (\u00e7\u00f6l \u00fc\u00e7\u00fcn uy\u011fundur).<br \/>\nKorpus: Metal \u00f6n hiss\u0259 + plastik g\u00f6vd\u0259.<br \/>\n\u0130\u015fl\u0259m\u0259 temperaturu: \u201140\u202f\u00b0C \u2026 +60\u202f\u00b0C.<br \/>\nG\u00fcc t\u0259chizat\u0131: 12\u202fV DC \u00b125%.<br \/>\nEnerji istehlak\u0131: maksimum t\u0259xmin\u0259n 4.7\u202fW.<br \/>\nVideo \u00e7\u0131x\u0131\u015f\u0131: 1 HD analoq \u00e7\u0131x\u0131\u015f.<br \/>\n\u00d6l\u00e7\u00fc: ~78.9\u202f\u00d7\u202f75.4\u202f\u00d7\u202f216.6\u202fmm; \u00e7\u0259ki: ~315\u202fg.<\/p>\n","protected":false},"excerpt":{"rendered":"<p>Hikvision DS\u20112CE17D0T\u2011IT5 modeli 2\u202fMP q\u0259tnam\u0259li bullet tipli analoq t\u0259hl\u00fck\u0259sizlik kameras\u0131d\u0131r 2\u202fMP Full HD g\u00f6r\u00fcnt\u00fc \u2014 1920 \u00d7 1080 piksel. CMOS sensor \u2014 ayd\u0131n video performans\u0131. Sabit obyektiv: variantlar 3.6\u202fmm, 6\u202fmm, 8\u202fmm v\u0259 12\u202fmm. Bax\u0131\u015f buca\u011f\u0131 (m\u0259s\u0259l\u0259n): \u2022 3.6\u202fmm \u2192 ~79.6\u00b0 \u00fcf\u00fcqi \u2022 6\u202fmm \u2192 ~51.9\u00b0 \u00fcf\u00fcqi \u2022 8\u202fmm \u2192 ~39.9\u00b0 \u00fcf\u00fcqi \u2022 12\u202fmm \u2192 ~24.6\u00b0&hellip;<\/p>\n","protected":false},"featured_media":20498,"comment_status":"open","ping_status":"closed","template":"","meta":[],"product_cat":[4016,2803,5271],"product_tag":[4724,5262,4945,4761,3132,5269,5268,5263,4804,5085,3131,2941,5270,3377,3376,4748,2939,3135,3349],"class_list":{"0":"post-20497","1":"product","2":"type-product","3":"status-publish","4":"has-post-thumbnail","6":"product_cat-hikvision","7":"product_cat-ip","8":"product_cat-thluksizlik-kamerasi","9":"product_tag-2mp","10":"product_tag-analogcamera","11":"product_tag-blc","12":"product_tag-bulletcamera","13":"product_tag-cctv","14":"product_tag-digitalwdr","15":"product_tag-ds2ce17d0tit5","16":"product_tag-dwdr","17":"product_tag-fixedlens","18":"product_tag-fullhd","19":"product_tag-hdtvi","20":"product_tag-hikvision","21":"product_tag-hlc","22":"product_tag-ip67","23":"product_tag-ir80m","24":"product_tag-outdoorcamera","25":"product_tag-securitycamera","26":"product_tag-surveillance","27":"product_tag-turbohd","28":"description-off","30":"first","31":"instock","32":"shipping-taxable","33":"purchasable","34":"product-type-simple"},"_links":{"self":[{"href":"https:\/\/setap.az\/index.php?rest_route=\/wp\/v2\/product\/20497","targetHints":{"allow":["GET"]}}],"collection":[{"href":"https:\/\/setap.az\/index.php?rest_route=\/wp\/v2\/product"}],"about":[{"href":"https:\/\/setap.az\/index.php?rest_route=\/wp\/v2\/types\/product"}],"replies":[{"embeddable":true,"href":"https:\/\/setap.az\/index.php?rest_route=%2Fwp%2Fv2%2Fcomments&post=20497"}],"wp:featuredmedia":[{"embeddable":true,"href":"https:\/\/setap.az\/index.php?rest_route=\/wp\/v2\/media\/20498"}],"wp:attachment":[{"href":"https:\/\/setap.az\/index.php?rest_route=%2Fwp%2Fv2%2Fmedia&parent=20497"}],"wp:term":[{"taxonomy":"product_cat","embeddable":true,"href":"https:\/\/setap.az\/index.php?rest_route=%2Fwp%2Fv2%2Fproduct_cat&post=20497"},{"taxonomy":"product_tag","embeddable":true,"href":"https:\/\/setap.az\/index.php?rest_route=%2Fwp%2Fv2%2Fproduct_tag&post=20497"}],"curies":[{"name":"wp","href":"https:\/\/api.w.org\/{rel}","templated":true}]}}