{"id":20502,"date":"2026-01-09T15:08:48","date_gmt":"2026-01-09T11:08:48","guid":{"rendered":"https:\/\/setap.az\/?post_type=product&#038;p=20502"},"modified":"2026-01-09T16:05:26","modified_gmt":"2026-01-09T12:05:26","slug":"20502","status":"publish","type":"product","link":"https:\/\/setap.az\/?product=20502","title":{"rendered":"HiWatch DS\u2011I250L(B)  2\u202fMP IP T\u0259hl\u00fck\u0259sizlik kameras\u0131d\u0131r."},"content":{"rendered":"<p>HiWatch DS\u2011I250L(B) modeli IP \u015f\u0259b\u0259k\u0259 kameras\u0131d\u0131r (Network \/ IP Camera) v\u0259 2\u202fMP (Full\u202fHD) q\u0259tnam\u0259 il\u0259 i\u015fl\u0259y\u0259n bullet (s\u0259rt g\u00f6vd\u0259li) t\u0259hl\u00fck\u0259sizlik kameras\u0131d\u0131r.<br \/>\n\u2714 Q\u0259tnam\u0259: 2\u202fMP \u2014 1920 \u00d7 1080 (Full\u202fHD).<br \/>\n\u2714 Sensor: 1\/2.8\u2033 Progressive Scan CMOS \u2014 diqq\u0259tli detal v\u0259 yax\u015f\u0131 r\u0259ng keyfiyy\u0259ti.<br \/>\n\u2714 ColorVu texnologiyas\u0131 (r\u0259ngli g\u00f6r\u00fcnt\u00fc 24\/7): Z\u0259if i\u015f\u0131qda bel\u0259 r\u0259ngli video.<br \/>\nLens: 2.8\u202fmm sabit obyektiv.<br \/>\nBax\u0131\u015f buca\u011f\u0131: t\u0259xmin\u0259n 107\u00b0 (geni\u015f bax\u0131\u015f).<br \/>\n\u2714 LED i\u015f\u0131qland\u0131rma: gec\u0259 zaman\u0131nda ayd\u0131n g\u00f6r\u00fcnt\u00fc \u00fc\u00e7\u00fcn.<br \/>\n\u2714 Gec\u0259 m\u0259saf\u0259si: t\u0259xmin\u0259n 30\u202fm\u2011\u0259 q\u0259d\u0259r.<br \/>\n\u2714 H.265+ \/ H.265 \/ H.264+ \/ H.264 \/ MJPEG video s\u0131x\u0131lma \u2014 yadda\u015f v\u0259 bant geni\u015fliyin\u0259 q\u0259na\u0259t.<br \/>\n\u2714 3D DNR (r\u0259q\u0259msal s\u0259s\u2011k\u00fcy\u00fcn azald\u0131lmas\u0131).<br \/>\n\u2714 DWDR, BLC, HLC, ROI g\u00f6r\u00fcnt\u00fc t\u0259kmill\u0259\u015fdirm\u0259 funksiyalar\u0131.<br \/>\nIP (\u015f\u0259b\u0259k\u0259) kamera: NVR\/PoE switch\/router il\u0259 qo\u015fulur.<br \/>\nEthernet 10\/100\u202fMbps \u2014 TCP\/IP, HTTP\/HTTPS, RTSP\/ONVIF kimi protokollar\u0131 d\u0259st\u0259kl\u0259y\u0259 bilm\u0259si m\u00fcmk\u00fcnd\u00fcr (ONVIF d\u0259st\u0259yi f\u0259rqli ma\u011faza m\u0259lumatlar\u0131nda olur).<br \/>\nPoE (802.3af) d\u0259st\u0259yi: eyni kabeld\u0259n enerji v\u0259 data.<br \/>\nMicroSD slotu: Bu modelin lite ColorVu versiyas\u0131nda microSD kart d\u0259st\u0259yi yoxdur (yaln\u0131z NVR \u00fcz\u0259rind\u0259n yaz\u0131).<br \/>\n\u2714 IP67 su v\u0259 tozdan qorunma \u2014 \u00e7\u00f6l \u00fc\u00e7\u00fcn tam uy\u011fundur.<br \/>\n\u2714 \u0130\u015fl\u0259m\u0259 temperaturu: t\u0259xmin\u0259n \u221240\u202f\u00b0C \u2026 +60\u202f\u00b0C.<br \/>\n\u2714 Korpus: metal\/ABS korpus.<br \/>\n\u2714 Enerji: DC 12\u202fV v\u0259 ya PoE.<\/p>\n","protected":false},"excerpt":{"rendered":"<p>HiWatch DS\u2011I250L(B) modeli IP \u015f\u0259b\u0259k\u0259 kameras\u0131d\u0131r (Network \/ IP Camera) v\u0259 2\u202fMP (Full\u202fHD) q\u0259tnam\u0259 il\u0259 i\u015fl\u0259y\u0259n bullet (s\u0259rt g\u00f6vd\u0259li) t\u0259hl\u00fck\u0259sizlik kameras\u0131d\u0131r. \u2714 Q\u0259tnam\u0259: 2\u202fMP \u2014 1920 \u00d7 1080 (Full\u202fHD). \u2714 Sensor: 1\/2.8\u2033 Progressive Scan CMOS \u2014 diqq\u0259tli detal v\u0259 yax\u015f\u0131 r\u0259ng keyfiyy\u0259ti. \u2714 ColorVu texnologiyas\u0131 (r\u0259ngli g\u00f6r\u00fcnt\u00fc 24\/7): Z\u0259if i\u015f\u0131qda bel\u0259 r\u0259ngli video. Lens: 2.8\u202fmm&hellip;<\/p>\n","protected":false},"featured_media":20503,"comment_status":"open","ping_status":"closed","template":"","meta":[],"product_cat":[4016,2803,5271],"product_tag":[4724,5195,3398,5275,5263,5085,5258,3360,3377,3260,5276,4901,4748,3392,2939,3135],"class_list":{"0":"post-20502","1":"product","2":"type-product","3":"status-publish","4":"has-post-thumbnail","6":"product_cat-hikvision","7":"product_cat-ip","8":"product_cat-thluksizlik-kamerasi","9":"product_tag-2mp","10":"product_tag-3ddnr","11":"product_tag-colorvu","12":"product_tag-dsi250lb","13":"product_tag-dwdr","14":"product_tag-fullhd","15":"product_tag-h265plus","16":"product_tag-hiwatch","17":"product_tag-ip67","18":"product_tag-ipcamera","19":"product_tag-lednightvision","20":"product_tag-networkcamera","21":"product_tag-outdoorcamera","22":"product_tag-poe","23":"product_tag-securitycamera","24":"product_tag-surveillance","25":"description-off","27":"first","28":"instock","29":"shipping-taxable","30":"purchasable","31":"product-type-simple"},"_links":{"self":[{"href":"https:\/\/setap.az\/index.php?rest_route=\/wp\/v2\/product\/20502","targetHints":{"allow":["GET"]}}],"collection":[{"href":"https:\/\/setap.az\/index.php?rest_route=\/wp\/v2\/product"}],"about":[{"href":"https:\/\/setap.az\/index.php?rest_route=\/wp\/v2\/types\/product"}],"replies":[{"embeddable":true,"href":"https:\/\/setap.az\/index.php?rest_route=%2Fwp%2Fv2%2Fcomments&post=20502"}],"wp:featuredmedia":[{"embeddable":true,"href":"https:\/\/setap.az\/index.php?rest_route=\/wp\/v2\/media\/20503"}],"wp:attachment":[{"href":"https:\/\/setap.az\/index.php?rest_route=%2Fwp%2Fv2%2Fmedia&parent=20502"}],"wp:term":[{"taxonomy":"product_cat","embeddable":true,"href":"https:\/\/setap.az\/index.php?rest_route=%2Fwp%2Fv2%2Fproduct_cat&post=20502"},{"taxonomy":"product_tag","embeddable":true,"href":"https:\/\/setap.az\/index.php?rest_route=%2Fwp%2Fv2%2Fproduct_tag&post=20502"}],"curies":[{"name":"wp","href":"https:\/\/api.w.org\/{rel}","templated":true}]}}