{"id":20560,"date":"2026-01-12T16:51:06","date_gmt":"2026-01-12T12:51:06","guid":{"rendered":"https:\/\/setap.az\/?post_type=product&#038;p=20560"},"modified":"2026-01-12T16:51:10","modified_gmt":"2026-01-12T12:51:10","slug":"dahua-dh-ipc-hfw4431bp-as-0360b-4-mp-ip-kamera","status":"publish","type":"product","link":"https:\/\/setap.az\/?product=dahua-dh-ipc-hfw4431bp-as-0360b-4-mp-ip-kamera","title":{"rendered":"Dahua DH-IPC-HFW4431BP-AS-0360B 4 MP IP kamera"},"content":{"rendered":"<p>Dahua DH-IPC-HFW4431BP-AS-0360B 4 MP IP bullet tipi t\u0259hl\u00fck\u0259sizlik kameras\u0131<br \/>\n1\/3\u2033 CMOS sensorla 2688\u00d71520 (4 Mp) y\u00fcks\u0259k \u00e7\u00f6z\u00fcn\u00fcrl\u00fckd\u0259 video \u00e7\u0259kir v\u0259 H.265\/H.264 video s\u0131x\u0131lma d\u0259st\u0259kl\u0259yir.<br \/>\nKamera 3.6 mm sabit linza il\u0259 t\u0259qrib\u0259n ~80-87\u00b0 bax\u0131\u015f buca\u011f\u0131 verir v\u0259 Smart IR gec\u0259 i\u015f\u0131qland\u0131rma il\u0259 t\u0259qrib\u0259n 60 m-\u0259 q\u0259d\u0259r gec\u0259 g\u00f6r\u00fcnt\u00fcs\u00fc t\u0259min edir.<br \/>\nG\u00fcnd\u00fcz\/gec\u0259 avtomatik rejimi (ICR), WDR (120 dB), 3D-DNR, BLC, AGC, AWB, r\u0259q\u0259msal s\u0259s-k\u00fcy azald\u0131lmas\u0131 v\u0259 video analitika kimi funksiyalar var.<br \/>\nBu kamera PoE (802.3af) v\u0259 DC 12 V enerji il\u0259 i\u015fl\u0259y\u0259 bilir, ONVIF d\u0259st\u0259yi il\u0259 f\u0259rqli sisteml\u0259rl\u0259 uy\u011fun g\u0259lir v\u0259 Web, CMS (SmartPSS\/DSS) v\u0259 DMSS vasit\u0259sil\u0259 uzaqdan bax\u0131\u015fa imkan verir.<br \/>\nKorpus IP67 toz\/suya davaml\u0131 v\u0259 IK10 vandall\u0131\u011fa qar\u015f\u0131 davaml\u0131d\u0131r, bu da onu \u00e7\u00f6l m\u00fchitind\u0259 qura\u015fd\u0131rma \u00fc\u00e7\u00fcn uy\u011fundur.<\/p>\n","protected":false},"excerpt":{"rendered":"<p>Dahua DH-IPC-HFW4431BP-AS-0360B 4 MP IP bullet tipi t\u0259hl\u00fck\u0259sizlik kameras\u0131 1\/3\u2033 CMOS sensorla 2688\u00d71520 (4 Mp) y\u00fcks\u0259k \u00e7\u00f6z\u00fcn\u00fcrl\u00fckd\u0259 video \u00e7\u0259kir v\u0259 H.265\/H.264 video s\u0131x\u0131lma d\u0259st\u0259kl\u0259yir. Kamera 3.6 mm sabit linza il\u0259 t\u0259qrib\u0259n ~80-87\u00b0 bax\u0131\u015f buca\u011f\u0131 verir v\u0259 Smart IR gec\u0259 i\u015f\u0131qland\u0131rma il\u0259 t\u0259qrib\u0259n 60 m-\u0259 q\u0259d\u0259r gec\u0259 g\u00f6r\u00fcnt\u00fcs\u00fc t\u0259min edir. G\u00fcnd\u00fcz\/gec\u0259 avtomatik rejimi (ICR), WDR (120&hellip;<\/p>\n","protected":false},"featured_media":20561,"comment_status":"open","ping_status":"closed","template":"","meta":[],"product_cat":[4086,2803,5271,2841],"product_tag":[5285,5286,4652,3388,3132,3575,5284,5280,5281,4787,3586,3377,3049,3764,3479,3392,5279,5282,3035,4726],"class_list":{"0":"post-20560","1":"product","2":"type-product","3":"status-publish","4":"has-post-thumbnail","6":"product_cat-dahua","7":"product_cat-ip","8":"product_cat-thluksizlik-kamerasi","9":"product_cat-videonzart","10":"product_tag-3-6mm","11":"product_tag-3dnr","12":"product_tag-4mp","13":"product_tag-bulletkamera","14":"product_tag-cctv","15":"product_tag-dahua","16":"product_tag-dh-ipc-hfw4431bp-as-0360b","17":"product_tag-dmss","18":"product_tag-gunduzgece","19":"product_tag-h265","20":"product_tag-ik10","21":"product_tag-ip67","22":"product_tag-ipkamera","23":"product_tag-nightvision","24":"product_tag-onvif","25":"product_tag-poe","26":"product_tag-smartpss","27":"product_tag-thulksizlikkamera","28":"product_tag-videomusahid","29":"product_tag-wdr","30":"description-off","32":"first","33":"instock","34":"shipping-taxable","35":"purchasable","36":"product-type-simple"},"_links":{"self":[{"href":"https:\/\/setap.az\/index.php?rest_route=\/wp\/v2\/product\/20560","targetHints":{"allow":["GET"]}}],"collection":[{"href":"https:\/\/setap.az\/index.php?rest_route=\/wp\/v2\/product"}],"about":[{"href":"https:\/\/setap.az\/index.php?rest_route=\/wp\/v2\/types\/product"}],"replies":[{"embeddable":true,"href":"https:\/\/setap.az\/index.php?rest_route=%2Fwp%2Fv2%2Fcomments&post=20560"}],"wp:featuredmedia":[{"embeddable":true,"href":"https:\/\/setap.az\/index.php?rest_route=\/wp\/v2\/media\/20561"}],"wp:attachment":[{"href":"https:\/\/setap.az\/index.php?rest_route=%2Fwp%2Fv2%2Fmedia&parent=20560"}],"wp:term":[{"taxonomy":"product_cat","embeddable":true,"href":"https:\/\/setap.az\/index.php?rest_route=%2Fwp%2Fv2%2Fproduct_cat&post=20560"},{"taxonomy":"product_tag","embeddable":true,"href":"https:\/\/setap.az\/index.php?rest_route=%2Fwp%2Fv2%2Fproduct_tag&post=20560"}],"curies":[{"name":"wp","href":"https:\/\/api.w.org\/{rel}","templated":true}]}}