{"id":20609,"date":"2026-01-28T14:10:18","date_gmt":"2026-01-28T10:10:18","guid":{"rendered":"https:\/\/setap.az\/?post_type=product&#038;p=20609"},"modified":"2026-01-28T14:14:25","modified_gmt":"2026-01-28T10:14:25","slug":"ezviz-cs%e2%80%91hp7-2k-smart-video-domofon-wi%e2%80%91fi","status":"publish","type":"product","link":"https:\/\/setap.az\/?product=ezviz-cs%e2%80%91hp7-2k-smart-video-domofon-wi%e2%80%91fi","title":{"rendered":"EZVIZ CS\u2011HP7 \u2013 2K Smart Video Domofon Wi\u2011Fi"},"content":{"rendered":"<p>EZVIZ CS\u2011HP7 \u2013 2K Smart Video Domofon Wi\u2011Fi<\/p>\n<p>\u2714EZVIZ CS-HP7 video domofon sistemi qap\u0131 yan\u0131nda kamera + i\u00e7\u0259rid\u0259 7\u2033 sensor ekran<br \/>\n\u2714Kamera X\u00fcsusiyy\u0259tl\u0259ri<br \/>\n\u2022 2 K (2048\u00d71296) t\u0259svir keyfiyy\u0259ti \u2014 ayd\u0131n g\u00f6r\u00fcnt\u00fc.<br \/>\n\u2022 Geni\u015f bucaq (~162\u00b0 diaqonal) \u2014 qap\u0131 qar\u015f\u0131s\u0131n\u0131 geni\u015f \u015f\u0259kild\u0259 \u0259hat\u0259 edir.<br \/>\n\u2022 \u0130nfraq\u0131rm\u0131z\u0131 gec\u0259 g\u00f6rm\u0259 \u2014 gec\u0259 \u015f\u0259raitind\u0259 d\u0259 g\u00f6r\u00fcn\u00fc\u015f.<br \/>\n\u2022 IR-cut filtr avtomatik \u2014 g\u00fcnd\u00fcz\/gec\u0259 rejimi avtomatik ke\u00e7id.<br \/>\n\u2714\u018flaq\u0259 v\u0259 Qo\u015fulma<br \/>\n\u2022 Wi-Fi d\u0259st\u0259yi: 2.4 GHz v\u0259 5 GHz (simsiz Wi-Fi il\u0259 qo\u015fulma).<br \/>\n\u2022 Kabel \u0259laq\u0259si: 2-wire v\u0259 ya 4-wire interfeysi d\u0259st\u0259kl\u0259yir<br \/>\n\u2022 Bulud yadda\u015f: EZVIZ Cloud vasit\u0259sil\u0259 video saxlanmas\u0131.<br \/>\n\u2022 Lokal yadda\u015f: microSD kart il\u0259 (512 GB-a q\u0259d\u0259r) video yadda\u015fa yazma imkan\u0131.<br \/>\n\u2714Proqram v\u0259 Funksiyalar<br \/>\n\u2022 \u0130ki t\u0259r\u0259fli s\u0259s\/Video z\u0259ng \u2014 qonaqla dan\u0131\u015fmaq v\u0259 video z\u0259ng etm\u0259k.<br \/>\n\u2022 H\u0259r\u0259k\u0259t a\u015fkarlanmas\u0131 v\u0259 bildiri\u015fl\u0259r \u2014 telefon t\u0259tbiqin\u0259 g\u0259l\u0259n x\u0259b\u0259rdarl\u0131qlar.<br \/>\n\u2022 RFID a\u00e7ma funksiyas\u0131 \u2014 yax\u0131nla\u015fma kart\u0131 vasit\u0259sil\u0259 qap\u0131 a\u00e7ma d\u0259st\u0259yi (b\u0259zi paketl\u0259rd\u0259).<br \/>\n\u2022 Bir ne\u00e7\u0259 z\u0259ng tonu v\u0259 sensor ekran \u2014 rahat idar\u0259etm\u0259 v\u0259 f\u0259rdil\u0259\u015fdirm\u0259.<br \/>\n\u2714Daxili Monitor<br \/>\n\u2022 7\u2033 r\u0259ngli toxunma ekran\u0131 \u2014 video z\u0259ngi d\u0259rhal ekranda g\u00f6rm\u0259k \u00fc\u00e7\u00fcn.<br \/>\n\u2022 Ekran q\u0259tnam\u0259si: 1024\u00d7600.<\/p>\n","protected":false},"excerpt":{"rendered":"<p>EZVIZ CS\u2011HP7 \u2013 2K Smart Video Domofon Wi\u2011Fi \u2714EZVIZ CS-HP7 video domofon sistemi qap\u0131 yan\u0131nda kamera + i\u00e7\u0259rid\u0259 7\u2033 sensor ekran \u2714Kamera X\u00fcsusiyy\u0259tl\u0259ri \u2022 2 K (2048\u00d71296) t\u0259svir keyfiyy\u0259ti \u2014 ayd\u0131n g\u00f6r\u00fcnt\u00fc. \u2022 Geni\u015f bucaq (~162\u00b0 diaqonal) \u2014 qap\u0131 qar\u015f\u0131s\u0131n\u0131 geni\u015f \u015f\u0259kild\u0259 \u0259hat\u0259 edir. \u2022 \u0130nfraq\u0131rm\u0131z\u0131 gec\u0259 g\u00f6rm\u0259 \u2014 gec\u0259 \u015f\u0259raitind\u0259 d\u0259 g\u00f6r\u00fcn\u00fc\u015f. \u2022 IR-cut&hellip;<\/p>\n","protected":false},"featured_media":20613,"comment_status":"open","ping_status":"closed","template":"","meta":[],"product_cat":[4154,5310,4016,2803],"product_tag":[5313,5311,3044,2937,3260,5096,3764,5301,4142,3491,5315,2938,5312,5314,3544],"class_list":{"0":"post-20609","1":"product","2":"type-product","3":"status-publish","4":"has-post-thumbnail","6":"product_cat-domofonlar-v-qapi-znglri","7":"product_cat-ezviz","8":"product_cat-hikvision","9":"product_cat-ip","10":"product_tag-2kvideo","11":"product_tag-cshp7","12":"product_tag-ezviz","13":"product_tag-homesecurity","14":"product_tag-ipcamera","15":"product_tag-motiondetection","16":"product_tag-nightvision","17":"product_tag-officesecurity","18":"product_tag-qapizngi","19":"product_tag-simsizkamera","20":"product_tag-smartdomofon","21":"product_tag-smarthome","22":"product_tag-smartvideodoorbell","23":"product_tag-videozngi","24":"product_tag-wifi","25":"description-off","27":"first","28":"instock","29":"shipping-taxable","30":"purchasable","31":"product-type-simple"},"_links":{"self":[{"href":"https:\/\/setap.az\/index.php?rest_route=\/wp\/v2\/product\/20609","targetHints":{"allow":["GET"]}}],"collection":[{"href":"https:\/\/setap.az\/index.php?rest_route=\/wp\/v2\/product"}],"about":[{"href":"https:\/\/setap.az\/index.php?rest_route=\/wp\/v2\/types\/product"}],"replies":[{"embeddable":true,"href":"https:\/\/setap.az\/index.php?rest_route=%2Fwp%2Fv2%2Fcomments&post=20609"}],"wp:featuredmedia":[{"embeddable":true,"href":"https:\/\/setap.az\/index.php?rest_route=\/wp\/v2\/media\/20613"}],"wp:attachment":[{"href":"https:\/\/setap.az\/index.php?rest_route=%2Fwp%2Fv2%2Fmedia&parent=20609"}],"wp:term":[{"taxonomy":"product_cat","embeddable":true,"href":"https:\/\/setap.az\/index.php?rest_route=%2Fwp%2Fv2%2Fproduct_cat&post=20609"},{"taxonomy":"product_tag","embeddable":true,"href":"https:\/\/setap.az\/index.php?rest_route=%2Fwp%2Fv2%2Fproduct_tag&post=20609"}],"curies":[{"name":"wp","href":"https:\/\/api.w.org\/{rel}","templated":true}]}}