{"id":20614,"date":"2026-02-02T09:16:16","date_gmt":"2026-02-02T05:16:16","guid":{"rendered":"https:\/\/setap.az\/?post_type=product&#038;p=20614"},"modified":"2026-02-02T09:16:16","modified_gmt":"2026-02-02T05:16:16","slug":"ac750-ikidiapazonlu-wi-fi-router-tp-link-archer-c20","status":"publish","type":"product","link":"https:\/\/setap.az\/?product=ac750-ikidiapazonlu-wi-fi-router-tp-link-archer-c20","title":{"rendered":"AC750 \u0130kidiapazonlu Wi-Fi Router TP-Link Archer C20"},"content":{"rendered":"<p>\u2714AC750 \u0130kidiapazonlu Wi-Fi Router TP-Link Archer C20<\/p>\n<p>Archer C20 3 d\u0259f\u0259 daha s\u00fcr\u0259tli olan n\u00f6vb\u0259ti n\u0259sil 802.11ac standartlar\u0131nda Wi-Fi \u015f\u0259b\u0259k\u0259sini d\u0259st\u0259kl\u0259yir. TP-Link Archer C20 y\u00fcks\u0259k performans v\u0259 etibarl\u0131 t\u0259hl\u00fck\u0259sizliyi il\u0259, evinizin Wi-Fi \u015f\u0259b\u0259k\u0259sini s\u00fcr\u0259tl\u0259ndirm\u0259k v\u0259 kanala d\u00fc\u015f\u0259n y\u00fck\u00fcn azald\u0131lmas\u0131 \u00fc\u00e7\u00fcn ideal se\u00e7imdir. Fiber optik x\u0259tt \u00fc\u00e7\u00fcn n\u0259z\u0259rd\u0259 tutulmu\u015fdur (M\u0259s\u0259l\u0259n, KaTv, Ail\u0259 TV v\u0259 s. internet provayderl\u0259ri fiber optik x\u0259tl\u0259 i\u015fl\u0259yir).<\/p>\n<p>TP-Link Archer C20 Wi-Fi Routerin \u00fcst\u00fcnl\u00fckl\u0259ri:<\/p>\n<p>802.11ac n\u0259sil simsiz \u015f\u0259b\u0259k\u0259 standartlar\u0131n d\u0259st\u0259yi<br \/>\n\u00dcmumi \u00f6t\u00fcrm\u0259 qabiliyy\u0259ti 733Mbit\/s q\u0259d\u0259r: 5GHz-d\u0259 433Mbit\/s v\u0259 2.4GHz-d\u0259 300Mbit\/s<br \/>\n\u00dc\u00e7 \u00e7oxy\u00f6nl\u00fc anten sabit siqnal v\u0259 \u015f\u0259b\u0259k\u0259 \u0259hat\u0259 dair\u0259sinin daha b\u00f6y\u00fck radiusunu t\u0259min edir<br \/>\nValideyn n\u0259zar\u0259ti, qo\u015fulmu\u015f cihazlar\u0131n \u0130nternet\u0259 n\u0259 vaxt v\u0259 nec\u0259 \u00e7\u0131xaca\u011f\u0131n\u0131 t\u0259yin etm\u0259y\u0259 imkan verir<br \/>\nQonaq \u015f\u0259b\u0259k\u0259si, ev sahibi \u015f\u0259b\u0259k\u0259sini t\u0259min ed\u0259rk\u0259n qonaqlar \u00fc\u00e7\u00fcn ayr\u0131 bir giri\u015f t\u0259min edir<br \/>\nArcher C20-ni intuitiv Web interfeysi v\u0259 Tether mobil t\u0259tbiqi il\u0259 bir ne\u00e7\u0259 d\u0259qiq\u0259 \u0259rzind\u0259 qurun. Tether t\u0259tbiqi h\u0259m\u00e7inin \u015f\u0259b\u0259k\u0259 parametrl\u0259rinizi, valideyn n\u0259zar\u0259ti v\u0259 giri\u015f n\u0259zar\u0259ti daxil olmaqla ist\u0259nil\u0259n iOS v\u0259 Android cihazlar\u0131ndan idar\u0259 etm\u0259y\u0259 imkan ver\u0259c\u0259kdir.<br \/>\nWi-Fi Routerin \u0259sas x\u00fcsusiyy\u0259tl\u0259ri:<\/p>\n<p>Maksimal s\u00fcr\u0259t: 733 Mbit\/s q\u0259d\u0259r<br \/>\n5GHz: 433 Mbit\/s (802.11ac)<br \/>\n2.4GHz: 300 Mbit\/s (802.11n)<br \/>\n\u0130nterfeys: 1\u00d7WAN, 4\u00d7LAN<br \/>\nPortlar\u0131n s\u00fcr\u0259ti: 10\/100 Mbit\/s<br \/>\nTezlik diapazonu: 2.4 GHz \/ 5 GHz<br \/>\nStandartlar: Wi-Fi 5;<\/p>\n","protected":false},"excerpt":{"rendered":"<p>\u2714AC750 \u0130kidiapazonlu Wi-Fi Router TP-Link Archer C20 Archer C20 3 d\u0259f\u0259 daha s\u00fcr\u0259tli olan n\u00f6vb\u0259ti n\u0259sil 802.11ac standartlar\u0131nda Wi-Fi \u015f\u0259b\u0259k\u0259sini d\u0259st\u0259kl\u0259yir. TP-Link Archer C20 y\u00fcks\u0259k performans v\u0259 etibarl\u0131 t\u0259hl\u00fck\u0259sizliyi il\u0259, evinizin Wi-Fi \u015f\u0259b\u0259k\u0259sini s\u00fcr\u0259tl\u0259ndirm\u0259k v\u0259 kanala d\u00fc\u015f\u0259n y\u00fck\u00fcn azald\u0131lmas\u0131 \u00fc\u00e7\u00fcn ideal se\u00e7imdir. Fiber optik x\u0259tt \u00fc\u00e7\u00fcn n\u0259z\u0259rd\u0259 tutulmu\u015fdur (M\u0259s\u0259l\u0259n, KaTv, Ail\u0259 TV v\u0259 s. internet&hellip;<\/p>\n","protected":false},"featured_media":20615,"comment_status":"open","ping_status":"closed","template":"","meta":[],"product_cat":[2833,4088],"product_tag":[5319,5320,5317,5316,3414,5322,5318,2944,5323,5325,5321,3831,5324,2926,3436,2970],"class_list":{"0":"post-20614","1":"product","2":"type-product","3":"status-publish","4":"has-post-thumbnail","6":"product_cat-routerlr","7":"product_cat-tp-link","8":"product_tag-24ghz","9":"product_tag-5ghz","10":"product_tag-ac750","11":"product_tag-archerc20","12":"product_tag-dualband","13":"product_tag-evucunwifi","14":"product_tag-ikidiapazonlu","15":"product_tag-networking","16":"product_tag-ofisucunwifi","17":"product_tag-setapelektronika","18":"product_tag-simsizrouter","19":"product_tag-stabilinternet","20":"product_tag-suretliinternet","21":"product_tag-tplink","22":"product_tag-wifirouter","23":"product_tag-wirelessrouter","24":"description-off","26":"first","27":"instock","28":"shipping-taxable","29":"purchasable","30":"product-type-simple"},"_links":{"self":[{"href":"https:\/\/setap.az\/index.php?rest_route=\/wp\/v2\/product\/20614","targetHints":{"allow":["GET"]}}],"collection":[{"href":"https:\/\/setap.az\/index.php?rest_route=\/wp\/v2\/product"}],"about":[{"href":"https:\/\/setap.az\/index.php?rest_route=\/wp\/v2\/types\/product"}],"replies":[{"embeddable":true,"href":"https:\/\/setap.az\/index.php?rest_route=%2Fwp%2Fv2%2Fcomments&post=20614"}],"wp:featuredmedia":[{"embeddable":true,"href":"https:\/\/setap.az\/index.php?rest_route=\/wp\/v2\/media\/20615"}],"wp:attachment":[{"href":"https:\/\/setap.az\/index.php?rest_route=%2Fwp%2Fv2%2Fmedia&parent=20614"}],"wp:term":[{"taxonomy":"product_cat","embeddable":true,"href":"https:\/\/setap.az\/index.php?rest_route=%2Fwp%2Fv2%2Fproduct_cat&post=20614"},{"taxonomy":"product_tag","embeddable":true,"href":"https:\/\/setap.az\/index.php?rest_route=%2Fwp%2Fv2%2Fproduct_tag&post=20614"}],"curies":[{"name":"wp","href":"https:\/\/api.w.org\/{rel}","templated":true}]}}