{"id":20616,"date":"2026-02-02T11:31:53","date_gmt":"2026-02-02T07:31:53","guid":{"rendered":"https:\/\/setap.az\/?post_type=product&#038;p=20616"},"modified":"2026-02-02T11:32:01","modified_gmt":"2026-02-02T07:32:01","slug":"hikvision-ds-2ce17d0t-it5f-2mp-analoq-t%c9%99hluk%c9%99sizlik-kamerasi","status":"publish","type":"product","link":"https:\/\/setap.az\/?product=hikvision-ds-2ce17d0t-it5f-2mp-analoq-t%c9%99hluk%c9%99sizlik-kamerasi","title":{"rendered":"Hikvision DS-2CE17D0T-IT5F 2MP Analoq t\u0259hl\u00fck\u0259sizlik kameras\u0131"},"content":{"rendered":"<p>Hikvision DS\u20112CE17D0T\u2011IT5F \u2013 Turbo HD 2 MP Bullet tipli t\u0259hl\u00fck\u0259sizlik kameras\u0131<br \/>\n\ud83d\udcf7 \u00dcmumi t\u0259svir<\/p>\n<p>\u2714 2 MP \u00e7\u00f6z\u00fcn\u00fcrl\u00fckl\u00fc kamera \u2013 1920\u00d71080 (Full HD) g\u00f6r\u00fcnt\u00fc keyfiyy\u0259ti.<br \/>\n\u2714 Bullet \u2013 boru tipli dizayn \u2013 a\u00e7\u0131q v\u0259 qapal\u0131 sah\u0259l\u0259r \u00fc\u00e7\u00fcn uy\u011fundur.<br \/>\n\u2714 Multiformat video \u00e7\u0131x\u0131\u015f\u0131 \u2013 TVI, AHD, CVI v\u0259 \u0259n\u0259n\u0259vi CVBS formatlar\u0131 il\u0259 uy\u011fundur (buna g\u00f6r\u0259 m\u00fcxt\u0259lif DVR cihazlarla i\u015fl\u0259yir).<br \/>\n\u2714 IR gec\u0259 g\u00f6rm\u0259 \u2013 80 metr\u0259 q\u0259d\u0259r g\u00f6r\u00fcn\u00fc\u015f t\u0259min edir qaranl\u0131q \u015f\u0259raitd\u0259 d\u0259.<br \/>\n\u2714 Day\/Night (ICR) rejimi \u2013 avtomatik olaraq g\u00fcnd\u00fcz\/gec\u0259 rejiml\u0259rin\u0259 ke\u00e7ir.<br \/>\n\u2714 IP67 toz v\u0259 suya davaml\u0131l\u0131q \u2013 ya\u011f\u0131\u015fa v\u0259 toza qar\u015f\u0131 y\u00fcks\u0259k s\u0259viyy\u0259d\u0259 qorunur.<\/p>\n<p>\ud83d\udcca Texniki x\u00fcsusiyy\u0259tl\u0259r<\/p>\n<p>\u00c7\u00f6z\u00fcn\u00fcrl\u00fck: 2 Megapiksel (1080p)<br \/>\nLens opsiyalar\u0131: 3.6 mm, 6 mm, 8 mm v\u0259 12 mm (fiks) \u2013 f\u0259rqli izl\u0259me bucaqlar\u0131 verir.<br \/>\nGec\u0259 g\u00f6r\u00fcnt\u00fcs\u00fc: IR LED il\u0259 ~80 m m\u0259saf\u0259y\u0259 q\u0259d\u0259r ayd\u0131n g\u00f6r\u00fcnt\u00fc.<br \/>\n\u015eifre rejimi: TVI\/AHD\/CVI\/CVBS se\u00e7il\u0259 bilir.<br \/>\n\u015e\u00fct\u00fcr s\u00fcr\u0259ti: PAL\/NTSC standartlar\u0131na uy\u011fun.<br \/>\nMaterial: Metal \u00f6n hiss\u0259 + plastik korpus.<br \/>\n\u0130\u015fl\u0259m\u0259 \u015f\u0259raiti: -40 \u00b0C il\u0259 +60 \u00b0C aras\u0131 normal i\u015fl\u0259yir.<br \/>\nG\u00fcc s\u0259rfi: Maks. ~4.7 W.<\/p>\n","protected":false},"excerpt":{"rendered":"<p>Hikvision DS\u20112CE17D0T\u2011IT5F \u2013 Turbo HD 2 MP Bullet tipli t\u0259hl\u00fck\u0259sizlik kameras\u0131 \ud83d\udcf7 \u00dcmumi t\u0259svir \u2714 2 MP \u00e7\u00f6z\u00fcn\u00fcrl\u00fckl\u00fc kamera \u2013 1920\u00d71080 (Full HD) g\u00f6r\u00fcnt\u00fc keyfiyy\u0259ti. \u2714 Bullet \u2013 boru tipli dizayn \u2013 a\u00e7\u0131q v\u0259 qapal\u0131 sah\u0259l\u0259r \u00fc\u00e7\u00fcn uy\u011fundur. \u2714 Multiformat video \u00e7\u0131x\u0131\u015f\u0131 \u2013 TVI, AHD, CVI v\u0259 \u0259n\u0259n\u0259vi CVBS formatlar\u0131 il\u0259 uy\u011fundur (buna g\u00f6r\u0259 m\u00fcxt\u0259lif&hellip;<\/p>\n","protected":false},"featured_media":20617,"comment_status":"open","ping_status":"closed","template":"","meta":[],"product_cat":[2802,4016,5271,2841],"product_tag":[3371,3780,3775,3388,5194,3778,5327,3375,5329,5085,5326,2941,3377,3376,3300,5325,5291,3349,5250,5328],"class_list":{"0":"post-20616","1":"product","2":"type-product","3":"status-publish","4":"has-post-thumbnail","6":"product_cat-analoq","7":"product_cat-hikvision","8":"product_cat-thluksizlik-kamerasi","9":"product_cat-videonzart","10":"product_tag-2mpkamera","11":"product_tag-ahd","12":"product_tag-analogkamera","13":"product_tag-bulletkamera","14":"product_tag-cvbs","15":"product_tag-cvi","16":"product_tag-dismekankamerasi","17":"product_tag-ds2ce17d0tit5f","18":"product_tag-dvrkamera","19":"product_tag-fullhd","20":"product_tag-gecegorme","21":"product_tag-hikvision","22":"product_tag-ip67","23":"product_tag-ir80m","24":"product_tag-kamerasistemi","25":"product_tag-setapelektronika","26":"product_tag-tehlukesizlikkamerasi","27":"product_tag-turbohd","28":"product_tag-tvikamera","29":"product_tag-videonezaret","30":"description-off","32":"first","33":"instock","34":"shipping-taxable","35":"purchasable","36":"product-type-simple"},"_links":{"self":[{"href":"https:\/\/setap.az\/index.php?rest_route=\/wp\/v2\/product\/20616","targetHints":{"allow":["GET"]}}],"collection":[{"href":"https:\/\/setap.az\/index.php?rest_route=\/wp\/v2\/product"}],"about":[{"href":"https:\/\/setap.az\/index.php?rest_route=\/wp\/v2\/types\/product"}],"replies":[{"embeddable":true,"href":"https:\/\/setap.az\/index.php?rest_route=%2Fwp%2Fv2%2Fcomments&post=20616"}],"wp:featuredmedia":[{"embeddable":true,"href":"https:\/\/setap.az\/index.php?rest_route=\/wp\/v2\/media\/20617"}],"wp:attachment":[{"href":"https:\/\/setap.az\/index.php?rest_route=%2Fwp%2Fv2%2Fmedia&parent=20616"}],"wp:term":[{"taxonomy":"product_cat","embeddable":true,"href":"https:\/\/setap.az\/index.php?rest_route=%2Fwp%2Fv2%2Fproduct_cat&post=20616"},{"taxonomy":"product_tag","embeddable":true,"href":"https:\/\/setap.az\/index.php?rest_route=%2Fwp%2Fv2%2Fproduct_tag&post=20616"}],"curies":[{"name":"wp","href":"https:\/\/api.w.org\/{rel}","templated":true}]}}