{"id":20644,"date":"2026-02-04T11:00:09","date_gmt":"2026-02-04T07:00:09","guid":{"rendered":"https:\/\/setap.az\/?post_type=product&#038;p=20644"},"modified":"2026-02-04T11:00:11","modified_gmt":"2026-02-04T07:00:11","slug":"hikvision-ds-7116hghi-k1-16-kanalli-dvr","status":"publish","type":"product","link":"https:\/\/setap.az\/?product=hikvision-ds-7116hghi-k1-16-kanalli-dvr","title":{"rendered":"Hikvision DS-7116HGHI-K1 \u2013 16-kanall\u0131 DVR"},"content":{"rendered":"<p>Hikvision DS-7116HGHI-K1 \u2013 16-kanall\u0131 DVR (Video Qeydiyyat\u00e7\u0131)<br \/>\n\u2714\u018fsas X\u00fcsusiyy\u0259tl\u0259r<br \/>\nKanal say\u0131: 16 analoq video giri\u015f (HDTVI\/AHD\/CVI\/CVBS)<br \/>\nMotion Detection 2.0: Video analiz sistemi ibar\u0259tdir \u2013 insan v\u0259 avtomobil h\u0259r\u0259k\u0259tini ay\u0131rd ed\u0259 bilir v\u0259 yaln\u0131\u015f siqnallar\u0131 azald\u0131r.<br \/>\nVideo Compression: H.265 Pro+, H.265 Pro, H.265 v\u0259 H.264 \u2013 yadda\u015f s\u0259rfiyyat\u0131n\u0131 azald\u0131r.<br \/>\nIP kamera d\u0259st\u0259yi: 2-\u0259 q\u0259d\u0259r IP kamera qo\u015fmaq m\u00fcmk\u00fcnd\u00fcr (\u00fcmumilikd\u0259 18 kanala q\u0259d\u0259r, IP-l\u0259r 5 MP-\u0259 q\u0259d\u0259r).<br \/>\nAudio: Koaksial kabel vasit\u0259sil\u0259 audio input v\u0259 \u00e7\u0131x\u0131\u015f d\u0259st\u0259yi.<br \/>\nQ\u0259tnam\u0259: 1080p Lite il\u0259 15 fps yazma bacar\u0131\u011f\u0131.<\/p>\n<p>\ud83d\udce3 Dig\u0259r texniki m\u0259qamlar:<br \/>\n\u2714 HDMI v\u0259 VGA \u00e7\u0131x\u0131\u015flar \u2013 monitor\/TV \u00fc\u00e7\u00fcn qo\u015fulma.<br \/>\n\u2714 1 \u00d7 SATA HDD d\u0259st\u0259yi (10 TB-a q\u0259d\u0259r).<br \/>\n\u2714 \u015e\u0259b\u0259k\u0259 interfeysi (RJ45) \u2013 uzaqdan bax\u0131\u015f \u00fc\u00e7\u00fcn.<br \/>\n\u2714 Maks. 800 m uzaql\u0131qda 1080p HDTVI siqnal \u00f6t\u00fcrm\u0259si.<\/p>\n","protected":false},"excerpt":{"rendered":"<p>Hikvision DS-7116HGHI-K1 \u2013 16-kanall\u0131 DVR (Video Qeydiyyat\u00e7\u0131) \u2714\u018fsas X\u00fcsusiyy\u0259tl\u0259r Kanal say\u0131: 16 analoq video giri\u015f (HDTVI\/AHD\/CVI\/CVBS) Motion Detection 2.0: Video analiz sistemi ibar\u0259tdir \u2013 insan v\u0259 avtomobil h\u0259r\u0259k\u0259tini ay\u0131rd ed\u0259 bilir v\u0259 yaln\u0131\u015f siqnallar\u0131 azald\u0131r. Video Compression: H.265 Pro+, H.265 Pro, H.265 v\u0259 H.264 \u2013 yadda\u015f s\u0259rfiyyat\u0131n\u0131 azald\u0131r. IP kamera d\u0259st\u0259yi: 2-\u0259 q\u0259d\u0259r IP kamera&hellip;<\/p>\n","protected":false},"featured_media":20645,"comment_status":"open","ping_status":"closed","template":"","meta":[],"product_cat":[4016,2850],"product_tag":[5361,3780,5356,4985,3132,5194,3778,5360,5346,5358,5364,3131,2941,2937,5363,4989,3130,5325,3135,5362,3134],"class_list":{"0":"post-20644","1":"product","2":"type-product","3":"status-publish","4":"has-post-thumbnail","6":"product_cat-hikvision","7":"product_cat-videoqeydiyyatcilar","8":"product_tag-16channeldvr","9":"product_tag-ahd","10":"product_tag-analogplusip","11":"product_tag-businesssecurity","12":"product_tag-cctv","13":"product_tag-cvbs","14":"product_tag-cvi","15":"product_tag-ds7116hghik1","16":"product_tag-dvrrecorder","17":"product_tag-h265pro","18":"product_tag-hdd10tb","19":"product_tag-hdtvi","20":"product_tag-hikvision","21":"product_tag-homesecurity","22":"product_tag-motiondetection2_0","23":"product_tag-remotemonitoring","24":"product_tag-securitysystem","25":"product_tag-setapelektronika","26":"product_tag-surveillance","27":"product_tag-turbohddvr","28":"product_tag-videorecorder","29":"description-off","31":"first","32":"instock","33":"shipping-taxable","34":"purchasable","35":"product-type-simple"},"_links":{"self":[{"href":"https:\/\/setap.az\/index.php?rest_route=\/wp\/v2\/product\/20644","targetHints":{"allow":["GET"]}}],"collection":[{"href":"https:\/\/setap.az\/index.php?rest_route=\/wp\/v2\/product"}],"about":[{"href":"https:\/\/setap.az\/index.php?rest_route=\/wp\/v2\/types\/product"}],"replies":[{"embeddable":true,"href":"https:\/\/setap.az\/index.php?rest_route=%2Fwp%2Fv2%2Fcomments&post=20644"}],"wp:featuredmedia":[{"embeddable":true,"href":"https:\/\/setap.az\/index.php?rest_route=\/wp\/v2\/media\/20645"}],"wp:attachment":[{"href":"https:\/\/setap.az\/index.php?rest_route=%2Fwp%2Fv2%2Fmedia&parent=20644"}],"wp:term":[{"taxonomy":"product_cat","embeddable":true,"href":"https:\/\/setap.az\/index.php?rest_route=%2Fwp%2Fv2%2Fproduct_cat&post=20644"},{"taxonomy":"product_tag","embeddable":true,"href":"https:\/\/setap.az\/index.php?rest_route=%2Fwp%2Fv2%2Fproduct_tag&post=20644"}],"curies":[{"name":"wp","href":"https:\/\/api.w.org\/{rel}","templated":true}]}}