{"id":20651,"date":"2026-02-05T11:45:09","date_gmt":"2026-02-05T07:45:09","guid":{"rendered":"https:\/\/setap.az\/?post_type=product&#038;p=20651"},"modified":"2026-02-05T14:55:10","modified_gmt":"2026-02-05T10:55:10","slug":"cs-h7c-pro-4mp4mp-dual-lens-ezviz-ip-musahid%c9%99-kamerasi","status":"publish","type":"product","link":"https:\/\/setap.az\/?product=cs-h7c-pro-4mp4mp-dual-lens-ezviz-ip-musahid%c9%99-kamerasi","title":{"rendered":"EZVIZ CS-H7c Pro 4MP+4MP (dual lens)  IP M\u00fc\u015fahid\u0259 Kameras\u0131"},"content":{"rendered":"<p>CS-H7c Pro 4MP+4MP EZVIZ brendin\u0259 m\u0259xsus, iki obyektivli (dual lens) a\u011f\u0131ll\u0131 daxili m\u00fc\u015fahid\u0259 kameras\u0131.<br \/>\nBu model daha geni\u015f n\u0259zar\u0259t v\u0259 y\u00fcks\u0259k g\u00f6r\u00fcnt\u00fc keyfiyy\u0259ti \u00fc\u00e7\u00fcn n\u0259z\u0259rd\u0259 tutulub.<br \/>\n\u2714\u018fsas x\u00fcsusiyy\u0259tl\u0259r<br \/>\n\u0130ki kamera \u2013 4MP + 4MP (\u00fcmumilikd\u0259 8MP)<br \/>\nEyni anda iki f\u0259rqli bucaqdan y\u00fcks\u0259k keyfiyy\u0259tli g\u00f6r\u00fcnt\u00fc<br \/>\n360\u00b0 panoramik bax\u0131\u015f<br \/>\nF\u0131rlanma funksiyas\u0131 il\u0259 kor n\u00f6qt\u0259siz m\u00fc\u015fahid\u0259<br \/>\nA\u011f\u0131ll\u0131 insan a\u015fkarlanmas\u0131 v\u0259 izl\u0259m\u0259 (AI Human Detection &#038; Tracking)<br \/>\n\u0130nsan h\u0259r\u0259k\u0259tini avtomatik tan\u0131y\u0131r v\u0259 izl\u0259yir<br \/>\nR\u0259ngli gec\u0259g\u00f6rm\u0259 + infraq\u0131rm\u0131z\u0131 rejim<br \/>\nAz i\u015f\u0131qda bel\u0259 detall\u0131 v\u0259 r\u0259ngli g\u00f6r\u00fcnt\u00fc<br \/>\n\u0130ki t\u0259r\u0259fli s\u0259s<br \/>\nMikrofon v\u0259 s\u0259sg\u00fccl\u0259ndirici il\u0259 qar\u015f\u0131l\u0131ql\u0131 dan\u0131\u015f\u0131q<br \/>\nWi-Fi ba\u011flant\u0131s\u0131<br \/>\nEZVIZ mobil t\u0259tbiqi vasit\u0259sil\u0259 uzaqdan idar\u0259etm\u0259<br \/>\nH\u0259r\u0259k\u0259t bildiri\u015fl\u0259ri<br \/>\n\u015e\u00fcbh\u0259li h\u0259r\u0259k\u0259t zaman\u0131 telefona ani x\u0259b\u0259rdarl\u0131q<br \/>\nYadda\u015f d\u0259st\u0259yi<br \/>\nmicroSD kart (256 GB-a q\u0259d\u0259r) v\u0259 EZVIZ CloudPlay<br \/>\nM\u0259xfilik rejimi<br \/>\n\u0130st\u0259y\u0259 g\u00f6r\u0259 obyektivl\u0259rin gizl\u0259dilm\u0259si<br \/>\n\u2714\u00dcst\u00fcnl\u00fckl\u0259ri<br \/>\nT\u0259k kamera il\u0259 iki f\u0259rqli sah\u0259y\u0259 n\u0259zar\u0259t<br \/>\nU\u015faq, ya\u015fl\u0131 v\u0259 ev heyvanlar\u0131na paralel bax\u0131\u015f<br \/>\nEv v\u0259 ofisl\u0259r \u00fc\u00e7\u00fcn pe\u015f\u0259kar t\u0259hl\u00fck\u0259sizlik h\u0259lli<br \/>\n\u0130stifad\u0259 sah\u0259l\u0259ri<br \/>\nEv v\u0259 m\u0259nzil t\u0259hl\u00fck\u0259sizliyi<br \/>\nOfis v\u0259 ma\u011fazalar<br \/>\nU\u015faq ota\u011f\u0131 v\u0259 ya\u015fl\u0131 n\u0259zar\u0259ti<\/p>\n","protected":false},"excerpt":{"rendered":"<p>CS-H7c Pro 4MP+4MP EZVIZ brendin\u0259 m\u0259xsus, iki obyektivli (dual lens) a\u011f\u0131ll\u0131 daxili m\u00fc\u015fahid\u0259 kameras\u0131. Bu model daha geni\u015f n\u0259zar\u0259t v\u0259 y\u00fcks\u0259k g\u00f6r\u00fcnt\u00fc keyfiyy\u0259ti \u00fc\u00e7\u00fcn n\u0259z\u0259rd\u0259 tutulub. \u2714\u018fsas x\u00fcsusiyy\u0259tl\u0259r \u0130ki kamera \u2013 4MP + 4MP (\u00fcmumilikd\u0259 8MP) Eyni anda iki f\u0259rqli bucaqdan y\u00fcks\u0259k keyfiyy\u0259tli g\u00f6r\u00fcnt\u00fc 360\u00b0 panoramik bax\u0131\u015f F\u0131rlanma funksiyas\u0131 il\u0259 kor n\u00f6qt\u0259siz m\u00fc\u015fahid\u0259 A\u011f\u0131ll\u0131 insan&hellip;<\/p>\n","protected":false},"featured_media":20652,"comment_status":"open","ping_status":"closed","template":"","meta":[],"product_cat":[5310,2803,3067,2841],"product_tag":[4960,5372,3053,5371,4954,3290,3044,3298,3058,2938,2929],"class_list":{"0":"post-20651","1":"product","2":"type-product","3":"status-publish","4":"has-post-thumbnail","6":"product_cat-ezviz","7":"product_cat-ip","8":"product_cat-musahid-kamerasi","9":"product_cat-videonzart","10":"product_tag-360drc","11":"product_tag-4mpplus4mp","12":"product_tag-agillikamera","13":"product_tag-csh7cpro","14":"product_tag-duallens","15":"product_tag-evthluksizliyi","16":"product_tag-ezviz","17":"product_tag-gecgorm","18":"product_tag-musahidkamerasi","19":"product_tag-smarthome","20":"product_tag-wifikamera","21":"description-off","23":"first","24":"instock","25":"shipping-taxable","26":"purchasable","27":"product-type-simple"},"_links":{"self":[{"href":"https:\/\/setap.az\/index.php?rest_route=\/wp\/v2\/product\/20651","targetHints":{"allow":["GET"]}}],"collection":[{"href":"https:\/\/setap.az\/index.php?rest_route=\/wp\/v2\/product"}],"about":[{"href":"https:\/\/setap.az\/index.php?rest_route=\/wp\/v2\/types\/product"}],"replies":[{"embeddable":true,"href":"https:\/\/setap.az\/index.php?rest_route=%2Fwp%2Fv2%2Fcomments&post=20651"}],"wp:featuredmedia":[{"embeddable":true,"href":"https:\/\/setap.az\/index.php?rest_route=\/wp\/v2\/media\/20652"}],"wp:attachment":[{"href":"https:\/\/setap.az\/index.php?rest_route=%2Fwp%2Fv2%2Fmedia&parent=20651"}],"wp:term":[{"taxonomy":"product_cat","embeddable":true,"href":"https:\/\/setap.az\/index.php?rest_route=%2Fwp%2Fv2%2Fproduct_cat&post=20651"},{"taxonomy":"product_tag","embeddable":true,"href":"https:\/\/setap.az\/index.php?rest_route=%2Fwp%2Fv2%2Fproduct_tag&post=20651"}],"curies":[{"name":"wp","href":"https:\/\/api.w.org\/{rel}","templated":true}]}}