{"id":20653,"date":"2026-02-05T11:51:27","date_gmt":"2026-02-05T07:51:27","guid":{"rendered":"https:\/\/setap.az\/?post_type=product&#038;p=20653"},"modified":"2026-02-05T11:51:27","modified_gmt":"2026-02-05T07:51:27","slug":"ezviz-cs-h6-3k-5mp-ip-musahid%c9%99-kamerasi","status":"publish","type":"product","link":"https:\/\/setap.az\/?product=ezviz-cs-h6-3k-5mp-ip-musahid%c9%99-kamerasi","title":{"rendered":"EZVIZ  CS-H6 3K 5MP IP M\u00fc\u015fahid\u0259 Kameras\u0131"},"content":{"rendered":"<p>CS-H6 3K 5MP EZVIZ daxili a\u011f\u0131ll\u0131 m\u00fc\u015fahid\u0259 kameras\u0131.<br \/>\n3K g\u00f6r\u00fcnt\u00fc keyfiyy\u0259ti il\u0259 detallar\u0131 daha ayd\u0131n g\u00f6st\u0259rir v\u0259 ev t\u0259hl\u00fck\u0259sizliyi \u00fc\u00e7\u00fcn ideal se\u00e7imdir.<br \/>\n\u2714\u018fsas x\u00fcsusiyy\u0259tl\u0259r<br \/>\n5 MP 3K g\u00f6r\u00fcnt\u00fc (t\u0259xmin\u0259n 2880\u00d71620) \u2013 ultra ayd\u0131n v\u0259 detall\u0131 g\u00f6r\u00fcnt\u00fc<br \/>\n360\u00b0 panoramik bax\u0131\u015f \u2013 \u00fcf\u00fcqi v\u0259 \u015faquli f\u0131rlanma il\u0259 tam n\u0259zar\u0259t<br \/>\nA\u011f\u0131ll\u0131 insan a\u015fkarlanmas\u0131 v\u0259 avtomatik izl\u0259m\u0259<br \/>\nR\u0259ngli v\u0259 infraq\u0131rm\u0131z\u0131 gec\u0259g\u00f6rm\u0259<br \/>\n\u0130ki t\u0259r\u0259fli s\u0259s \u2013 dan\u0131\u015f\u0131q v\u0259 dinl\u0259m\u0259 imkan\u0131<br \/>\nH\u0259r\u0259k\u0259t bildiri\u015fl\u0259ri \u2013 mobil telefona ani x\u0259b\u0259rdarl\u0131q<br \/>\nWi-Fi ba\u011flant\u0131s\u0131 v\u0259 EZVIZ t\u0259tbiqi il\u0259 uzaqdan idar\u0259etm\u0259<br \/>\nYadda\u015f d\u0259st\u0259yi \u2013 microSD kart (256 GB-a q\u0259d\u0259r) v\u0259 bulud yadda\u015f\u0131<br \/>\nM\u0259xfilik rejimi \u2013 \u015f\u0259xsi anlar \u00fc\u00e7\u00fcn kamera gizl\u0259dil\u0259 bilir<br \/>\n\u2714\u0130stifad\u0259 sah\u0259l\u0259ri<br \/>\nEv v\u0259 m\u0259nzil t\u0259hl\u00fck\u0259sizliyi<br \/>\nU\u015faq v\u0259 ya\u015fl\u0131 n\u0259zar\u0259ti<br \/>\nOfis v\u0259 i\u015f otaqlar\u0131<\/p>\n","protected":false},"excerpt":{"rendered":"<p>CS-H6 3K 5MP EZVIZ daxili a\u011f\u0131ll\u0131 m\u00fc\u015fahid\u0259 kameras\u0131. 3K g\u00f6r\u00fcnt\u00fc keyfiyy\u0259ti il\u0259 detallar\u0131 daha ayd\u0131n g\u00f6st\u0259rir v\u0259 ev t\u0259hl\u00fck\u0259sizliyi \u00fc\u00e7\u00fcn ideal se\u00e7imdir. \u2714\u018fsas x\u00fcsusiyy\u0259tl\u0259r 5 MP 3K g\u00f6r\u00fcnt\u00fc (t\u0259xmin\u0259n 2880\u00d71620) \u2013 ultra ayd\u0131n v\u0259 detall\u0131 g\u00f6r\u00fcnt\u00fc 360\u00b0 panoramik bax\u0131\u015f \u2013 \u00fcf\u00fcqi v\u0259 \u015faquli f\u0131rlanma il\u0259 tam n\u0259zar\u0259t A\u011f\u0131ll\u0131 insan a\u015fkarlanmas\u0131 v\u0259 avtomatik izl\u0259m\u0259 R\u0259ngli v\u0259&hellip;<\/p>\n","protected":false},"featured_media":20654,"comment_status":"open","ping_status":"closed","template":"","meta":[],"product_cat":[5310,2803,3067,2841],"product_tag":[4960,5178,4740,3053,5373,5374,3290,3044,3298,3058,2929],"class_list":{"0":"post-20653","1":"product","2":"type-product","3":"status-publish","4":"has-post-thumbnail","6":"product_cat-ezviz","7":"product_cat-ip","8":"product_cat-musahid-kamerasi","9":"product_cat-videonzart","10":"product_tag-360drc","11":"product_tag-3kkamera","12":"product_tag-5mp","13":"product_tag-agillikamera","14":"product_tag-csh6","15":"product_tag-csh63k","16":"product_tag-evthluksizliyi","17":"product_tag-ezviz","18":"product_tag-gecgorm","19":"product_tag-musahidkamerasi","20":"product_tag-wifikamera","21":"description-off","23":"first","24":"instock","25":"shipping-taxable","26":"purchasable","27":"product-type-simple"},"_links":{"self":[{"href":"https:\/\/setap.az\/index.php?rest_route=\/wp\/v2\/product\/20653","targetHints":{"allow":["GET"]}}],"collection":[{"href":"https:\/\/setap.az\/index.php?rest_route=\/wp\/v2\/product"}],"about":[{"href":"https:\/\/setap.az\/index.php?rest_route=\/wp\/v2\/types\/product"}],"replies":[{"embeddable":true,"href":"https:\/\/setap.az\/index.php?rest_route=%2Fwp%2Fv2%2Fcomments&post=20653"}],"wp:featuredmedia":[{"embeddable":true,"href":"https:\/\/setap.az\/index.php?rest_route=\/wp\/v2\/media\/20654"}],"wp:attachment":[{"href":"https:\/\/setap.az\/index.php?rest_route=%2Fwp%2Fv2%2Fmedia&parent=20653"}],"wp:term":[{"taxonomy":"product_cat","embeddable":true,"href":"https:\/\/setap.az\/index.php?rest_route=%2Fwp%2Fv2%2Fproduct_cat&post=20653"},{"taxonomy":"product_tag","embeddable":true,"href":"https:\/\/setap.az\/index.php?rest_route=%2Fwp%2Fv2%2Fproduct_tag&post=20653"}],"curies":[{"name":"wp","href":"https:\/\/api.w.org\/{rel}","templated":true}]}}