{"id":20655,"date":"2026-02-05T12:33:57","date_gmt":"2026-02-05T08:33:57","guid":{"rendered":"https:\/\/setap.az\/?post_type=product&#038;p=20655"},"modified":"2026-02-05T12:33:57","modified_gmt":"2026-02-05T08:33:57","slug":"ezviz-cs-h4-2k-3mp-ip-wifi-kamera","status":"publish","type":"product","link":"https:\/\/setap.az\/?product=ezviz-cs-h4-2k-3mp-ip-wifi-kamera","title":{"rendered":"Ezviz CS-H4 2K 3MP IP WiFi Kamera"},"content":{"rendered":"<p>\u2714Ezviz CS-H4 2K 3MP IP WiFi Kamera<br \/>\nVideo Keyfiyy\u0259ti: 2K (2560\u00d71440) \u2013 Ultra ayd\u0131n g\u00f6r\u00fcnt\u00fc il\u0259 detallar\u0131n rahat g\u00f6r\u00fcnm\u0259si<br \/>\nSensor: 3MP y\u00fcks\u0259k keyfiyy\u0259tli CMOS sensor<br \/>\n\u018flaq\u0259: WiFi \u2013 simsiz ba\u011flant\u0131 il\u0259 asan qura\u015fd\u0131rma v\u0259 uzaqdan idar\u0259etm\u0259<br \/>\nGec\u0259 G\u00f6rm\u0259: IR LED gec\u0259 g\u00f6rm\u0259 funksiyas\u0131 il\u0259 tam qaranl\u0131qda da g\u00f6r\u00fcnt\u00fc t\u0259min edir (10\u201330 metr aral\u0131\u011f\u0131nda)<br \/>\nS\u0259s: \u0130ki t\u0259r\u0259fli audio (mikrofon v\u0259 dinamik) \u2013 kamera il\u0259 s\u0259sli \u00fcnsiyy\u0259t m\u00fcmk\u00fcnd\u00fcr<br \/>\nQura\u015fd\u0131rma: Sad\u0259 plug-and-play sistemi \u2013 divar v\u0259 ya tavan montaj\u0131 \u00fc\u00e7\u00fcn ideal<br \/>\nMobil Uy\u011funluq: Smartfon v\u0259 tablet \u00fcz\u0259rind\u0259n real vaxt izl\u0259m\u0259 v\u0259 idar\u0259etm\u0259<br \/>\nYadda\u015f: MikroSD kart d\u0259st\u0259yi (128 GB q\u0259d\u0259r) v\u0259 bulud saxlama opsiyas\u0131<br \/>\n\u2714\u018flav\u0259 X\u00fcsusiyy\u0259tl\u0259r:<br \/>\nH\u0259r\u0259k\u0259t a\u015fkarlama v\u0259 bildiri\u015f funksiyas\u0131<br \/>\nSuya v\u0259 toza davaml\u0131 (IP65)<br \/>\nEnerji s\u0259m\u0259r\u0259li v\u0259 sabit i\u015fl\u0259m\u0259<\/p>\n","protected":false},"excerpt":{"rendered":"<p>\u2714Ezviz CS-H4 2K 3MP IP WiFi Kamera Video Keyfiyy\u0259ti: 2K (2560\u00d71440) \u2013 Ultra ayd\u0131n g\u00f6r\u00fcnt\u00fc il\u0259 detallar\u0131n rahat g\u00f6r\u00fcnm\u0259si Sensor: 3MP y\u00fcks\u0259k keyfiyy\u0259tli CMOS sensor \u018flaq\u0259: WiFi \u2013 simsiz ba\u011flant\u0131 il\u0259 asan qura\u015fd\u0131rma v\u0259 uzaqdan idar\u0259etm\u0259 Gec\u0259 G\u00f6rm\u0259: IR LED gec\u0259 g\u00f6rm\u0259 funksiyas\u0131 il\u0259 tam qaranl\u0131qda da g\u00f6r\u00fcnt\u00fc t\u0259min edir (10\u201330 metr aral\u0131\u011f\u0131nda) S\u0259s: \u0130ki&hellip;<\/p>\n","protected":false},"featured_media":20656,"comment_status":"open","ping_status":"closed","template":"","meta":[],"product_cat":[5310,2803,3067,2841,2862],"product_tag":[4747,4769,3298,3286,3264,3773,3046,5092,3544,5375,5376],"class_list":{"0":"post-20655","1":"product","2":"type-product","3":"status-publish","4":"has-post-thumbnail","6":"product_cat-ezviz","7":"product_cat-ip","8":"product_cat-musahid-kamerasi","9":"product_cat-videonzart","10":"product_cat-wifi-kameralar","11":"product_tag-2k","12":"product_tag-3mp","13":"product_tag-gecgorm","14":"product_tag-hrktaskarlama","15":"product_tag-ikitrfliss","16":"product_tag-ip65","17":"product_tag-kamera","18":"product_tag-setapaz","19":"product_tag-wifi","20":"product_tag-cs-h4","21":"product_tag-irled","22":"description-off","24":"first","25":"instock","26":"shipping-taxable","27":"purchasable","28":"product-type-simple"},"_links":{"self":[{"href":"https:\/\/setap.az\/index.php?rest_route=\/wp\/v2\/product\/20655","targetHints":{"allow":["GET"]}}],"collection":[{"href":"https:\/\/setap.az\/index.php?rest_route=\/wp\/v2\/product"}],"about":[{"href":"https:\/\/setap.az\/index.php?rest_route=\/wp\/v2\/types\/product"}],"replies":[{"embeddable":true,"href":"https:\/\/setap.az\/index.php?rest_route=%2Fwp%2Fv2%2Fcomments&post=20655"}],"wp:featuredmedia":[{"embeddable":true,"href":"https:\/\/setap.az\/index.php?rest_route=\/wp\/v2\/media\/20656"}],"wp:attachment":[{"href":"https:\/\/setap.az\/index.php?rest_route=%2Fwp%2Fv2%2Fmedia&parent=20655"}],"wp:term":[{"taxonomy":"product_cat","embeddable":true,"href":"https:\/\/setap.az\/index.php?rest_route=%2Fwp%2Fv2%2Fproduct_cat&post=20655"},{"taxonomy":"product_tag","embeddable":true,"href":"https:\/\/setap.az\/index.php?rest_route=%2Fwp%2Fv2%2Fproduct_tag&post=20655"}],"curies":[{"name":"wp","href":"https:\/\/api.w.org\/{rel}","templated":true}]}}