{"id":20659,"date":"2026-02-05T14:12:09","date_gmt":"2026-02-05T10:12:09","guid":{"rendered":"https:\/\/setap.az\/?post_type=product&#038;p=20659"},"modified":"2026-02-05T14:55:39","modified_gmt":"2026-02-05T10:55:39","slug":"cs-cb2-2mp-bl-wifi-ip-t%c9%99hluk%c9%99sizlik-kamera","status":"publish","type":"product","link":"https:\/\/setap.az\/?product=cs-cb2-2mp-bl-wifi-ip-t%c9%99hluk%c9%99sizlik-kamera","title":{"rendered":"Ezviz CS-CB2 2MP BL WiFi IP T\u0259hl\u00fck\u0259sizlik Kamera"},"content":{"rendered":"<p>CS-CB2 2MP WiFi IP T\u0259hl\u00fck\u0259sizlik Kamera <\/p>\n<p>Video Keyfiyy\u0259ti: 2MP (Full HD 1920\u00d71080) \u2013 ayd\u0131n, keyfiyy\u0259tli v\u0259 detall\u0131 g\u00f6r\u00fcnt\u00fc t\u0259min edir<br \/>\nSensor: 2MP CMOS sensor \u2013 y\u00fcks\u0259k h\u0259ssasl\u0131q v\u0259 d\u0259qiqlik<br \/>\n\u018flaq\u0259 v\u0259 Qura\u015fd\u0131rma:<br \/>\nWiFi d\u0259st\u0259yi il\u0259 simsiz qura\u015fd\u0131rma<br \/>\nPlug-and-play sistemi, divar v\u0259 ya tavan montaj\u0131 \u00fc\u00e7\u00fcn ideal<br \/>\nUzaqdan idar\u0259etm\u0259 smartfon v\u0259 tablet \u00fcz\u0259rind\u0259n<br \/>\nGec\u0259 G\u00f6rm\u0259:<br \/>\nIR LED gec\u0259 g\u00f6rm\u0259 funksiyas\u0131<br \/>\nT\u0259xmin\u0259n 10\u201320 metr m\u0259saf\u0259d\u0259 qaranl\u0131qda bel\u0259 g\u00f6r\u00fcnt\u00fc t\u0259min edir<br \/>\nGec\u0259 v\u0259 g\u00fcnd\u00fcz avtomatik ke\u00e7id<br \/>\nS\u0259s v\u0259 \u00dcnsiyy\u0259t:<br \/>\n\u0130ki t\u0259r\u0259fli audio (mikrofon v\u0259 dinamik)<br \/>\nKamera il\u0259 real vaxt s\u0259sli \u00fcnsiyy\u0259t<br \/>\nYadda\u015f v\u0259 Saxlama:<br \/>\nMikroSD kart d\u0259st\u0259yi (512 GB q\u0259d\u0259r)<br \/>\nBulud saxlama opsiyas\u0131 m\u00f6vcuddur<br \/>\n\u2714\u018flav\u0259 X\u00fcsusiyy\u0259tl\u0259r:<br \/>\nH\u0259r\u0259k\u0259t a\u015fkarlama v\u0259 bildiri\u015f funksiyas\u0131<br \/>\nSuya v\u0259 toza davaml\u0131l\u0131q (IP65)<br \/>\nEnerji s\u0259m\u0259r\u0259li v\u0259 davaml\u0131 i\u015fl\u0259m\u0259<br \/>\nMobil t\u0259tbiq il\u0259 asan idar\u0259etm\u0259<br \/>\n\u2714T\u0259tbiq Sah\u0259l\u0259ri:<br \/>\nEv v\u0259 ofis t\u0259hl\u00fck\u0259sizliyi<br \/>\nMa\u011faza, anbar v\u0259 ictimai yerl\u0259rin monitorinqi<br \/>\nH\u0259r zaman v\u0259 h\u0259r yerd\u0259n uzaqdan n\u0259zar\u0259t<\/p>\n","protected":false},"excerpt":{"rendered":"<p>CS-CB2 2MP WiFi IP T\u0259hl\u00fck\u0259sizlik Kamera Video Keyfiyy\u0259ti: 2MP (Full HD 1920\u00d71080) \u2013 ayd\u0131n, keyfiyy\u0259tli v\u0259 detall\u0131 g\u00f6r\u00fcnt\u00fc t\u0259min edir Sensor: 2MP CMOS sensor \u2013 y\u00fcks\u0259k h\u0259ssasl\u0131q v\u0259 d\u0259qiqlik \u018flaq\u0259 v\u0259 Qura\u015fd\u0131rma: WiFi d\u0259st\u0259yi il\u0259 simsiz qura\u015fd\u0131rma Plug-and-play sistemi, divar v\u0259 ya tavan montaj\u0131 \u00fc\u00e7\u00fcn ideal Uzaqdan idar\u0259etm\u0259 smartfon v\u0259 tablet \u00fcz\u0259rind\u0259n Gec\u0259 G\u00f6rm\u0259: IR&hellip;<\/p>\n","protected":false},"featured_media":20660,"comment_status":"open","ping_status":"closed","template":"","meta":[],"product_cat":[5310,2803,5271,2841,2862],"product_tag":[4724,5380,5379,3298,3286,3264,3773,3046,5092,3142,3544,5376],"class_list":{"0":"post-20659","1":"product","2":"type-product","3":"status-publish","4":"has-post-thumbnail","6":"product_cat-ezviz","7":"product_cat-ip","8":"product_cat-thluksizlik-kamerasi","9":"product_cat-videonzart","10":"product_cat-wifi-kameralar","11":"product_tag-2mp","12":"product_tag-bl","13":"product_tag-cscb2","14":"product_tag-gecgorm","15":"product_tag-hrktaskarlama","16":"product_tag-ikitrfliss","17":"product_tag-ip65","18":"product_tag-kamera","19":"product_tag-setapaz","20":"product_tag-thluksizlik","21":"product_tag-wifi","22":"product_tag-irled","23":"description-off","25":"first","26":"instock","27":"shipping-taxable","28":"purchasable","29":"product-type-simple"},"_links":{"self":[{"href":"https:\/\/setap.az\/index.php?rest_route=\/wp\/v2\/product\/20659","targetHints":{"allow":["GET"]}}],"collection":[{"href":"https:\/\/setap.az\/index.php?rest_route=\/wp\/v2\/product"}],"about":[{"href":"https:\/\/setap.az\/index.php?rest_route=\/wp\/v2\/types\/product"}],"replies":[{"embeddable":true,"href":"https:\/\/setap.az\/index.php?rest_route=%2Fwp%2Fv2%2Fcomments&post=20659"}],"wp:featuredmedia":[{"embeddable":true,"href":"https:\/\/setap.az\/index.php?rest_route=\/wp\/v2\/media\/20660"}],"wp:attachment":[{"href":"https:\/\/setap.az\/index.php?rest_route=%2Fwp%2Fv2%2Fmedia&parent=20659"}],"wp:term":[{"taxonomy":"product_cat","embeddable":true,"href":"https:\/\/setap.az\/index.php?rest_route=%2Fwp%2Fv2%2Fproduct_cat&post=20659"},{"taxonomy":"product_tag","embeddable":true,"href":"https:\/\/setap.az\/index.php?rest_route=%2Fwp%2Fv2%2Fproduct_tag&post=20659"}],"curies":[{"name":"wp","href":"https:\/\/api.w.org\/{rel}","templated":true}]}}