{"id":20661,"date":"2026-02-05T14:22:08","date_gmt":"2026-02-05T10:22:08","guid":{"rendered":"https:\/\/setap.az\/?post_type=product&#038;p=20661"},"modified":"2026-02-05T14:22:10","modified_gmt":"2026-02-05T10:22:10","slug":"ezviz-cs-bm1-2mp-blue-ip-wifi-t%c9%99hluk%c9%99sizlik-kamera","status":"publish","type":"product","link":"https:\/\/setap.az\/?product=ezviz-cs-bm1-2mp-blue-ip-wifi-t%c9%99hluk%c9%99sizlik-kamera","title":{"rendered":"Ezviz CS-BM1 2MP BLUE IP WiFi T\u0259hl\u00fck\u0259sizlik Kamera"},"content":{"rendered":"<p>Ezviz CS-BM1 2MP BLUE IP WiFi T\u0259hl\u00fck\u0259sizlik Kamera<br \/>\n\u00c7\u00f6z\u00fcn\u00fcrl\u00fck: 2MP (Full HD 1920\u00d71080)<br \/>\nSensor: 2MP CMOS sensor<br \/>\nAyd\u0131n, stabil v\u0259 detall\u0131 g\u00f6r\u00fcnt\u00fc t\u0259min edir<br \/>\n\u018flaq\u0259 v\u0259 Qura\u015fd\u0131rma<br \/>\nWiFi d\u0259st\u0259yi \u2013 tam simsiz istifad\u0259<br \/>\nAsan plug-and-play qura\u015fd\u0131rma<br \/>\nDivar, masa v\u0259 ya tavan \u00fcz\u0259rind\u0259 istifad\u0259 \u00fc\u00e7\u00fcn uy\u011fundur<br \/>\nMobil t\u0259tbiq vasit\u0259sil\u0259 uzaqdan idar\u0259etm\u0259<br \/>\nGec\u0259 G\u00f6rm\u0259<br \/>\nIR LED gec\u0259 g\u00f6rm\u0259 texnologiyas\u0131<br \/>\nQaranl\u0131qda avtomatik gec\u0259 rejimi<br \/>\nT\u0259xmin\u0259n 10\u201315 metr m\u0259saf\u0259y\u0259 q\u0259d\u0259r gec\u0259 g\u00f6r\u00fcnt\u00fcs\u00fc<br \/>\nS\u0259s Funksiyas\u0131<br \/>\n\u0130ki t\u0259r\u0259fli audio<br \/>\nDaxili mikrofon v\u0259 dinamik<br \/>\nYadda\u015f v\u0259 Saxlama<br \/>\nMicroSD kart d\u0259st\u0259yi 512 GB-a q\u0259d\u0259r<br \/>\nBulud yadda\u015f se\u00e7imi (modeld\u0259n as\u0131l\u0131 olaraq)<br \/>\n\u018flav\u0259 X\u00fcsusiyy\u0259tl\u0259r<br \/>\nH\u0259r\u0259k\u0259t a\u015fkarlama v\u0259 ani bildiri\u015fl\u0259r<br \/>\nEv, u\u015faq ota\u011f\u0131, ofis v\u0259 ma\u011faza \u00fc\u00e7\u00fcn uy\u011fundur<br \/>\n\u0130stifad\u0259 Sah\u0259l\u0259ri<br \/>\nEv v\u0259 m\u0259nzil t\u0259hl\u00fck\u0259sizliyi<br \/>\nOfis v\u0259 ma\u011fazalar<br \/>\nU\u015faq v\u0259 ya\u015fl\u0131 n\u0259zar\u0259ti<\/p>\n","protected":false},"excerpt":{"rendered":"<p>Ezviz CS-BM1 2MP BLUE IP WiFi T\u0259hl\u00fck\u0259sizlik Kamera \u00c7\u00f6z\u00fcn\u00fcrl\u00fck: 2MP (Full HD 1920\u00d71080) Sensor: 2MP CMOS sensor Ayd\u0131n, stabil v\u0259 detall\u0131 g\u00f6r\u00fcnt\u00fc t\u0259min edir \u018flaq\u0259 v\u0259 Qura\u015fd\u0131rma WiFi d\u0259st\u0259yi \u2013 tam simsiz istifad\u0259 Asan plug-and-play qura\u015fd\u0131rma Divar, masa v\u0259 ya tavan \u00fcz\u0259rind\u0259 istifad\u0259 \u00fc\u00e7\u00fcn uy\u011fundur Mobil t\u0259tbiq vasit\u0259sil\u0259 uzaqdan idar\u0259etm\u0259 Gec\u0259 G\u00f6rm\u0259 IR LED gec\u0259&hellip;<\/p>\n","protected":false},"featured_media":20662,"comment_status":"open","ping_status":"closed","template":"","meta":[],"product_cat":[5310,2803,5271,2841,2862],"product_tag":[4724,5382,5381,3298,3286,3264,3046,5092,3142,3544,5376],"class_list":{"0":"post-20661","1":"product","2":"type-product","3":"status-publish","4":"has-post-thumbnail","6":"product_cat-ezviz","7":"product_cat-ip","8":"product_cat-thluksizlik-kamerasi","9":"product_cat-videonzart","10":"product_cat-wifi-kameralar","11":"product_tag-2mp","12":"product_tag-blue","13":"product_tag-csbm1","14":"product_tag-gecgorm","15":"product_tag-hrktaskarlama","16":"product_tag-ikitrfliss","17":"product_tag-kamera","18":"product_tag-setapaz","19":"product_tag-thluksizlik","20":"product_tag-wifi","21":"product_tag-irled","22":"description-off","24":"first","25":"instock","26":"shipping-taxable","27":"purchasable","28":"product-type-simple"},"_links":{"self":[{"href":"https:\/\/setap.az\/index.php?rest_route=\/wp\/v2\/product\/20661","targetHints":{"allow":["GET"]}}],"collection":[{"href":"https:\/\/setap.az\/index.php?rest_route=\/wp\/v2\/product"}],"about":[{"href":"https:\/\/setap.az\/index.php?rest_route=\/wp\/v2\/types\/product"}],"replies":[{"embeddable":true,"href":"https:\/\/setap.az\/index.php?rest_route=%2Fwp%2Fv2%2Fcomments&post=20661"}],"wp:featuredmedia":[{"embeddable":true,"href":"https:\/\/setap.az\/index.php?rest_route=\/wp\/v2\/media\/20662"}],"wp:attachment":[{"href":"https:\/\/setap.az\/index.php?rest_route=%2Fwp%2Fv2%2Fmedia&parent=20661"}],"wp:term":[{"taxonomy":"product_cat","embeddable":true,"href":"https:\/\/setap.az\/index.php?rest_route=%2Fwp%2Fv2%2Fproduct_cat&post=20661"},{"taxonomy":"product_tag","embeddable":true,"href":"https:\/\/setap.az\/index.php?rest_route=%2Fwp%2Fv2%2Fproduct_tag&post=20661"}],"curies":[{"name":"wp","href":"https:\/\/api.w.org\/{rel}","templated":true}]}}