{"id":20671,"date":"2026-02-05T15:00:38","date_gmt":"2026-02-05T11:00:38","guid":{"rendered":"https:\/\/setap.az\/?post_type=product&#038;p=20671"},"modified":"2026-02-05T15:00:39","modified_gmt":"2026-02-05T11:00:39","slug":"ezviz-cs-h8-3k-5mp-ip-wifi-t%c9%99hluk%c9%99sizlik-kamera","status":"publish","type":"product","link":"https:\/\/setap.az\/?product=ezviz-cs-h8-3k-5mp-ip-wifi-t%c9%99hluk%c9%99sizlik-kamera","title":{"rendered":"Ezviz CS-H8 3K 5MP IP WiFi T\u0259hl\u00fck\u0259sizlik Kamera"},"content":{"rendered":"<p>Ezviz CS-H8 3K 5MP IP WiFi T\u0259hl\u00fck\u0259sizlik Kamera <\/p>\n<p>\u2714\u018fsas X\u00fcsusiyy\u0259tl\u0259r<br \/>\n3K video keyfiyy\u0259ti: G\u00fcnd\u00fcz v\u0259 gec\u0259 \u015f\u0259raitind\u0259 ayd\u0131n v\u0259 detall\u0131 g\u00f6r\u00fcnt\u00fc<br \/>\nIR gec\u0259 g\u00f6rm\u0259: 12 metr\u0259 q\u0259d\u0259r gec\u0259 g\u00f6r\u00fcnt\u00fcl\u0259m\u0259 imkan\u0131<br \/>\nH\u0259r\u0259k\u0259t a\u015fkarlama: PIR sensor v\u0259 insan formas\u0131 tan\u0131ma alqoritmi il\u0259 d\u0259qiq bildiri\u015fl\u0259r<br \/>\n\u0130ki t\u0259r\u0259fli audio: Daxili mikrofon v\u0259 dinamik il\u0259 real vaxt s\u0259sli \u00fcnsiyy\u0259t<br \/>\nBatareya \u00f6mr\u00fc: 2,000 mAh batareya il\u0259 uzun m\u00fcdd\u0259tli simsiz f\u0259aliyy\u0259t (model\u0259 g\u00f6r\u0259 d\u0259yi\u015f\u0259 bil\u0259r)<br \/>\n360\u00b0 t\u0259nziml\u0259n\u0259 bil\u0259n maqnit baza: M\u00fcxt\u0259lif s\u0259thl\u0259r\u0259 asan yerl\u0259\u015fdirm\u0259 imkan\u0131<br \/>\nSaxlama imkanlar\u0131: 512 GB-a q\u0259d\u0259r microSD kart v\u0259 bulud saxlama d\u0259st\u0259yi<br \/>\nS\u0259sli k\u00f6m\u0259k\u00e7il\u0259rl\u0259 inteqrasiya: Google Assistant v\u0259 Amazon Alexa il\u0259 uy\u011funluq<br \/>\nH.265 video kompressiyas\u0131: Daha az yadda\u015f istifad\u0259 ed\u0259r\u0259k y\u00fcks\u0259k keyfiyy\u0259tli video<br \/>\n\u2714Texniki G\u00f6st\u0259ricil\u0259r<br \/>\nSensor: 1\/2.8\u201d 5MP CMOS<br \/>\nLens: 2.8 mm @ F2.0<br \/>\nG\u00f6r\u00fc\u015f buca\u011f\u0131: 115\u00b0 diaqonal, 95\u00b0 horizontal, 52\u00b0 vertikal<br \/>\n\u015e\u0259b\u0259k\u0259: 2.4 GHz Wi-Fi (IEEE802.11b\/g\/n)<br \/>\n\u018fm\u0259liyyat temperaturu: -10\u00b0C-d\u0259n +50\u00b0C-y\u0259 q\u0259d\u0259r<br \/>\nEnerji t\u0259chizat\u0131: DC 5V\/1.5A (ayr\u0131ca al\u0131n\u0131r)<br \/>\nQura\u015fd\u0131rma: M\u00f6hk\u0259m maqnit baza, ist\u0259nil\u0259n s\u0259th\u0259 yap\u0131\u015fd\u0131r\u0131la bil\u0259r<\/p>\n","protected":false},"excerpt":{"rendered":"<p>Ezviz CS-H8 3K 5MP IP WiFi T\u0259hl\u00fck\u0259sizlik Kamera \u2714\u018fsas X\u00fcsusiyy\u0259tl\u0259r 3K video keyfiyy\u0259ti: G\u00fcnd\u00fcz v\u0259 gec\u0259 \u015f\u0259raitind\u0259 ayd\u0131n v\u0259 detall\u0131 g\u00f6r\u00fcnt\u00fc IR gec\u0259 g\u00f6rm\u0259: 12 metr\u0259 q\u0259d\u0259r gec\u0259 g\u00f6r\u00fcnt\u00fcl\u0259m\u0259 imkan\u0131 H\u0259r\u0259k\u0259t a\u015fkarlama: PIR sensor v\u0259 insan formas\u0131 tan\u0131ma alqoritmi il\u0259 d\u0259qiq bildiri\u015fl\u0259r \u0130ki t\u0259r\u0259fli audio: Daxili mikrofon v\u0259 dinamik il\u0259 real vaxt s\u0259sli \u00fcnsiyy\u0259t Batareya&hellip;<\/p>\n","protected":false},"featured_media":20672,"comment_status":"open","ping_status":"closed","template":"","meta":[],"product_cat":[5310,2803,5271,2841,2862],"product_tag":[5202,5384,4740,5386,3298,3286,3264,3046,5092,3142,3544,5376],"class_list":{"0":"post-20671","1":"product","2":"type-product","3":"status-publish","4":"has-post-thumbnail","6":"product_cat-ezviz","7":"product_cat-ip","8":"product_cat-thluksizlik-kamerasi","9":"product_cat-videonzart","10":"product_cat-wifi-kameralar","11":"product_tag-3k","12":"product_tag-512gb","13":"product_tag-5mp","14":"product_tag-csh8","15":"product_tag-gecgorm","16":"product_tag-hrktaskarlama","17":"product_tag-ikitrfliss","18":"product_tag-kamera","19":"product_tag-setapaz","20":"product_tag-thluksizlik","21":"product_tag-wifi","22":"product_tag-irled","23":"description-off","25":"first","26":"instock","27":"shipping-taxable","28":"purchasable","29":"product-type-simple"},"_links":{"self":[{"href":"https:\/\/setap.az\/index.php?rest_route=\/wp\/v2\/product\/20671","targetHints":{"allow":["GET"]}}],"collection":[{"href":"https:\/\/setap.az\/index.php?rest_route=\/wp\/v2\/product"}],"about":[{"href":"https:\/\/setap.az\/index.php?rest_route=\/wp\/v2\/types\/product"}],"replies":[{"embeddable":true,"href":"https:\/\/setap.az\/index.php?rest_route=%2Fwp%2Fv2%2Fcomments&post=20671"}],"wp:featuredmedia":[{"embeddable":true,"href":"https:\/\/setap.az\/index.php?rest_route=\/wp\/v2\/media\/20672"}],"wp:attachment":[{"href":"https:\/\/setap.az\/index.php?rest_route=%2Fwp%2Fv2%2Fmedia&parent=20671"}],"wp:term":[{"taxonomy":"product_cat","embeddable":true,"href":"https:\/\/setap.az\/index.php?rest_route=%2Fwp%2Fv2%2Fproduct_cat&post=20671"},{"taxonomy":"product_tag","embeddable":true,"href":"https:\/\/setap.az\/index.php?rest_route=%2Fwp%2Fv2%2Fproduct_tag&post=20671"}],"curies":[{"name":"wp","href":"https:\/\/api.w.org\/{rel}","templated":true}]}}