{"id":20690,"date":"2026-02-05T17:18:29","date_gmt":"2026-02-05T13:18:29","guid":{"rendered":"https:\/\/setap.az\/?post_type=product&#038;p=20690"},"modified":"2026-02-05T17:18:29","modified_gmt":"2026-02-05T13:18:29","slug":"ezviz-cs-hp2-2mp-ip-agilli-video-domofon","status":"publish","type":"product","link":"https:\/\/setap.az\/?product=ezviz-cs-hp2-2mp-ip-agilli-video-domofon","title":{"rendered":"EZVIZ CS-HP2 2MP IP A\u011f\u0131ll\u0131 Video Domofon"},"content":{"rendered":"<p>EZVIZ CS-HP2 2MP IP A\u011f\u0131ll\u0131 Video Domofon<br \/>\n\u2714\u018fsas X\u00fcsusiyy\u0259tl\u0259r<br \/>\n1080p Full HD IP video keyfiyy\u0259ti: G\u00fcnd\u00fcz v\u0259 gec\u0259 \u015f\u0259raitind\u0259 ayd\u0131n v\u0259 detall\u0131 g\u00f6r\u00fcnt\u00fc<br \/>\nIR gec\u0259 g\u00f6rm\u0259: 5\u201310 metr m\u0259saf\u0259d\u0259 qaranl\u0131qda da ayd\u0131n g\u00f6r\u00fcnt\u00fc<br \/>\n\u0130ki t\u0259r\u0259fli audio: Daxili mikrofon v\u0259 dinamik il\u0259 qap\u0131dan dan\u0131\u015f\u0131q imkan\u0131<br \/>\nH\u0259r\u0259k\u0259t a\u015fkarlama: Qonaq v\u0259 ya h\u0259r\u0259k\u0259t a\u015fkarland\u0131\u011f\u0131nda telefonuna x\u0259b\u0259rdarl\u0131q g\u00f6nd\u0259rir<br \/>\nUzaqdan idar\u0259etm\u0259: Wi-Fi \u00fcz\u0259rind\u0259n mobil t\u0259tbiq vasit\u0259sil\u0259 g\u00f6r\u00fcnt\u00fcn\u00fc izl\u0259m\u0259 v\u0259 qonaqlarla dan\u0131\u015fma<br \/>\nQura\u015fd\u0131rma rahatl\u0131\u011f\u0131: Divara v\u0259 ya qap\u0131 yan\u0131na asanl\u0131qla yerl\u0259\u015fdiril\u0259 bil\u0259r<br \/>\nSaxlama imkanlar\u0131: MicroSD kart d\u0259st\u0259yi il\u0259 g\u00f6r\u00fcnt\u00fcl\u0259ri qeyd etm\u0259 (512 GB-a q\u0259d\u0259r)<br \/>\n\u2714Texniki G\u00f6st\u0259ricil\u0259r<br \/>\nSensor: 1\/3\u201d 2MP CMOS<br \/>\nLens: 2.8 mm<br \/>\nG\u00f6r\u00fc\u015f buca\u011f\u0131: 110\u00b0 diaqonal, 100\u00b0 horizontal<br \/>\n\u015e\u0259b\u0259k\u0259: 2.4 GHz Wi-Fi (IEEE802.11b\/g\/n) + IP protokolu<br \/>\n\u018fm\u0259liyyat temperaturu: -10\u00b0C-d\u0259n +45\u00b0C-y\u0259 q\u0259d\u0259r<br \/>\nEnerji t\u0259chizat\u0131: DC 5V\/1A<br \/>\nQura\u015fd\u0131rma: Divara v\u0259 qap\u0131 yan\u0131na montaj \u00fc\u00e7\u00fcn uy\u011fun<\/p>\n","protected":false},"excerpt":{"rendered":"<p>EZVIZ CS-HP2 2MP IP A\u011f\u0131ll\u0131 Video Domofon \u2714\u018fsas X\u00fcsusiyy\u0259tl\u0259r 1080p Full HD IP video keyfiyy\u0259ti: G\u00fcnd\u00fcz v\u0259 gec\u0259 \u015f\u0259raitind\u0259 ayd\u0131n v\u0259 detall\u0131 g\u00f6r\u00fcnt\u00fc IR gec\u0259 g\u00f6rm\u0259: 5\u201310 metr m\u0259saf\u0259d\u0259 qaranl\u0131qda da ayd\u0131n g\u00f6r\u00fcnt\u00fc \u0130ki t\u0259r\u0259fli audio: Daxili mikrofon v\u0259 dinamik il\u0259 qap\u0131dan dan\u0131\u015f\u0131q imkan\u0131 H\u0259r\u0259k\u0259t a\u015fkarlama: Qonaq v\u0259 ya h\u0259r\u0259k\u0259t a\u015fkarland\u0131\u011f\u0131nda telefonuna x\u0259b\u0259rdarl\u0131q g\u00f6nd\u0259rir Uzaqdan&hellip;<\/p>\n","protected":false},"featured_media":20691,"comment_status":"open","ping_status":"closed","template":"","meta":[],"product_cat":[4154,5310,2803],"product_tag":[4724,5384,5396,4197,3044,3298,3286,3264,5397,3046,5209,5092,3142,3768,3544,5376],"class_list":{"0":"post-20690","1":"product","2":"type-product","3":"status-publish","4":"has-post-thumbnail","6":"product_cat-domofonlar-v-qapi-znglri","7":"product_cat-ezviz","8":"product_cat-ip","9":"product_tag-2mp","10":"product_tag-512gb","11":"product_tag-cshp2","12":"product_tag-evqorunmasi","13":"product_tag-ezviz","14":"product_tag-gecgorm","15":"product_tag-hrktaskarlama","16":"product_tag-ikitrfliss","17":"product_tag-ip","18":"product_tag-kamera","19":"product_tag-microsd","20":"product_tag-setapaz","21":"product_tag-thluksizlik","22":"product_tag-videodomofon","23":"product_tag-wifi","24":"product_tag-irled","25":"description-off","27":"first","28":"instock","29":"shipping-taxable","30":"purchasable","31":"product-type-simple"},"_links":{"self":[{"href":"https:\/\/setap.az\/index.php?rest_route=\/wp\/v2\/product\/20690","targetHints":{"allow":["GET"]}}],"collection":[{"href":"https:\/\/setap.az\/index.php?rest_route=\/wp\/v2\/product"}],"about":[{"href":"https:\/\/setap.az\/index.php?rest_route=\/wp\/v2\/types\/product"}],"replies":[{"embeddable":true,"href":"https:\/\/setap.az\/index.php?rest_route=%2Fwp%2Fv2%2Fcomments&post=20690"}],"wp:featuredmedia":[{"embeddable":true,"href":"https:\/\/setap.az\/index.php?rest_route=\/wp\/v2\/media\/20691"}],"wp:attachment":[{"href":"https:\/\/setap.az\/index.php?rest_route=%2Fwp%2Fv2%2Fmedia&parent=20690"}],"wp:term":[{"taxonomy":"product_cat","embeddable":true,"href":"https:\/\/setap.az\/index.php?rest_route=%2Fwp%2Fv2%2Fproduct_cat&post=20690"},{"taxonomy":"product_tag","embeddable":true,"href":"https:\/\/setap.az\/index.php?rest_route=%2Fwp%2Fv2%2Fproduct_tag&post=20690"}],"curies":[{"name":"wp","href":"https:\/\/api.w.org\/{rel}","templated":true}]}}