{"id":20693,"date":"2026-02-05T17:30:22","date_gmt":"2026-02-05T13:30:22","guid":{"rendered":"https:\/\/setap.az\/?post_type=product&#038;p=20693"},"modified":"2026-02-05T17:30:22","modified_gmt":"2026-02-05T13:30:22","slug":"ezviz-cs%e2%80%91hp5-2mp-ip-agilli-video-domofon","status":"publish","type":"product","link":"https:\/\/setap.az\/?product=ezviz-cs%e2%80%91hp5-2mp-ip-agilli-video-domofon","title":{"rendered":"EZVIZ CS\u2011HP5 2MP IP A\u011f\u0131ll\u0131 Video Domofon"},"content":{"rendered":"<p>EZVIZ CS\u2011HP5 2MP IP A\u011f\u0131ll\u0131 Video Domofon<br \/>\n\u2714\u018fsas X\u00fcsusiyy\u0259tl\u0259r<br \/>\n1080p Full HD IP video keyfiyy\u0259ti: G\u00fcnd\u00fcz v\u0259 gec\u0259 \u015f\u0259raitind\u0259 ayd\u0131n v\u0259 detall\u0131 g\u00f6r\u00fcnt\u00fc<br \/>\nIR gec\u0259 g\u00f6rm\u0259: 7\u201310 metr\u0259 q\u0259d\u0259r gec\u0259 \u015f\u0259raitind\u0259 g\u00f6r\u00fcnt\u00fcl\u0259m\u0259 imkan\u0131<br \/>\n\u0130ki t\u0259r\u0259fli audio: Real vaxt s\u0259sli \u00fcnsiyy\u0259t \u00fc\u00e7\u00fcn daxili mikrofon v\u0259 dinamik<br \/>\nA\u011f\u0131ll\u0131 h\u0259r\u0259k\u0259t a\u015fkarlama: H\u0259r\u0259k\u0259t olduqda telefon t\u0259tbiqi vasit\u0259sil\u0259 x\u0259b\u0259rdarl\u0131q<br \/>\nUzaqdan idar\u0259etm\u0259: Wi\u2011Fi \u00fcz\u0259rind\u0259n mobil t\u0259tbiql\u0259 g\u00f6r\u00fcnt\u00fcy\u0259 baxma v\u0259 dan\u0131\u015f\u0131q<br \/>\nSad\u0259 qura\u015fd\u0131rma: Divara v\u0259 ya qap\u0131 yax\u0131nl\u0131\u011f\u0131na rahat montaj<br \/>\nSaxlama imkanlar\u0131: MicroSD kart d\u0259st\u0259yi il\u0259 video qeyd (512\u202fGB\u2011a q\u0259d\u0259r d\u0259st\u0259k)<br \/>\n\u2714Texniki G\u00f6st\u0259ricil\u0259r<br \/>\nSensor: 1\/3\u201d 2MP CMOS<br \/>\nLens: 2.8\u202fmm<br \/>\nG\u00f6r\u00fc\u015f buca\u011f\u0131: 110\u00b0 diaqonal, 100\u00b0 horizontal<br \/>\n\u015e\u0259b\u0259k\u0259: 2.4\u202fGHz Wi\u2011Fi (IEEE802.11b\/g\/n) + IP protokolu<br \/>\n\u018fm\u0259liyyat temperaturu: \u201110\u00b0C\u2011d\u0259n +45\u00b0C\u2011y\u0259 q\u0259d\u0259r<br \/>\nEnerji t\u0259chizat\u0131: DC\u202f5V\/1A<br \/>\nQura\u015fd\u0131rma: Divar v\u0259 qap\u0131 yan\u0131na montaj \u00fc\u00e7\u00fcn uy\u011fundur<\/p>\n","protected":false},"excerpt":{"rendered":"<p>EZVIZ CS\u2011HP5 2MP IP A\u011f\u0131ll\u0131 Video Domofon \u2714\u018fsas X\u00fcsusiyy\u0259tl\u0259r 1080p Full HD IP video keyfiyy\u0259ti: G\u00fcnd\u00fcz v\u0259 gec\u0259 \u015f\u0259raitind\u0259 ayd\u0131n v\u0259 detall\u0131 g\u00f6r\u00fcnt\u00fc IR gec\u0259 g\u00f6rm\u0259: 7\u201310 metr\u0259 q\u0259d\u0259r gec\u0259 \u015f\u0259raitind\u0259 g\u00f6r\u00fcnt\u00fcl\u0259m\u0259 imkan\u0131 \u0130ki t\u0259r\u0259fli audio: Real vaxt s\u0259sli \u00fcnsiyy\u0259t \u00fc\u00e7\u00fcn daxili mikrofon v\u0259 dinamik A\u011f\u0131ll\u0131 h\u0259r\u0259k\u0259t a\u015fkarlama: H\u0259r\u0259k\u0259t olduqda telefon t\u0259tbiqi vasit\u0259sil\u0259 x\u0259b\u0259rdarl\u0131q Uzaqdan&hellip;<\/p>\n","protected":false},"featured_media":20694,"comment_status":"open","ping_status":"closed","template":"","meta":[],"product_cat":[4154,5310],"product_tag":[4724,5398,4197,3044,3298,3286,3264,5397,5209,5092,3768,3544],"class_list":{"0":"post-20693","1":"product","2":"type-product","3":"status-publish","4":"has-post-thumbnail","6":"product_cat-domofonlar-v-qapi-znglri","7":"product_cat-ezviz","8":"product_tag-2mp","9":"product_tag-cshp5","10":"product_tag-evqorunmasi","11":"product_tag-ezviz","12":"product_tag-gecgorm","13":"product_tag-hrktaskarlama","14":"product_tag-ikitrfliss","15":"product_tag-ip","16":"product_tag-microsd","17":"product_tag-setapaz","18":"product_tag-videodomofon","19":"product_tag-wifi","20":"description-off","22":"first","23":"instock","24":"shipping-taxable","25":"purchasable","26":"product-type-simple"},"_links":{"self":[{"href":"https:\/\/setap.az\/index.php?rest_route=\/wp\/v2\/product\/20693","targetHints":{"allow":["GET"]}}],"collection":[{"href":"https:\/\/setap.az\/index.php?rest_route=\/wp\/v2\/product"}],"about":[{"href":"https:\/\/setap.az\/index.php?rest_route=\/wp\/v2\/types\/product"}],"replies":[{"embeddable":true,"href":"https:\/\/setap.az\/index.php?rest_route=%2Fwp%2Fv2%2Fcomments&post=20693"}],"wp:featuredmedia":[{"embeddable":true,"href":"https:\/\/setap.az\/index.php?rest_route=\/wp\/v2\/media\/20694"}],"wp:attachment":[{"href":"https:\/\/setap.az\/index.php?rest_route=%2Fwp%2Fv2%2Fmedia&parent=20693"}],"wp:term":[{"taxonomy":"product_cat","embeddable":true,"href":"https:\/\/setap.az\/index.php?rest_route=%2Fwp%2Fv2%2Fproduct_cat&post=20693"},{"taxonomy":"product_tag","embeddable":true,"href":"https:\/\/setap.az\/index.php?rest_route=%2Fwp%2Fv2%2Fproduct_tag&post=20693"}],"curies":[{"name":"wp","href":"https:\/\/api.w.org\/{rel}","templated":true}]}}