{"id":20695,"date":"2026-02-06T09:39:16","date_gmt":"2026-02-06T05:39:16","guid":{"rendered":"https:\/\/setap.az\/?post_type=product&#038;p=20695"},"modified":"2026-02-06T09:39:16","modified_gmt":"2026-02-06T05:39:16","slug":"ezviz-cs-hp7-pro-4k-6mp-ip-agilli-video-domofon","status":"publish","type":"product","link":"https:\/\/setap.az\/?product=ezviz-cs-hp7-pro-4k-6mp-ip-agilli-video-domofon","title":{"rendered":"EZVIZ CS-HP7 Pro 4K 6MP IP A\u011f\u0131ll\u0131 Video Domofon"},"content":{"rendered":"<p>EZVIZ CS-HP7 Pro 4K 6MP IP A\u011f\u0131ll\u0131 Video Domofon<br \/>\nGiri\u015f qap\u0131s\u0131 v\u0259 darvazalar \u00fc\u00e7\u00fcn pe\u015f\u0259kar m\u00fc\u015fahid\u0259 v\u0259 giri\u015f\u0259 n\u0259zar\u0259t sistemi<br \/>\n\u018fsas X\u00fcsusiyy\u0259tl\u0259r<br \/>\n4K 6MP r\u0259ngli gec\u0259 g\u00f6r\u00fcnt\u00fcs\u00fc: Gec\u0259 vaxt\u0131 da tam r\u0259ngli v\u0259 ultra ayd\u0131n g\u00f6r\u00fcnt\u00fc<br \/>\n158\u00b0 \u015faquli bax\u0131\u015f sah\u0259si: Giri\u015f zonas\u0131n\u0131 tam \u0259hat\u0259 ed\u0259n geni\u015f g\u00f6r\u00fcnt\u00fc<br \/>\n8 d\u00fcym r\u0259ngli sensor ekran: Daxili monitor \u00fcz\u0259rind\u0259n canl\u0131 bax\u0131\u015f v\u0259 idar\u0259etm\u0259<br \/>\nOvu\u00e7 damar tan\u0131ma il\u0259 qap\u0131 a\u00e7ma: Y\u00fcks\u0259k t\u0259hl\u00fck\u0259sizlikli biometrik giri\u015f<br \/>\n\u00dcz tan\u0131ma texnologiyas\u0131: S\u00fcr\u0259tli v\u0259 kontakts\u0131z qap\u0131 a\u00e7ma imkan\u0131<br \/>\n\u0130ki t\u0259r\u0259fli dan\u0131\u015f\u0131q: Daxili mikrofon v\u0259 dinamik il\u0259 real vaxt \u00fcnsiyy\u0259t<br \/>\n\u0130nsan \/ h\u0259r\u0259k\u0259t a\u015fkarlanmas\u0131: A\u011f\u0131ll\u0131 analiz, bildiri\u015f g\u00f6nd\u0259rilm\u0259si v\u0259 arxiv\u0259 yazma<br \/>\nQura\u015fd\u0131r\u0131lm\u0131\u015f elektron qap\u0131 z\u0259ngi: \u018flav\u0259 z\u0259ng\u0259 ehtiyac yoxdur<br \/>\nUzaqdan qap\u0131 v\u0259 darvaza kilidinin a\u00e7\u0131lmas\u0131: Mobil t\u0259tbiq \u00fcz\u0259rind\u0259n tam n\u0259zar\u0259t<br \/>\nSmart RFID a\u00e7arlar: Daxilind\u0259 3 \u0259d\u0259d RFID kart\/\u00e7arx<br \/>\nYadda\u015f d\u0259st\u0259yi: microSD kart \u2013 512 GB-d\u0259k + bulud yadda\u015f<br \/>\nWi-Fi IP ba\u011flant\u0131: Mobil telefonla uzaqdan izl\u0259m\u0259 v\u0259 idar\u0259etm\u0259<br \/>\nG\u00f6rm\u0259 v\u0259 T\u0259hl\u00fck\u0259sizlik<br \/>\nGec\u0259 g\u00f6rm\u0259: R\u018fNGL\u0130 (spotlight texnologiyas\u0131)<br \/>\nGec\u0259 g\u00f6r\u00fcnt\u00fc m\u0259saf\u0259si: ~10\u201312 metr<br \/>\nVideo s\u0131x\u0131lma: H.265 (az yadda\u015f, y\u00fcks\u0259k keyfiyy\u0259t)<\/p>\n","protected":false},"excerpt":{"rendered":"<p>EZVIZ CS-HP7 Pro 4K 6MP IP A\u011f\u0131ll\u0131 Video Domofon Giri\u015f qap\u0131s\u0131 v\u0259 darvazalar \u00fc\u00e7\u00fcn pe\u015f\u0259kar m\u00fc\u015fahid\u0259 v\u0259 giri\u015f\u0259 n\u0259zar\u0259t sistemi \u018fsas X\u00fcsusiyy\u0259tl\u0259r 4K 6MP r\u0259ngli gec\u0259 g\u00f6r\u00fcnt\u00fcs\u00fc: Gec\u0259 vaxt\u0131 da tam r\u0259ngli v\u0259 ultra ayd\u0131n g\u00f6r\u00fcnt\u00fc 158\u00b0 \u015faquli bax\u0131\u015f sah\u0259si: Giri\u015f zonas\u0131n\u0131 tam \u0259hat\u0259 ed\u0259n geni\u015f g\u00f6r\u00fcnt\u00fc 8 d\u00fcym r\u0259ngli sensor ekran: Daxili monitor \u00fcz\u0259rind\u0259n&hellip;<\/p>\n","protected":false},"featured_media":20696,"comment_status":"open","ping_status":"closed","template":"","meta":[],"product_cat":[4154,5310],"product_tag":[5400,5081,5384,5265,3000,5399,5402,3044,5404,3264,4092,3726,5403,5092,5401],"class_list":{"0":"post-20695","1":"product","2":"type-product","3":"status-publish","4":"has-post-thumbnail","6":"product_cat-domofonlar-v-qapi-znglri","7":"product_cat-ezviz","8":"product_tag-158drc","9":"product_tag-4k","10":"product_tag-512gb","11":"product_tag-6mp","12":"product_tag-agilliev","13":"product_tag-cshp7pro","14":"product_tag-damartanima","15":"product_tag-ezviz","16":"product_tag-hrktaskarlanma","17":"product_tag-ikitrfliss","18":"product_tag-ipvideodomofon","19":"product_tag-rngligecgoruntusu","20":"product_tag-rfid","21":"product_tag-setapaz","22":"product_tag-uztanima","23":"description-off","25":"first","26":"instock","27":"shipping-taxable","28":"purchasable","29":"product-type-simple"},"_links":{"self":[{"href":"https:\/\/setap.az\/index.php?rest_route=\/wp\/v2\/product\/20695","targetHints":{"allow":["GET"]}}],"collection":[{"href":"https:\/\/setap.az\/index.php?rest_route=\/wp\/v2\/product"}],"about":[{"href":"https:\/\/setap.az\/index.php?rest_route=\/wp\/v2\/types\/product"}],"replies":[{"embeddable":true,"href":"https:\/\/setap.az\/index.php?rest_route=%2Fwp%2Fv2%2Fcomments&post=20695"}],"wp:featuredmedia":[{"embeddable":true,"href":"https:\/\/setap.az\/index.php?rest_route=\/wp\/v2\/media\/20696"}],"wp:attachment":[{"href":"https:\/\/setap.az\/index.php?rest_route=%2Fwp%2Fv2%2Fmedia&parent=20695"}],"wp:term":[{"taxonomy":"product_cat","embeddable":true,"href":"https:\/\/setap.az\/index.php?rest_route=%2Fwp%2Fv2%2Fproduct_cat&post=20695"},{"taxonomy":"product_tag","embeddable":true,"href":"https:\/\/setap.az\/index.php?rest_route=%2Fwp%2Fv2%2Fproduct_tag&post=20695"}],"curies":[{"name":"wp","href":"https:\/\/api.w.org\/{rel}","templated":true}]}}