{"id":20700,"date":"2026-02-06T11:08:35","date_gmt":"2026-02-06T07:08:35","guid":{"rendered":"https:\/\/setap.az\/?post_type=product&#038;p=20700"},"modified":"2026-02-06T11:08:36","modified_gmt":"2026-02-06T07:08:36","slug":"ezviz-cs-50fvs-2mp-agilli-video-qapi-kilidi","status":"publish","type":"product","link":"https:\/\/setap.az\/?product=ezviz-cs-50fvs-2mp-agilli-video-qapi-kilidi","title":{"rendered":"EZVIZ CS-50FVS 2MP A\u011f\u0131ll\u0131 Video Qap\u0131 Kilidi"},"content":{"rendered":"<p>EZVIZ CS-50FVS 2MP A\u011f\u0131ll\u0131 Video Qap\u0131 Kilidi<br \/>\n\u2714\u018fsas X\u00fcsusiyy\u0259tl\u0259r<br \/>\n2MP kamera g\u00f6r\u00fcnt\u00fcs\u00fc: Qap\u0131 \u00f6n\u00fcnd\u0259 ba\u015f ver\u0259nl\u0259ri ayd\u0131n v\u0259 detall\u0131 izl\u0259m\u0259<br \/>\n4 d\u00fcym r\u0259ngli IPS ekran: Kilid \u00fcz\u0259rind\u0259n canl\u0131 g\u00f6r\u00fcnt\u00fcy\u0259 bax\u0131\u015f imkan\u0131<br \/>\nEZVIZ t\u0259tbiqi il\u0259 idar\u0259etm\u0259: Mobil telefon vasit\u0259sil\u0259 uzaqdan n\u0259zar\u0259t<br \/>\nDual-Lens texnologiyas\u0131: Daha d\u0259qiq v\u0259 s\u00fcr\u0259tli \u00fcz tan\u0131ma (Face Recognition)<br \/>\nCanl\u0131 mobil bildiri\u015fl\u0259r: H\u0259r\u0259k\u0259t v\u0259 giri\u015f zaman\u0131 ani x\u0259b\u0259rdarl\u0131qlar<br \/>\n6 N\u00f6v Kilidin A\u00e7\u0131lmas\u0131<br \/>\n\u00dcz tan\u0131ma<br \/>\nBarmaq izi<br \/>\nBluetooth a\u00e7ar<br \/>\n\u015eifr\u0259 (kod)<br \/>\nEZVIZ mobil t\u0259tbiqi<br \/>\nMexaniki a\u00e7ar<br \/>\nQonaqlar \u00fc\u00e7\u00fcn m\u00fcv\u0259qq\u0259ti kodlar: M\u00fc\u0259yy\u0259n vaxt aral\u0131\u011f\u0131 \u00fc\u00e7\u00fcn giri\u015f icaz\u0259si<br \/>\nElektron qap\u0131 z\u0259ngi: Daxili z\u0259ng funksiyas\u0131<br \/>\nEnerji v\u0259 T\u0259hl\u00fck\u0259sizlik<br \/>\n5000 mAh litium batareya: Uzunm\u00fcdd\u0259tli istifad\u0259<br \/>\n\u015earj x\u0259b\u0259rdarl\u0131q siqnal\u0131: Batareya azalanda x\u0259b\u0259rdarl\u0131q<br \/>\nTamper dat\u00e7ik: M\u00fcdaxil\u0259 zaman\u0131 siqnalizasiya aktivl\u0259\u015fir<br \/>\nK\u0259nar m\u00fcdaxil\u0259l\u0259r\u0259 qar\u015f\u0131 qoruma: Zorla a\u00e7\u0131lma c\u0259hdl\u0259rin\u0259 qar\u015f\u0131 t\u0259hl\u00fck\u0259sizlik<br \/>\nDaxili yadda\u015f: 8 GB<br \/>\nGiri\u015f-\u00e7\u0131x\u0131\u015f jurnal\u0131: B\u00fct\u00fcn h\u0259r\u0259k\u0259tl\u0259rin arxivl\u0259\u015fdirilm\u0259si<br \/>\nEZVIZ kameralar\u0131 il\u0259 a\u011f\u0131ll\u0131 inteqrasiya: Eyni t\u0259tbiqd\u0259n tam ekosistem idar\u0259si<br \/>\n\u0130stifad\u0259\u00e7i Tutumu<br \/>\n50 \u00fcz tan\u0131ma profili<br \/>\n50 barmaq izi<br \/>\n50 \u015fifr\u0259 (kod)<\/p>\n","protected":false},"excerpt":{"rendered":"<p>EZVIZ CS-50FVS 2MP A\u011f\u0131ll\u0131 Video Qap\u0131 Kilidi \u2714\u018fsas X\u00fcsusiyy\u0259tl\u0259r 2MP kamera g\u00f6r\u00fcnt\u00fcs\u00fc: Qap\u0131 \u00f6n\u00fcnd\u0259 ba\u015f ver\u0259nl\u0259ri ayd\u0131n v\u0259 detall\u0131 izl\u0259m\u0259 4 d\u00fcym r\u0259ngli IPS ekran: Kilid \u00fcz\u0259rind\u0259n canl\u0131 g\u00f6r\u00fcnt\u00fcy\u0259 bax\u0131\u015f imkan\u0131 EZVIZ t\u0259tbiqi il\u0259 idar\u0259etm\u0259: Mobil telefon vasit\u0259sil\u0259 uzaqdan n\u0259zar\u0259t Dual-Lens texnologiyas\u0131: Daha d\u0259qiq v\u0259 s\u00fcr\u0259tli \u00fcz tan\u0131ma (Face Recognition) Canl\u0131 mobil bildiri\u015fl\u0259r: H\u0259r\u0259k\u0259t v\u0259&hellip;<\/p>\n","protected":false},"featured_media":20701,"comment_status":"open","ping_status":"closed","template":"","meta":[],"product_cat":[2999,3482,5310],"product_tag":[5424,5427,3000,5420,5423,5419,4954,4150,3044,5425,5422,3049,5092,5426,5421],"class_list":{"0":"post-20700","1":"product","2":"type-product","3":"status-publish","4":"has-post-thumbnail","6":"product_cat-agilli-ev","7":"product_cat-agilli-qapi-kilidi","8":"product_cat-ezviz","9":"product_tag-4inchips","10":"product_tag-5000mah","11":"product_tag-agilliev","12":"product_tag-agillikilid","13":"product_tag-barmaqizi","14":"product_tag-cs50fvs","15":"product_tag-duallens","16":"product_tag-elektronzng","17":"product_tag-ezviz","18":"product_tag-ezvizapp","19":"product_tag-facerecognition","20":"product_tag-ipkamera","21":"product_tag-setapaz","22":"product_tag-tampersensor","23":"product_tag-videoqapikilidi","24":"description-off","26":"first","27":"instock","28":"shipping-taxable","29":"purchasable","30":"product-type-simple"},"_links":{"self":[{"href":"https:\/\/setap.az\/index.php?rest_route=\/wp\/v2\/product\/20700","targetHints":{"allow":["GET"]}}],"collection":[{"href":"https:\/\/setap.az\/index.php?rest_route=\/wp\/v2\/product"}],"about":[{"href":"https:\/\/setap.az\/index.php?rest_route=\/wp\/v2\/types\/product"}],"replies":[{"embeddable":true,"href":"https:\/\/setap.az\/index.php?rest_route=%2Fwp%2Fv2%2Fcomments&post=20700"}],"wp:featuredmedia":[{"embeddable":true,"href":"https:\/\/setap.az\/index.php?rest_route=\/wp\/v2\/media\/20701"}],"wp:attachment":[{"href":"https:\/\/setap.az\/index.php?rest_route=%2Fwp%2Fv2%2Fmedia&parent=20700"}],"wp:term":[{"taxonomy":"product_cat","embeddable":true,"href":"https:\/\/setap.az\/index.php?rest_route=%2Fwp%2Fv2%2Fproduct_cat&post=20700"},{"taxonomy":"product_tag","embeddable":true,"href":"https:\/\/setap.az\/index.php?rest_route=%2Fwp%2Fv2%2Fproduct_tag&post=20700"}],"curies":[{"name":"wp","href":"https:\/\/api.w.org\/{rel}","templated":true}]}}