{"id":20715,"date":"2026-02-11T13:26:13","date_gmt":"2026-02-11T09:26:13","guid":{"rendered":"https:\/\/setap.az\/?post_type=product&#038;p=20715"},"modified":"2026-02-11T13:26:13","modified_gmt":"2026-02-11T09:26:13","slug":"tplink-tapo-c520ws-4mp-ip-kamera","status":"publish","type":"product","link":"https:\/\/setap.az\/?product=tplink-tapo-c520ws-4mp-ip-kamera","title":{"rendered":"TPL\u0130NK Tapo C520WS  4MP IP Kamera"},"content":{"rendered":"<p>Model: Tapo C520WS Xarici Wi-Fi t\u0259hl\u00fck\u0259sizlik kameras\u0131 (panorama v\u0259 \u0259yilm\u0259)<br \/>\n\u2714 G\u00f6r\u00fcnt\u00fc keyfiyy\u0259ti: 2K QHD (2560 \u00d7 1440), 15 kadr\/s<br \/>\n\u2714 Linza: Sabit, F\/NO: 1.6, fokus m\u0259saf\u0259si: 3.18 mm<br \/>\n\u2714 Bax\u0131\u015f buca\u011f\u0131: 360\u00b0 \u00fcf\u00fcqi, 130\u00b0 \u015faquli<br \/>\n\u2714 Gec\u0259 g\u00f6r\u00fcnt\u00fcs\u00fc: R\u0259ngli 30 m-\u0259 q\u0259d\u0259r (iki proyektor), \u0130Q 30 m-\u0259 q\u0259d\u0259r (850 nm)<br \/>\n\u2714 Wi-Fi: 2.4 GHz, IEEE 802.11b\/g\/n<br \/>\n\u2714 Simli qo\u015fulma: Ethernet (RJ45)<br \/>\n\u2714 S\u0259s: \u0130kit\u0259r\u0259fli (daxili mikrofon v\u0259 dinamik)<br \/>\n\u2714 Yadda\u015f: MicroSD, 512 GB-a q\u0259d\u0259r (t\u0259xmin\u0259n 680 saat video)<br \/>\n\u2714 Funksiyalar: H\u0259r\u0259k\u0259t izl\u0259m\u0259, insan\/hayvan\/ma\u015f\u0131n tan\u0131ma, siren<br \/>\n\u2714 \u0130dar\u0259etm\u0259: Tapo t\u0259tbiqi (iOS, Android), Alexa, Google Assistant<br \/>\n\u2714 Qoruma: IP66 (suya v\u0259 toza davaml\u0131)<br \/>\n\u2714 T\u0259tbiq: Xarici monitorinq (h\u0259y\u0259t, qaraj, giri\u015f)<br \/>\n\u2714 \u0130\u015f temperaturu: -30\u00b0C il\u0259 +60\u00b0C aras\u0131nda<br \/>\n\u2714 \u00d6l\u00e7\u00fcl\u0259r: 123.8 \u00d7 123 \u00d7 90 mm<br \/>\n\u2714 \u00c7\u0259ki: 0.76 kq (adapter v\u0259 montajla)<br \/>\n\u2714 R\u0259ngli gec\u0259 g\u00f6r\u00fc\u015f\u00fc say\u0259sinde qaranl\u0131qda bel\u0259 canl\u0131 r\u0259ngl\u0259ril\u0259 g\u00f6r\u00fcnt\u00fcl\u0259m\u0259<br \/>\n\u2714 H\u0259r\u0259k\u0259t alg\u0131lama v\u0259 an\u0131nda telefonunuza bildirim g\u00f6nd\u0259rm\u0259<\/p>\n","protected":false},"excerpt":{"rendered":"<p>Model: Tapo C520WS Xarici Wi-Fi t\u0259hl\u00fck\u0259sizlik kameras\u0131 (panorama v\u0259 \u0259yilm\u0259) \u2714 G\u00f6r\u00fcnt\u00fc keyfiyy\u0259ti: 2K QHD (2560 \u00d7 1440), 15 kadr\/s \u2714 Linza: Sabit, F\/NO: 1.6, fokus m\u0259saf\u0259si: 3.18 mm \u2714 Bax\u0131\u015f buca\u011f\u0131: 360\u00b0 \u00fcf\u00fcqi, 130\u00b0 \u015faquli \u2714 Gec\u0259 g\u00f6r\u00fcnt\u00fcs\u00fc: R\u0259ngli 30 m-\u0259 q\u0259d\u0259r (iki proyektor), \u0130Q 30 m-\u0259 q\u0259d\u0259r (850 nm) \u2714 Wi-Fi: 2.4 GHz,&hellip;<\/p>\n","protected":false},"featured_media":20716,"comment_status":"open","ping_status":"closed","template":"","meta":[],"product_cat":[2803,4088,2841,2862],"product_tag":[5439],"class_list":{"0":"post-20715","1":"product","2":"type-product","3":"status-publish","4":"has-post-thumbnail","6":"product_cat-ip","7":"product_cat-tp-link","8":"product_cat-videonzart","9":"product_cat-wifi-kameralar","10":"product_tag-tplinktapoc520wsguvenlikwifikameraevguvnliyi-2kqhdgecegorusu","11":"description-off","13":"first","14":"instock","15":"shipping-taxable","16":"purchasable","17":"product-type-simple"},"_links":{"self":[{"href":"https:\/\/setap.az\/index.php?rest_route=\/wp\/v2\/product\/20715","targetHints":{"allow":["GET"]}}],"collection":[{"href":"https:\/\/setap.az\/index.php?rest_route=\/wp\/v2\/product"}],"about":[{"href":"https:\/\/setap.az\/index.php?rest_route=\/wp\/v2\/types\/product"}],"replies":[{"embeddable":true,"href":"https:\/\/setap.az\/index.php?rest_route=%2Fwp%2Fv2%2Fcomments&post=20715"}],"wp:featuredmedia":[{"embeddable":true,"href":"https:\/\/setap.az\/index.php?rest_route=\/wp\/v2\/media\/20716"}],"wp:attachment":[{"href":"https:\/\/setap.az\/index.php?rest_route=%2Fwp%2Fv2%2Fmedia&parent=20715"}],"wp:term":[{"taxonomy":"product_cat","embeddable":true,"href":"https:\/\/setap.az\/index.php?rest_route=%2Fwp%2Fv2%2Fproduct_cat&post=20715"},{"taxonomy":"product_tag","embeddable":true,"href":"https:\/\/setap.az\/index.php?rest_route=%2Fwp%2Fv2%2Fproduct_tag&post=20715"}],"curies":[{"name":"wp","href":"https:\/\/api.w.org\/{rel}","templated":true}]}}