{"id":20724,"date":"2026-02-17T16:32:25","date_gmt":"2026-02-17T12:32:25","guid":{"rendered":"https:\/\/setap.az\/?post_type=product&#038;p=20724"},"modified":"2026-02-17T16:32:33","modified_gmt":"2026-02-17T12:32:33","slug":"voltam-vm-32-fhd-va-32-monitor","status":"publish","type":"product","link":"https:\/\/setap.az\/?product=voltam-vm-32-fhd-va-32-monitor","title":{"rendered":"VOLTAM VM-32 FHD VA 32&#8243; Monitor"},"content":{"rendered":"<p>VOLTAM VM-32 FHD VA 32&#8243; Monitor<br \/>\n\u018fsas X\u00fcsusiyy\u0259tl\u0259r<br \/>\n\ud83d\udd39 Ekran \u00f6l\u00e7\u00fcs\u00fc: 32-d\u00fcym (82 sm)<br \/>\n\ud83d\udd39 \u00c7\u00f6z\u00fcn\u00fcrl\u00fck: FHD (1920\u00d71080) \u27a4 Full HD \u2014 ayd\u0131n v\u0259 k\u0259skin g\u00f6r\u00fcnt\u00fc<br \/>\n\ud83d\udd39 Panel tipi: VA (Vertical Alignment)<br \/>\n\u2003\u2003\u2022 D\u0259rin qara r\u0259ng<br \/>\n\u2003\u2003\u2022 Y\u00fcks\u0259k kontrast<br \/>\n\u2003\u2003\u2022 Geni\u015f bax\u0131\u015f buca\u011f\u0131<br \/>\n\ud83d\udd39 Giri\u015fl\u0259r:<br \/>\n\u2003\u2003\u2022 HDMI \u2013 m\u00fcasir cihazlarla uy\u011funluq<br \/>\n\u2003\u2003\u2022 VGA \u2013 k\u00f6hn\u0259 komp\u00fcterl\u0259r \u00fc\u00e7\u00fcn d\u0259st\u0259k<br \/>\n\u2003\u2003\u2022 (Model\u0259 g\u00f6r\u0259 \u0259lav\u0259 giri\u015fl\u0259r ola bil\u0259r)<br \/>\n\ud83d\udd39 Dinamikl\u0259r: B\u0259zi modell\u0259rd\u0259 daxili s\u0259s sistemi olur (\u0259g\u0259r varsa model t\u0259svirind\u0259 g\u00f6st\u0259rilir)<br \/>\n\ud83d\udd39 Uy\u011fun istifad\u0259 sah\u0259l\u0259ri:<br \/>\n\u2003\u2003\u2022 Komp\u00fcter monitoru<br \/>\n\u2003\u2003\u2022 Film v\u0259 serial izl\u0259m\u0259<br \/>\n\u2003\u2003\u2022 Office \/ i\u015f m\u0259rk\u0259zi<br \/>\n\u2003\u2003\u2022 T\u0259hl\u00fck\u0259sizlik kamera monitoru<br \/>\n\u2003\u2003\u2022 Ev v\u0259 ofis istifad\u0259si<\/p>\n","protected":false},"excerpt":{"rendered":"<p>VOLTAM VM-32 FHD VA 32&#8243; Monitor \u018fsas X\u00fcsusiyy\u0259tl\u0259r \ud83d\udd39 Ekran \u00f6l\u00e7\u00fcs\u00fc: 32-d\u00fcym (82 sm) \ud83d\udd39 \u00c7\u00f6z\u00fcn\u00fcrl\u00fck: FHD (1920\u00d71080) \u27a4 Full HD \u2014 ayd\u0131n v\u0259 k\u0259skin g\u00f6r\u00fcnt\u00fc \ud83d\udd39 Panel tipi: VA (Vertical Alignment) \u2003\u2003\u2022 D\u0259rin qara r\u0259ng \u2003\u2003\u2022 Y\u00fcks\u0259k kontrast \u2003\u2003\u2022 Geni\u015f bax\u0131\u015f buca\u011f\u0131 \ud83d\udd39 Giri\u015fl\u0259r: \u2003\u2003\u2022 HDMI \u2013 m\u00fcasir cihazlarla uy\u011funluq \u2003\u2003\u2022 VGA \u2013 k\u00f6hn\u0259&hellip;<\/p>\n","protected":false},"featured_media":20725,"comment_status":"open","ping_status":"closed","template":"","meta":[],"product_cat":[2846],"product_tag":[5448,5451,5449,5455,5085,5453,3093,5454,5092,5458,5457,5452,5456,5450,5447],"class_list":{"0":"post-20724","1":"product","2":"type-product","3":"status-publish","4":"has-post-thumbnail","6":"product_cat-monitorlar","7":"product_tag-32monitor","8":"product_tag-ekran","9":"product_tag-fhdmonitor","10":"product_tag-filmmonitor","11":"product_tag-fullhd","12":"product_tag-kompyutermonitor","13":"product_tag-monitor","14":"product_tag-oyunmonitor","15":"product_tag-setapaz","16":"product_tag-setaponline","17":"product_tag-setaptech","18":"product_tag-televizormonitor","19":"product_tag-thluksizlikmonitoru","20":"product_tag-vapanel","21":"product_tag-voltamvm32","22":"description-off","24":"first","25":"instock","26":"shipping-taxable","27":"purchasable","28":"product-type-simple"},"_links":{"self":[{"href":"https:\/\/setap.az\/index.php?rest_route=\/wp\/v2\/product\/20724","targetHints":{"allow":["GET"]}}],"collection":[{"href":"https:\/\/setap.az\/index.php?rest_route=\/wp\/v2\/product"}],"about":[{"href":"https:\/\/setap.az\/index.php?rest_route=\/wp\/v2\/types\/product"}],"replies":[{"embeddable":true,"href":"https:\/\/setap.az\/index.php?rest_route=%2Fwp%2Fv2%2Fcomments&post=20724"}],"wp:featuredmedia":[{"embeddable":true,"href":"https:\/\/setap.az\/index.php?rest_route=\/wp\/v2\/media\/20725"}],"wp:attachment":[{"href":"https:\/\/setap.az\/index.php?rest_route=%2Fwp%2Fv2%2Fmedia&parent=20724"}],"wp:term":[{"taxonomy":"product_cat","embeddable":true,"href":"https:\/\/setap.az\/index.php?rest_route=%2Fwp%2Fv2%2Fproduct_cat&post=20724"},{"taxonomy":"product_tag","embeddable":true,"href":"https:\/\/setap.az\/index.php?rest_route=%2Fwp%2Fv2%2Fproduct_tag&post=20724"}],"curies":[{"name":"wp","href":"https:\/\/api.w.org\/{rel}","templated":true}]}}