{"id":20726,"date":"2026-02-17T16:36:56","date_gmt":"2026-02-17T12:36:56","guid":{"rendered":"https:\/\/setap.az\/?post_type=product&#038;p=20726"},"modified":"2026-02-17T16:36:59","modified_gmt":"2026-02-17T12:36:59","slug":"dahua-27-monitor-dhi-lm27-b200s","status":"publish","type":"product","link":"https:\/\/setap.az\/?product=dahua-27-monitor-dhi-lm27-b200s","title":{"rendered":"Dahua 27&#8243; Monitor DHI-LM27-B200S"},"content":{"rendered":"<p>Model: Dahua DHI-LM27-B200S<br \/>\n Ekran \u00f6l\u00e7\u00fcs\u00fc: 27 d\u00fcym \u2013 geni\u015f v\u0259 rahat bax\u0131\u015f sah\u0259si<br \/>\n \u00c7\u00f6z\u00fcn\u00fcrl\u00fck: 1920 \u00d7 1080 (Full HD) \u2013 ayd\u0131n v\u0259 k\u0259skin g\u00f6r\u00fcnt\u00fc keyfiyy\u0259ti<br \/>\n Panel tipi: Ad\u0259t\u0259n IPS (In-Plane Switching) \u2013 geni\u015f bax\u0131\u015f buca\u011f\u0131 v\u0259 d\u00fczg\u00fcn r\u0259ng<br \/>\nGiri\u015fl\u0259r:<br \/>\n\u2022 HDMI \u2013 m\u00fcasir cihazlarla uy\u011fun<br \/>\n\u2022 VGA \u2013 k\u00f6hn\u0259 qur\u011fular \u00fc\u00e7\u00fcn uy\u011fun<br \/>\n\u2022 B\u0259zi modell\u0259rd\u0259 DisplayPort d\u0259 ola bil\u0259r (model\u0259 g\u00f6r\u0259)<br \/>\nT\u0259tbiq sah\u0259l\u0259ri:<br \/>\n\u2022 Komp\u00fcter monitoru<br \/>\n\u2022 T\u0259hl\u00fck\u0259sizlik kameras\u0131 monitorinqi<br \/>\n\u2022 Ofis \/ ev istifad\u0259si<br \/>\n\u2022 Film, video izl\u0259m\u0259<br \/>\n\u018fsas \u00dcst\u00fcnl\u00fckl\u0259r<br \/>\n\u2714\ufe0f Full HD \u2013 real v\u0259 t\u0259miz g\u00f6r\u00fcnt\u00fc<br \/>\n\u2714\ufe0f Geni\u015f bax\u0131\u015f buca\u011f\u0131 \u2013 ekrana m\u00fcxt\u0259lif bucaqlardan baxanda da r\u0259ngl\u0259r qorunur<br \/>\n\u2714\ufe0f Multimedia v\u0259 i\u015f \u00fc\u00e7\u00fcn uy\u011fun \u2013 oyun\/film\/i\u015f \u00fc\u00e7\u00fcn balansl\u0131 performans<br \/>\n\u2714\ufe0f T\u0259hl\u00fck\u0259sizlik sisteml\u0259rin\u0259 uy\u011fun \u2013 DVR\/NVR sisteml\u0259ri il\u0259 ideal kompatibil<\/p>\n","protected":false},"excerpt":{"rendered":"<p>Model: Dahua DHI-LM27-B200S Ekran \u00f6l\u00e7\u00fcs\u00fc: 27 d\u00fcym \u2013 geni\u015f v\u0259 rahat bax\u0131\u015f sah\u0259si \u00c7\u00f6z\u00fcn\u00fcrl\u00fck: 1920 \u00d7 1080 (Full HD) \u2013 ayd\u0131n v\u0259 k\u0259skin g\u00f6r\u00fcnt\u00fc keyfiyy\u0259ti Panel tipi: Ad\u0259t\u0259n IPS (In-Plane Switching) \u2013 geni\u015f bax\u0131\u015f buca\u011f\u0131 v\u0259 d\u00fczg\u00fcn r\u0259ng Giri\u015fl\u0259r: \u2022 HDMI \u2013 m\u00fcasir cihazlarla uy\u011fun \u2022 VGA \u2013 k\u00f6hn\u0259 qur\u011fular \u00fc\u00e7\u00fcn uy\u011fun \u2022 B\u0259zi modell\u0259rd\u0259&hellip;<\/p>\n","protected":false},"featured_media":20727,"comment_status":"open","ping_status":"closed","template":"","meta":[],"product_cat":[4086,2846],"product_tag":[5460,4123,5459,5451,5085,5461,5462,5463,5453,3093,5092,5458,5457,5456],"class_list":{"0":"post-20726","1":"product","2":"type-product","3":"status-publish","4":"has-post-thumbnail","6":"product_cat-dahua","7":"product_cat-monitorlar","8":"product_tag-27monitor","9":"product_tag-dahuamonitor","10":"product_tag-dhi_lm27_b200s","11":"product_tag-ekran","12":"product_tag-fullhd","13":"product_tag-hdmonitor","14":"product_tag-ipsmonitor","15":"product_tag-kameraekran","16":"product_tag-kompyutermonitor","17":"product_tag-monitor","18":"product_tag-setapaz","19":"product_tag-setaponline","20":"product_tag-setaptech","21":"product_tag-thluksizlikmonitoru","22":"description-off","24":"first","25":"instock","26":"shipping-taxable","27":"purchasable","28":"product-type-simple"},"_links":{"self":[{"href":"https:\/\/setap.az\/index.php?rest_route=\/wp\/v2\/product\/20726","targetHints":{"allow":["GET"]}}],"collection":[{"href":"https:\/\/setap.az\/index.php?rest_route=\/wp\/v2\/product"}],"about":[{"href":"https:\/\/setap.az\/index.php?rest_route=\/wp\/v2\/types\/product"}],"replies":[{"embeddable":true,"href":"https:\/\/setap.az\/index.php?rest_route=%2Fwp%2Fv2%2Fcomments&post=20726"}],"wp:featuredmedia":[{"embeddable":true,"href":"https:\/\/setap.az\/index.php?rest_route=\/wp\/v2\/media\/20727"}],"wp:attachment":[{"href":"https:\/\/setap.az\/index.php?rest_route=%2Fwp%2Fv2%2Fmedia&parent=20726"}],"wp:term":[{"taxonomy":"product_cat","embeddable":true,"href":"https:\/\/setap.az\/index.php?rest_route=%2Fwp%2Fv2%2Fproduct_cat&post=20726"},{"taxonomy":"product_tag","embeddable":true,"href":"https:\/\/setap.az\/index.php?rest_route=%2Fwp%2Fv2%2Fproduct_tag&post=20726"}],"curies":[{"name":"wp","href":"https:\/\/api.w.org\/{rel}","templated":true}]}}